{"id":143,"date":"2023-04-23T12:17:05","date_gmt":"2023-04-23T12:17:05","guid":{"rendered":"https:\/\/itclass.tdtu.edu.vn\/khmt2021clc02\/?page_id=143"},"modified":"2023-04-24T05:43:00","modified_gmt":"2023-04-24T05:43:00","slug":"gioi-thieu","status":"publish","type":"page","link":"https:\/\/itclass.tdtu.edu.vn\/khmt2021clc02\/gioi-thieu\/","title":{"rendered":"Gi\u1edbi Thi\u1ec7u"},"content":{"rendered":"\n<p>L\u1edbp 21H50302 K25 thu\u1ed9c khoa C\u00f4ng Ngh\u1ec7 Th\u00f4ng Tin, tr\u01b0\u1eddng \u0111\u1ea1i h\u1ecdc T\u00f4n \u0110\u1ee9c Th\u1eafng, C\u01a1 S\u1edf T\u00e2n Phong, Qu\u1eadn 7, TPHCM l\u00e0 m\u1ed9t l\u1edbp h\u1ecdc \u0111\u1ea7y n\u0103ng \u0111\u1ed9ng v\u00e0 ti\u1ec1m n\u0103ng. V\u1edbi s\u1ef1 h\u01b0\u1edbng d\u1eabn t\u1eadn t\u00e2m c\u1ee7a c\u00e1c gi\u1ea3ng vi\u00ean c\u00f3 kinh nghi\u1ec7m, h\u1ecdc sinh trong l\u1edbp n\u00e0y \u0111ang c\u00f3 c\u01a1 h\u1ed9i \u0111\u01b0\u1ee3c ti\u1ebfp c\u1eadn v\u1edbi c\u00e1c ki\u1ebfn th\u1ee9c v\u00e0 k\u1ef9 n\u0103ng li\u00ean quan \u0111\u1ebfn l\u0129nh v\u1ef1c c\u00f4ng ngh\u1ec7 th\u00f4ng tin.<\/p>\n\n\n\n<p>Gi\u00e1o Vi\u00ean Ch\u1ee7 Nhi\u1ec7m: Tr\u1ea7n L\u01b0\u01a1ng Qu\u1ed1c \u0110\u1ea1i<\/p>\n\n\n\n<p>L\u1edbp Tr\u01b0\u1edfng: Nguy\u1ec5n Gia M\u1ef9<\/p>\n\n\n\n<p>Nh\u00f3m Tr\u01b0\u1edfng: Phan Th\u00e0nh \u0110\u1ea1t<\/p>\n\n\n\n<p>Nh\u00f3m Tr\u01b0\u1edfng: Nguy\u1ec5n Ki\u1ec1u Th\u1ee7y Ti\u00ean<\/p>\n\n\n\n<p>Nh\u00f3m Tr\u01b0\u1edfng: Tr\u1ea7n Qu\u1ed1c An<\/p>\n\n\n\n<p>Nh\u00f3m Tr\u01b0\u1edfng: Tr\u00e2\u0300n Nguy\u00ea\u0303n Duy Ba\u0309o<\/p>\n\n\n\n<p>Nh\u00f3m Tr\u01b0\u1edfng: Ho\u00e0ng \u0110\u00ecnh Qu\u00fd V\u0169<\/p>\n\n\n\n<p><\/p>\n\n\n\n<p>B\u00ed Th\u01b0: Nguy\u1ec5n V\u0103n Tr\u01b0\u1eddng<\/p>\n\n\n\n<p>Ph\u00f3 B\u00ed Th\u01b0: Tr\u1ea7n Qu\u1ed1c An<\/p>\n\n\n\n<p>U\u1ef7 Vi\u00ean: L\u00ea Tr\u00ed<\/p>\n\n\n\n<p>Chi H\u1ed9i Tr\u01b0\u1edfng: V\u00f5 Ki\u1ebfn Nam<\/p>\n\n\n\n<p>Chi H\u1ed9i Ph\u00f3: Nguy\u1ec5n Gia M\u1ef9<\/p>\n\n\n\n<figure class=\"wp-block-embed is-type-wp-embed is-provider-21-h-50302 wp-block-embed-21-h-50302\"><div class=\"wp-block-embed__wrapper\">\n<blockquote class=\"wp-embedded-content\" data-secret=\"RUHCcZEFRM\"><a href=\"https:\/\/itclass.tdtu.edu.vn\/khmt2021clc02\/\">Trang Ch\u1ee7<\/a><\/blockquote><iframe class=\"wp-embedded-content\" sandbox=\"allow-scripts\" security=\"restricted\" style=\"position: absolute; clip: rect(1px, 1px, 1px, 1px);\" title=\"&#8220;Trang Ch\u1ee7&#8221; &#8212; 21H50302\" src=\"https:\/\/itclass.tdtu.edu.vn\/khmt2021clc02\/embed\/#?secret=QJYX4lhMfc#?secret=RUHCcZEFRM\" data-secret=\"RUHCcZEFRM\" width=\"600\" height=\"338\" frameborder=\"0\" marginwidth=\"0\" marginheight=\"0\" scrolling=\"no\"><\/iframe>\n<\/div><\/figure>\n\n\n\n<p><\/p>\n\n\n\n<p><\/p>\n\n\n\n<div class=\"wp-block-stackable-heading stk-block-heading stk-block-heading--v2 stk-block stk-adf9ca6\" id=\"strong-gi\u1edbi-thi\u1ec7u-v\u1ec1-khoa-cntt-strong\" data-block-id=\"adf9ca6\"><h2 class=\"stk-block-heading__text\"><strong>Gi\u1edbi Thi\u1ec7u v\u1ec1 khoa CNTT<\/strong><\/h2><\/div>\n\n\n\n<p>Khoa C\u00f4ng Ngh\u1ec7 Th\u00f4ng Tin (CNTT) c\u00f3 ti\u1ec1n th\u00e2n l\u00e0 khoa To\u00e1n \u2013 Tin ra \u0111\u1eddi n\u0103m 1997 \u2013 c\u00f9ng th\u1eddi \u0111i\u1ec3m th\u00e0nh l\u1eadp tr\u01b0\u1eddng \u0110\u1ea1i h\u1ecdc T\u00f4n \u0110\u1ee9c Th\u1eafng. \u0110\u1ebfn ng\u00e0y 02\/03\/2012, Khoa \u0111\u01b0\u1ee3c t\u00e1ch ra v\u00e0 \u0111\u1ed5i t\u00ean th\u00e0nh Khoa CNTT \u0111\u1ea3m nh\u1eadn vai tr\u00f2 \u0111\u00e0o t\u1ea1o ngu\u1ed3n nh\u00e2n l\u1ef1c chuy\u00ean s\u00e2u trong l\u0129nh v\u1ef1c Khoa h\u1ecdc M\u00e1y t\u00ednh \u0111\u1ec3 \u0111\u00e1p \u1ee9ng nhu c\u1ea7u cho s\u1ef1 ph\u00e1t tri\u1ec3n b\u1ec1n v\u1eefng c\u1ee7a x\u00e3 h\u1ed9i. Sau khi t\u1ed1t nghi\u1ec7p, sinh vi\u00ean Khoa CNTT kh\u00f4ng nh\u1eefng \u0111\u01b0\u1ee3c trang b\u1ecb kh\u1ea3 n\u0103ng l\u1eadp tr\u00ecnh t\u1ed1t m\u00e0 c\u00f2n \u0111\u01b0\u1ee3c trang b\u1ecb c\u00e1c ki\u1ebfn th\u1ee9c v\u1ec1 ph\u00e2n t\u00edch thi\u1ebft k\u1ebf h\u1ec7 th\u1ed1ng, qu\u1ea3n tr\u1ecb m\u1ea1ng, thi\u1ebft k\u1ebf web, qu\u1ea3n tr\u1ecb v\u00e0 ph\u00e1t tri\u1ec3n c\u00e1c h\u1ec7 th\u1ed1ng th\u00f4ng tin cho c\u00e1c c\u01a1 quan, t\u1ed5 ch\u1ee9c, doanh nghi\u1ec7p.<\/p>\n\n\n\n<p>Khoa CNTT \u0111\u00e3 v\u00e0 \u0111ang l\u00e0 m\u1ed9t trong nh\u1eefng khoa c\u00f3 uy t\u00edn v\u1ec1 gi\u1ea3ng d\u1ea1y v\u00e0 nghi\u00ean c\u1ee9u khoa h\u1ecdc c\u1ee7a tr\u01b0\u1eddng \u0110\u1ea1i h\u1ecdc T\u00f4n \u0110\u1ee9c Th\u1eafng. Khoa CNTT c\u00f3 nhi\u1ec1u ch\u01b0\u01a1ng tr\u00ecnh h\u1ee3p t\u00e1c \u0111\u00e0o t\u1ea1o v\u1edbi c\u00e1c c\u00f4ng ty l\u1edbn nh\u01b0 IBM, LogiGear, FSOFT n\u00ean sinh vi\u00ean c\u00f3 kh\u1ea3 n\u0103ng th\u1ef1c h\u00e0nh t\u1ed1t. Ch\u1ea5t l\u01b0\u1ee3ng \u0111\u00e0o t\u1ea1o c\u1ee7a Khoa \u0111\u01b0\u1ee3c kh\u1eb3ng \u0111\u1ecbnh v\u1edbi tr\u00ean 90 % sinh vi\u00ean ra tr\u01b0\u1eddng&nbsp;<strong>c\u00f3 vi\u1ec7c l\u00e0m \u0111\u00fang chuy\u00ean m\u00f4n.&nbsp;<\/strong>Nhi\u1ec1u c\u1ef1u sinh vi\u00ean c\u1ee7a Khoa hi\u1ec7n l\u00e0 nh\u1eefng chuy\u00ean gia th\u00e0nh \u0111\u1ea1t, gi\u1eef c\u00e1c ch\u1ee9c v\u1ee5 quan tr\u1ecdng trong c\u00e1c doanh nghi\u1ec7p ph\u00e1t tri\u1ec3n ph\u1ea7n m\u1ec1m, c\u00e1c c\u00f4ng ty c\u00f3 s\u1eed d\u1ee5ng h\u1ec7 th\u1ed1ng th\u00f4ng tin nh\u01b0 tr\u01b0\u1edfng d\u1ef1 \u00e1n hay gi\u00e1m \u0111\u1ed1c k\u1ef9 thu\u1eadt.<\/p>\n\n\n\n<p><strong>Gi\u1edbi thi\u1ec7u chung v\u1ec1 B\u1ed9 m\u00f4n<\/strong><\/p>\n\n\n\n<p>B\u1ed9 m\u00f4n Khoa h\u1ecdc M\u00e1y t\u00ednh (KHMT) ph\u1ee5 tr\u00e1ch chuy\u00ean m\u00f4n trong nhi\u1ec7m v\u1ee5 \u0111\u00e0o t\u1ea1o sinh vi\u00ean, h\u1ecdc vi\u00ean cao h\u1ecdc, nghi\u00ean c\u1ee9u sinh thu\u1ed9c ng\u00e0nh KHMT. B\u00ean c\u1ea1nh ng\u00e0nh KHMT h\u1ec7 chu\u1ea9n, Khoa CNTT n\u00f3i chung v\u00e0 b\u1ed9 m\u00f4n KHMT n\u00f3i v\u1ec1 kh\u00eda c\u1ea1nh chuy\u00ean m\u00f4n c\u00f2n c\u00f3 nhi\u1ec7m v\u1ee5 \u0111\u00e0o t\u1ea1o ng\u00e0nh KHMT h\u1ec7 ch\u1ea5t l\u01b0\u1ee3ng cao.<\/p>\n\n\n\n<p>Song song v\u1edbi \u0111\u00e0o t\u1ea1o, ph\u00e1t tri\u1ec3n nghi\u00ean c\u1ee9u khoa h\u1ecdc c\u0169ng l\u00e0 m\u1ed9t nhi\u1ec7m v\u1ee5 quan tr\u1ecdng. B\u1ed9 m\u00f4n KHMT ch\u00fa tr\u1ecdng ph\u00e1t tri\u1ec3n nghi\u00ean c\u1ee9u c\u00e1c l\u0129nh v\u1ef1c tr\u00ed tu\u1ec7 nh\u00e2n t\u1ea1o, ph\u00e2n t\u00edch v\u00e0 khai ph\u00e1 tri th\u1ee9c t\u1eeb d\u1eef li\u1ec7u.<\/p>\n\n\n\n<p>\u0110\u1ec3 th\u1ef1c hi\u1ec7n hai nhi\u1ec7m v\u1ee5 tr\u00ean, b\u1ed9 m\u00f4n KHMT \u0111\u00e3 v\u00e0 \u0111ang li\u00ean k\u1ebft v\u1edbi c\u00e1c nh\u00e0 khoa h\u1ecdc t\u1ea1i c\u00e1c tr\u01b0\u1eddng, vi\u1ec7n c\u00f3 uy t\u00edn trong v\u00e0 ngo\u00e0i n\u01b0\u1edbc \u0111\u1ec3 ph\u00e1t tri\u1ec3n c\u00e1c nh\u00f3m nghi\u00ean c\u1ee9u; li\u00ean k\u1ebft v\u1edbi c\u00e1c c\u00f4ng ty h\u00e0ng \u0111\u1ea7u \u1edf Vi\u1ec7t nam c\u0169ng nh\u01b0 qu\u1ed1c t\u1ebf nh\u1eb1m g\u1eafn k\u1ebft gi\u1eefa m\u00f4i tr\u01b0\u1eddng gi\u00e1o d\u1ee5c v\u00e0 \u1ee9ng d\u1ee5ng trong th\u1ef1c ti\u1ec5n.<\/p>\n\n\n\n<p>M\u1ee5c ti\u00eau ph\u1ea5n \u0111\u1ea7u c\u1ee7a b\u1ed9 m\u00f4n KHMT l\u00e0 c\u00f9ng v\u1edbi Khoa CNTT \u0111\u00e0o t\u1ea1o ngu\u1ed3n nh\u00e2n l\u1ef1c KHMT ch\u1ea5t l\u01b0\u1ee3ng cao \u0111\u00e1p \u1ee9ng \u0111\u01b0\u1ee3c nhu c\u1ea7u tuy\u1ec3n d\u1ee5ng c\u1ee7a c\u00e1c c\u00f4ng ty h\u00e0ng \u0111\u1ea7u t\u1ea1i Vi\u1ec7t nam, c\u0169ng nh\u01b0 \u0111\u00f3ng g\u00f3p v\u00e0o s\u1ef1 ph\u00e1t tri\u1ec3n c\u1ee7a x\u00e3 h\u1ed9i. \u0110\u1ed3ng th\u1eddi x\u00e2y d\u1ef1ng c\u00e1c nh\u00f3m nghi\u00ean c\u1ee9u, \u0111\u1ea1t \u0111\u01b0\u1ee3c nhi\u1ec1u k\u1ebft qu\u1ea3 khoa h\u1ecdc \u1edf \u0111\u1eb3ng c\u1ea5p qu\u1ed1c t\u1ebf.<\/p>\n\n\n\n<p><strong>Ng\u00e0nh Khoa h\u1ecdc m\u00e1y t\u00ednh (Computer Science)<\/strong><\/p>\n\n\n\n<p>Ng\u00e0nh Khoa h\u1ecdc m\u00e1y t\u00ednh (KHMT) t\u1ea1i Khoa CNTT, Tr\u01b0\u1eddng \u0110H T\u00f4n \u0110\u1ee9c Th\u1eafng \u0111\u00e0o t\u1ea1o c\u1eed nh\u00e2n KHMT c\u00f3 ki\u1ebfn th\u1ee9c l\u00fd thuy\u1ebft v\u00e0 k\u1ef9 thu\u1eadt t\u00ednh to\u00e1n l\u00e0m n\u1ec1n t\u1ea3ng cho vi\u1ec7c thi\u1ebft k\u1ebf v\u00e0 ph\u00e1t tri\u1ec3n c\u00e1c h\u1ec7 h\u1ed1ng ph\u1ea7n m\u1ec1m m\u00e1y t\u00ednh. Sinh vi\u00ean \u0111\u01b0\u1ee3c h\u1ecdc c\u00e1c ki\u1ebfn th\u1ee9c c\u0103n b\u1ea3n v\u00e0 chuy\u00ean s\u00e2u v\u1ec1 KHMT m\u00e0 \u0111\u01b0\u1ee3c l\u1ef1a ch\u1ecdn m\u1ed9t trong hai chuy\u00ean ng\u00e0nh: H\u1ec7 th\u1ed1ng th\u00f4ng tin ho\u1eb7c T\u00ednh to\u00e1n th\u00f4ng minh.<\/p>\n\n\n\n<p>\u0110\u1ed1i v\u1edbi ki\u1ebfn th\u1ee9c n\u1ec1n t\u1ea3ng, sinh vi\u00ean \u0111\u01b0\u1ee3c h\u1ecdc c\u00e1c m\u00f4n to\u00e1n \u0111\u1ea1i s\u1ed1 v\u00e0 gi\u1ea3i t\u00edch, x\u00e1c su\u1ea5t th\u1ed1ng k\u00ea \u1ee9ng d\u1ee5ng trong CNTT; h\u1ecdc c\u00e1c ng\u00f4n ng\u1eef l\u1eadp tr\u00ecnh; h\u1ecdc ph\u00e2n t\u00edch b\u00e0i to\u00e1n v\u00e0 c\u00e1c c\u1ea5u tr\u00fac d\u1eef li\u1ec7u c\u0169ng nh\u01b0 gi\u1ea3i thu\u1eadt; h\u1ecdc c\u00e1c kh\u00e1i ni\u1ec7m v\u00e0 k\u0129 thu\u1eadt c\u01a1 b\u1ea3n trong m\u1ea1ng v\u00e0 truy\u1ec1n th\u00f4ng m\u00e1y t\u00ednh, c\u01a1 s\u1edf d\u1eef li\u1ec7u, c\u00f4ng ngh\u1ec7 ph\u1ea7n m\u1ec1m; \u0111\u01b0\u1ee3c th\u1ef1c t\u1eadp t\u1ea1i doanh nghi\u1ec7p. Sinh vi\u00ean c\u0169ng \u0111\u01b0\u1ee3c \u0111\u00e0o t\u1ea1o ti\u1ebfng Anh, c\u00e1c ki\u1ebfn th\u1ee9c v\u1ec1 x\u00e3 h\u1ed9i nh\u00e2n v\u0103n v\u00e0 c\u00e1c k\u0129 n\u0103ng m\u1ec1m l\u00e0 n\u1ec1n t\u1ea3ng ki\u1ebfn th\u1ee9c chung c\u1ee7a sinh vi\u00ean TDTU.<\/p>\n\n\n\n<p>Sinh vi\u00ean c\u0169ng \u0111\u01b0\u1ee3c \u0111\u00e0o t\u1ea1o \u0111\u1ec3 ph\u00e1t tri\u1ec3n c\u00e1c kh\u1ea3 n\u0103ng l\u00e0m vi\u1ec7c nh\u00f3m, kh\u1ea3 n\u0103ng t\u1ef1 h\u1ecdc, c\u00e1c ph\u1ea9m ch\u1ea5t chuy\u00ean nghi\u1ec7p trong ngh\u1ec1 nghi\u1ec7p v\u00e0 ph\u1ea9m ch\u1ea5t \u0111\u1ea1o \u0111\u1ee9c trong cu\u1ed9c s\u1ed1ng c\u0169ng nh\u01b0 ph\u1ee5ng s\u1ef1 x\u00e3 h\u1ed9i.<\/p>\n\n\n\n<p>Sau khi t\u1ed1t nghi\u1ec7p, sinh vi\u00ean c\u00f3 n\u1ec1n t\u1ea3ng ki\u1ebfn th\u1ee9c v\u1eefng ch\u1eafc v\u00e0 kh\u1ea3 n\u0103ng t\u1ef1 h\u1ecdc, kh\u1ea3 n\u0103ng nghi\u00ean c\u1ee9u khoa h\u1ecdc \u0111\u1ec3 c\u00f3 th\u1ec3 ti\u1ebfp t\u1ee5c h\u1ecdc t\u1eadp v\u00e0 nghi\u00ean c\u1ee9u \u1edf b\u1eadc h\u1ecdc cao h\u01a1n. &nbsp;<\/p>\n\n\n\n<p>Sinh vi\u00ean t\u1ed1t nghi\u1ec7p c\u00f3 th\u1ec3 l\u00e0m vi\u1ec7c nh\u01b0 c\u00e1c l\u1eadp tr\u00ecnh vi\u00ean ph\u00e1t tri\u1ec3n ph\u1ea7n m\u1ec1m; ph\u00e2n t\u00edch thi\u1ebft k\u1ebf h\u1ec7 th\u1ed1ng; qu\u1ea3n tr\u1ecb h\u1ec7 th\u1ed1ng; ph\u00e1t tri\u1ec3n c\u00e1c h\u1ec7 th\u1ed1ng ph\u1ea7n m\u1ec1m th\u00f4ng minh. Sinh vi\u00ean c\u00f3 kh\u1ea3 n\u0103ng l\u00e0m vi\u1ec7c kh\u00f4ng ch\u1ec9 cho c\u00e1c c\u00f4ng ty Vi\u1ec7t nam m\u00e0 c\u00f2n cho c\u00e1c c\u00f4ng ty c\u00f3 t\u00ednh ch\u1ea5t qu\u1ed1c t\u1ebf \u1edf Vi\u1ec7t nam ho\u1eb7c \u1edf n\u01b0\u1edbc ngo\u00e0i.<\/p>\n\n\n\n<p><strong>Chuy\u00ean ng\u00e0nh H\u1ec7&nbsp;th\u1ed1ng th\u00f4ng tin (Information Systems):<\/strong><\/p>\n\n\n\n<p>Ng\u00e0y nay, h\u1ea7u h\u1ebft c\u00e1c t\u1ed5 ch\u1ee9c n\u00f3i chung \u0111\u1ec1u s\u1eed d\u1ee5ng c\u00e1c ph\u1ea7n m\u1ec1m ph\u1ee5c v\u1ee5 cho c\u00e1c ho\u1ea1t \u0111\u1ed9ng chuy\u00ean m\u00f4n nghi\u1ec7p v\u1ee5, v\u00ed d\u1ee5 nh\u01b0 ph\u1ea7n m\u1ec1m k\u1ebf to\u00e1n, ph\u1ea7n m\u1ec1m qu\u1ea3n l\u00fd nh\u00e2n s\u1ef1, ph\u1ea7n m\u1ec1m ch\u0103m s\u00f3c kh\u00e1ch h\u00e0ng, ph\u1ea7n m\u1ec1m ho\u1ea1ch \u0111\u1ecbnh ngu\u1ed3n l\u1ef1c doanh nghi\u1ec7p, \u2026 T\u00f9y thu\u1ed9c v\u00e0o quy m\u00f4 c\u1ee7a t\u1ed5 ch\u1ee9c, s\u1ed1 lo\u1ea1i ph\u1ea7n m\u1ec1m \u0111\u01b0\u1ee3c s\u1eed d\u1ee5ng c\u00f3 th\u1ec3 kh\u00e1c nhau v\u00e0 ph\u00e2n t\u00e1n v\u1ec1 m\u1eb7t \u0111\u1ecba l\u00fd. T\u1ea5t c\u1ea3 c\u00e1c ph\u1ea7n m\u1ec1m \u0111\u01b0\u1ee3c s\u1eed d\u1ee5ng trong m\u1ed9t t\u1ed5 ch\u1ee9c v\u00e0 s\u1ef1 k\u1ebft n\u1ed1i gi\u1eefa ch\u00fang c\u1ea5u th\u00e0nh h\u1ec7 th\u1ed1ng th\u00f4ng tin c\u1ee7a t\u1ed5 ch\u1ee9c. C\u00e1c h\u1ec7 th\u1ed1ng th\u00f4ng tin \u0111ang g\u00f3p ph\u1ea7n \u0111\u00e1ng k\u1ec3 v\u00e0o vi\u1ec7c n\u00e2ng cao hi\u1ec7u qu\u1ea3 ho\u1ea1t \u0111\u1ed9ng c\u1ee7a c\u00e1c t\u1ed5 ch\u1ee9c.<\/p>\n\n\n\n<p>C\u1eed nh\u00e2n KHMT chuy\u00ean ng\u00e0nh h\u1ec7 th\u1ed1ng th\u00f4ng tin l\u00e0 ng\u01b0\u1eddi c\u00f3 kh\u1ea3 n\u0103ng ph\u00e2n t\u00edch v\u00e0 thi\u1ebft k\u1ebf h\u1ec7 th\u1ed1ng th\u00f4ng tin cho t\u1ed5 ch\u1ee9c; tri\u1ec3n khai\/v\u1eadn h\u00e0nh v\u00e0 n\u00e2ng c\u1ea5p h\u1ec7 th\u1ed1ng th\u00f4ng tin. Ph\u00e2n t\u00edch thi\u1ebft k\u1ebf h\u1ec7 th\u1ed1ng th\u00f4ng tin l\u00e0 ph\u00e2n t\u00edch nhu c\u1ea7u c\u1ee7a t\u1ed5 ch\u1ee9c, v\u00e0 t\u1eeb \u0111\u00f3 \u0111\u01b0a ra gi\u1ea3i ph\u00e1p ph\u00e1t tri\u1ec3n h\u1ec7 th\u1ed1ng m\u1ed9t c\u00e1ch ph\u00f9 h\u1ee3p. Tri\u1ec3n khai v\u00e0 v\u1eadn h\u00e0nh l\u00e0 \u0111\u01b0a h\u1ec7 th\u1ed1ng th\u00f4ng tin v\u00e0o s\u1eed d\u1ee5ng, \u0111\u1ea3m b\u1ea3o t\u00ednh s\u1eb5n s\u00e0ng c\u1ee7a h\u1ec7 th\u1ed1ng, \u0111\u1ea3m b\u1ea3o b\u1ea3o m\u1eadt d\u1eef li\u1ec7u. Sinh vi\u00ean c\u0169ng \u0111\u01b0\u1ee3c \u0111\u00e0o t\u1ea1o c\u00e1c ki\u1ebfn th\u1ee9c v\u1ec1 ph\u00e2n t\u00edch d\u1eef li\u1ec7u v\u00e0 khai ph\u00e1 tri th\u1ee9c t\u1eeb d\u1eef li\u1ec7u.<\/p>\n\n\n\n<p>H\u1ecdc chuy\u00ean ng\u00e0nh n\u00e0y sinh vi\u00ean \u0111\u01b0\u1ee3c trang b\u1ecb c\u00e1c ki\u1ebfn th\u1ee9c n\u1ec1n t\u1ea3ng c\u1ee7a khoa h\u1ecdc m\u00e1y t\u00ednh, c\u00e1c ki\u1ebfn th\u1ee9c chuy\u00ean s\u00e2u v\u1ec1 ph\u00e2n t\u00edch, thi\u1ebft k\u1ebf, tri\u1ec3n khai, v\u1eadn h\u00e0nh, ph\u00e1t tri\u1ec3n v\u00e0 n\u00e2ng c\u1ea5p h\u1ec7 th\u1ed1ng th\u00f4ng tin. H\u01a1n n\u1eefa, sinh vi\u00ean c\u0169ng \u0111\u01b0\u1ee3c trang b\u1ecb c\u00e1c ki\u1ebfn th\u1ee9c nghi\u1ec7p v\u1ee5 nh\u01b0 ki\u1ebfn th\u1ee9c v\u1ec1 t\u00e0i ch\u00ednh k\u1ebf to\u00e1n, qu\u1ea3n tr\u1ecb kinh doanh, \u2026 nh\u1eb1m hi\u1ec3u \u0111\u00fang \u0111\u01b0\u1ee3c nhu c\u1ea7u c\u1ee7a doanh nghi\u1ec7p trong vi\u1ec7c ph\u00e1t tri\u1ec3n c\u00e1c h\u1ec7 th\u1ed1ng th\u00f4ng tin.<\/p>\n\n\n\n<p><strong>Chuy\u00ean ng\u00e0nh T\u00ednh to\u00e1n th\u00f4ng minh:<\/strong><\/p>\n\n\n\n<p>T\u00ednh to\u00e1n th\u00f4ng minh&nbsp;l\u00e0 m\u1ed9t l\u0129nh v\u1ef1c thu\u1ed9c tr\u00ed tu\u1ec7 nh\u00e2n t\u1ea1o li\u00ean quan \u0111\u1ebfn vi\u1ec7c nghi\u00ean c\u1ee9u v\u00e0 x\u00e2y d\u1ef1ng c\u00e1c k\u0129 thu\u1eadt cho ph\u00e9p c\u00e1c h\u1ec7 th\u1ed1ng ph\u1ea7n m\u1ec1m c\u00f3 kh\u1ea3 n\u0103ng x\u1eed l\u00fd th\u00f4ng minh nh\u1edd v\u00e0o vi\u1ec7c h\u1ecdc t\u1eeb kinh nghi\u1ec7m v\u00e0 d\u1eef li\u1ec7u. C\u00e1c h\u1ec7 th\u1ed1ng h\u1ecdc m\u00e1y c\u00f3 kh\u1ea3 n\u0103ng thu nh\u1eadn tri th\u1ee9c, kh\u1ea3 n\u0103ng suy di\u1ec5n, kh\u1ea3 n\u0103ng ph\u00e1t hi\u1ec7n tri th\u1ee9c m\u1edbi. H\u1ecdc m\u00e1y \u0111\u00e3 \u0111\u01b0\u1ee3c ph\u00e1t tri\u1ec3n v\u00e0 \u1ee9ng d\u1ee5ng trong r\u1ea5t nhi\u1ec1u l\u0129nh v\u1ef1c c\u1ee7a cu\u1ed9c s\u1ed1ng nh\u01b0 h\u1ec7 th\u1ed1ng nh\u1eadn d\u1ea1ng ti\u1ebfng n\u00f3i, nh\u1eadn d\u1ea1ng khu\u00f4n m\u1eb7t, nh\u1eadn d\u1ea1ng ch\u1eef vi\u1ebft, d\u1ecbch t\u1ef1 \u0111\u1ed9ng, t\u00ecm ki\u1ebfm d\u1eef li\u1ec7u, ph\u00e2n t\u00edch t\u00e0i ch\u00ednh, ch\u1ea9n \u0111o\u00e1n y khoa, ch\u01a1i tr\u00f2 ch\u01a1i, xe t\u1ef1 h\u00e0nh, c\u00e1c lo\u1ea1i r\u00f4-b\u1ed1t. V\u1edbi s\u1ef1 ph\u00e1t tri\u1ec3n nhanh ch\u00f3ng v\u00e0 \u0111\u1ea1t nhi\u1ec1u th\u00e0nh qu\u1ea3 trong hai th\u1eadp ni\u00ean qua, h\u1ecdc m\u00e1y hi\u1ec7n l\u00e0 h\u1ea1t nh\u00e2n c\u1ee7a tr\u00ed tu\u1ec7 nh\u00e2n t\u1ea1o v\u00e0 khoa h\u1ecdc d\u1eef li\u1ec7u, \u0111\u00f3ng g\u00f3p nhi\u1ec1u v\u00e0o ph\u00e1t tri\u1ec3n v\u00e0 \u1ee9ng d\u1ee5ng c\u00f4ng ngh\u1ec7 m\u1edbi trong nhi\u1ec1u ng\u00e0nh ngh\u1ec1: c\u00f4ng ngh\u1ec7 t\u1ef1 \u0111\u1ed9ng h\u00f3a, s\u1ea3n xu\u1ea5t thi\u1ebft b\u1ecb, ch\u0103m s\u00f3c s\u1ee9c kh\u1ecfe, gi\u00e1o d\u1ee5c, t\u00e0i ch\u00ednh, c\u00f4ng ngh\u1ec7 gi\u1ea3i tr\u00ed, qu\u1ea3n l\u00fd x\u00e3 h\u1ed9i. H\u1ecdc m\u00e1y \u0111\u00e3 v\u00e0 \u0111ang tr\u1edf th\u00e0nh m\u1ed9t l\u0129nh v\u1ef1c khoa h\u1ecdc c\u00f4ng ngh\u1ec7 quan tr\u1ecdng, \u0111\u00f3ng vai tr\u00f2 then ch\u1ed1t trong s\u1ef1 ph\u00e1t tri\u1ec3n c\u1ee7a m\u1ed9t x\u00e3 h\u1ed9i hi\u1ec7n \u0111\u1ea1i, \u0111\u1eb7c bi\u1ec7t trong cu\u1ed9c c\u00e1ch m\u1ea1ng khoa h\u1ecdc v\u00e0 c\u00f4ng ngh\u1ec7 l\u1ea7n th\u1ee9 4 (industry 4.0). V\u1edbi xu h\u01b0\u1edbng ph\u00e1t tri\u1ec3n nh\u01b0 v\u1eady, c\u1eed nh\u00e2n KHMT l\u00e0 m\u1ed9t v\u1ecb tr\u00ed vi\u1ec7c l\u00e0m thu h\u00fat nhi\u1ec1u nh\u00e2n l\u1ef1c ch\u1ea5t l\u01b0\u1ee3ng cao trong th\u1ebf k\u1ec9 21.<\/p>\n\n\n\n<p>Chuy\u00ean ng\u00e0nh T\u00ednh to\u00e1n th\u00f4ng minh&nbsp;\u0111\u00e0o t\u1ea1o cho sinh vi\u00ean c\u00e1c ki\u1ebfn th\u1ee9c v\u1ec1 to\u00e1n h\u1ecdc, th\u1ed1ng k\u00ea h\u1ecdc, l\u1eadp tr\u00ecnh v\u00e0 c\u00e1c m\u00f4 h\u00ecnh h\u1ecdc m\u00e1y t\u1eeb c\u01a1 b\u1ea3n \u0111\u1ebfn n\u00e2ng cao. Sinh vi\u00ean sau khi t\u1ed1t nghi\u1ec7p s\u1ebd c\u00f3 kh\u1ea3 n\u0103ng \u1ee9ng d\u1ee5ng c\u00e1c k\u0129 thu\u1eadt h\u1ecdc m\u00e1y v\u00e0o ph\u00e1t tri\u1ec3n c\u00e1c ph\u1ea7n m\u1ec1m th\u00f4ng minh ph\u1ee5c v\u1ee5 h\u1ea7u h\u1ebft c\u00e1c l\u00e3nh v\u1ef1c s\u1ea3n xu\u1ea5t c\u1ee7a x\u00e3 h\u1ed9i, \u0111\u00e1p \u1ee9ng \u0111\u01b0\u1ee3c ngay y\u00eau c\u1ea7u c\u1ee7a nh\u00e0 tuy\u1ec3n d\u1ee5ng.<\/p>\n\n\n\n<figure class=\"wp-block-embed\"><div class=\"wp-block-embed__wrapper\">\nhttps:\/\/it.tdtu.edu.vn\/\n<\/div><\/figure>\n","protected":false},"excerpt":{"rendered":"<p>L\u1edbp 21H50302 K25 thu\u1ed9c khoa C\u00f4ng Ngh\u1ec7 Th\u00f4ng Tin, tr\u01b0\u1eddng \u0111\u1ea1i h\u1ecdc T\u00f4n \u0110\u1ee9c Th\u1eafng, C\u01a1 S\u1edf T\u00e2n Phong, Qu\u1eadn 7, TPHCM l\u00e0 m\u1ed9t l\u1edbp h\u1ecdc \u0111\u1ea7y n\u0103ng \u0111\u1ed9ng v\u00e0 ti\u1ec1m n\u0103ng. V\u1edbi s\u1ef1 h\u01b0\u1edbng d\u1eabn t\u1eadn t\u00e2m c\u1ee7a c\u00e1c gi\u1ea3ng vi\u00ean c\u00f3 kinh nghi\u1ec7m, h\u1ecdc sinh trong l\u1edbp n\u00e0y \u0111ang c\u00f3 c\u01a1 h\u1ed9i \u0111\u01b0\u1ee3c &hellip; <\/p>\n<p class=\"link-more\"><a href=\"https:\/\/itclass.tdtu.edu.vn\/khmt2021clc02\/gioi-thieu\/\" class=\"more-link\">Read more<span class=\"screen-reader-text\"> &#8220;Gi\u1edbi Thi\u1ec7u&#8221;<\/span><\/a><\/p>\n","protected":false},"author":9,"featured_media":0,"parent":0,"menu_order":0,"comment_status":"closed","ping_status":"closed","template":"","meta":{"content-type":""},"featured_image_urls":{"full":"","thumbnail":"","medium":"","medium_large":"","large":"","1536x1536":"","2048x2048":"","inspiro-featured-image":"","inspiro-loop":"","inspiro-loop@2x":""},"post_excerpt_stackable":"<p>L\u1edbp 21H50302 K25 thu\u1ed9c khoa C\u00f4ng Ngh\u1ec7 Th\u00f4ng Tin, tr\u01b0\u1eddng \u0111\u1ea1i h\u1ecdc T\u00f4n \u0110\u1ee9c Th\u1eafng, C\u01a1 S\u1edf T\u00e2n Phong, Qu\u1eadn 7, TPHCM l\u00e0 m\u1ed9t l\u1edbp h\u1ecdc \u0111\u1ea7y n\u0103ng \u0111\u1ed9ng v\u00e0 ti\u1ec1m n\u0103ng. V\u1edbi s\u1ef1 h\u01b0\u1edbng d\u1eabn t\u1eadn t\u00e2m c\u1ee7a c\u00e1c gi\u1ea3ng vi\u00ean c\u00f3 kinh nghi\u1ec7m, h\u1ecdc sinh trong l\u1edbp n\u00e0y \u0111ang c\u00f3 c\u01a1 h\u1ed9i \u0111\u01b0\u1ee3c ti\u1ebfp c\u1eadn v\u1edbi c\u00e1c ki\u1ebfn th\u1ee9c v\u00e0 k\u1ef9 n\u0103ng li\u00ean quan \u0111\u1ebfn l\u0129nh v\u1ef1c c\u00f4ng ngh\u1ec7 th\u00f4ng tin. Gi\u00e1o Vi\u00ean Ch\u1ee7 Nhi\u1ec7m: Tr\u1ea7n L\u01b0\u01a1ng Qu\u1ed1c \u0110\u1ea1i L\u1edbp Tr\u01b0\u1edfng: Nguy\u1ec5n Gia M\u1ef9 Nh\u00f3m Tr\u01b0\u1edfng: Phan Th\u00e0nh \u0110\u1ea1t Nh\u00f3m Tr\u01b0\u1edfng: Nguy\u1ec5n Ki\u1ec1u Th\u1ee7y Ti\u00ean Nh\u00f3m Tr\u01b0\u1edfng: Tr\u1ea7n&hellip;<\/p>\n","category_list":"","author_info":{"name":"Nguy\u1ec5n Gia M\u1ef9","url":"https:\/\/itclass.tdtu.edu.vn\/khmt2021clc02\/author\/khmt2021clc02\/"},"comments_num":"0 comments","_links":{"self":[{"href":"https:\/\/itclass.tdtu.edu.vn\/khmt2021clc02\/wp-json\/wp\/v2\/pages\/143"}],"collection":[{"href":"https:\/\/itclass.tdtu.edu.vn\/khmt2021clc02\/wp-json\/wp\/v2\/pages"}],"about":[{"href":"https:\/\/itclass.tdtu.edu.vn\/khmt2021clc02\/wp-json\/wp\/v2\/types\/page"}],"author":[{"embeddable":true,"href":"https:\/\/itclass.tdtu.edu.vn\/khmt2021clc02\/wp-json\/wp\/v2\/users\/9"}],"replies":[{"embeddable":true,"href":"https:\/\/itclass.tdtu.edu.vn\/khmt2021clc02\/wp-json\/wp\/v2\/comments?post=143"}],"version-history":[{"count":6,"href":"https:\/\/itclass.tdtu.edu.vn\/khmt2021clc02\/wp-json\/wp\/v2\/pages\/143\/revisions"}],"predecessor-version":[{"id":282,"href":"https:\/\/itclass.tdtu.edu.vn\/khmt2021clc02\/wp-json\/wp\/v2\/pages\/143\/revisions\/282"}],"wp:attachment":[{"href":"https:\/\/itclass.tdtu.edu.vn\/khmt2021clc02\/wp-json\/wp\/v2\/media?parent=143"}],"curies":[{"name":"wp","href":"https:\/\/api.w.org\/{rel}","templated":true}]}}