{"id":210,"date":"2023-04-23T13:17:55","date_gmt":"2023-04-23T13:17:55","guid":{"rendered":"https:\/\/itclass.tdtu.edu.vn\/khmt2021clc02\/?page_id=210"},"modified":"2023-04-23T14:08:09","modified_gmt":"2023-04-23T14:08:09","slug":"hoat-dong-noi-bat","status":"publish","type":"page","link":"https:\/\/itclass.tdtu.edu.vn\/khmt2021clc02\/hoat-dong-noi-bat\/","title":{"rendered":"Ho\u1ea1t \u0110\u1ed9ng N\u1ed5i B\u1eadt"},"content":{"rendered":"\t\t<div data-elementor-type=\"wp-page\" data-elementor-id=\"210\" class=\"elementor elementor-210\">\n\t\t\t\t\t\t\t\t\t<section class=\"elementor-section elementor-top-section elementor-element elementor-element-540ad1b9 elementor-section-boxed elementor-section-height-default elementor-section-height-default\" data-id=\"540ad1b9\" data-element_type=\"section\">\n\t\t\t\t\t\t<div class=\"elementor-container elementor-column-gap-default\">\n\t\t\t\t\t<div class=\"elementor-column elementor-col-100 elementor-top-column elementor-element elementor-element-3d335f3a\" data-id=\"3d335f3a\" data-element_type=\"column\">\n\t\t\t<div class=\"elementor-widget-wrap elementor-element-populated\">\n\t\t\t\t\t\t\t\t<div class=\"elementor-element elementor-element-163de0bd elementor-widget elementor-widget-text-editor\" data-id=\"163de0bd\" data-element_type=\"widget\" data-widget_type=\"text-editor.default\">\n\t\t\t\t<div class=\"elementor-widget-container\">\n\t\t\t<style>\/*! elementor - v3.11.5 - 14-03-2023 *\/\n.elementor-widget-text-editor.elementor-drop-cap-view-stacked .elementor-drop-cap{background-color:#818a91;color:#fff}.elementor-widget-text-editor.elementor-drop-cap-view-framed .elementor-drop-cap{color:#818a91;border:3px solid;background-color:transparent}.elementor-widget-text-editor:not(.elementor-drop-cap-view-default) .elementor-drop-cap{margin-top:8px}.elementor-widget-text-editor:not(.elementor-drop-cap-view-default) .elementor-drop-cap-letter{width:1em;height:1em}.elementor-widget-text-editor .elementor-drop-cap{float:left;text-align:center;line-height:1;font-size:50px}.elementor-widget-text-editor .elementor-drop-cap-letter{display:inline-block}<\/style>\t\t\t\t<!-- wp:paragraph -->\n<p><em><span style=\"font-family: 'times new roman', times\"><strong><span style=\"font-size: 18pt\">\u0110\u00e2y l\u00e0 n\u01a1i m\u00e0 c\u00e1c b\u1ea1n c\u00f3 th\u1ec3 chia s\u1ebb c\u00e1c ho\u1ea1t \u0111\u1ed9ng, vui ch\u01a1i, h\u1ecdc t\u1eadp c\u1ee7a m\u00ecnh.<\/span><\/strong><\/span><\/em><\/p>\n<!-- \/wp:paragraph -->\t\t\t\t\t\t<\/div>\n\t\t\t\t<\/div>\n\t\t\t\t\t<\/div>\n\t\t<\/div>\n\t\t\t\t\t\t\t<\/div>\n\t\t<\/section>\n\t\t\t\t<section class=\"elementor-section elementor-top-section elementor-element elementor-element-a5210d0 elementor-section-boxed elementor-section-height-default elementor-section-height-default\" data-id=\"a5210d0\" data-element_type=\"section\">\n\t\t\t\t\t\t<div class=\"elementor-container elementor-column-gap-default\">\n\t\t\t\t\t<div class=\"elementor-column elementor-col-100 elementor-top-column elementor-element elementor-element-d398254\" data-id=\"d398254\" data-element_type=\"column\">\n\t\t\t<div class=\"elementor-widget-wrap elementor-element-populated\">\n\t\t\t\t\t\t\t\t<div class=\"elementor-element elementor-element-68d8669 elementor-widget elementor-widget-heading\" data-id=\"68d8669\" data-element_type=\"widget\" data-widget_type=\"heading.default\">\n\t\t\t\t<div class=\"elementor-widget-container\">\n\t\t\t<style>\/*! elementor - v3.11.5 - 14-03-2023 *\/\n.elementor-heading-title{padding:0;margin:0;line-height:1}.elementor-widget-heading .elementor-heading-title[class*=elementor-size-]>a{color:inherit;font-size:inherit;line-height:inherit}.elementor-widget-heading .elementor-heading-title.elementor-size-small{font-size:15px}.elementor-widget-heading .elementor-heading-title.elementor-size-medium{font-size:19px}.elementor-widget-heading .elementor-heading-title.elementor-size-large{font-size:29px}.elementor-widget-heading .elementor-heading-title.elementor-size-xl{font-size:39px}.elementor-widget-heading .elementor-heading-title.elementor-size-xxl{font-size:59px}<\/style><h2 class=\"elementor-heading-title elementor-size-default\">T\u1eadp th\u1ec3 l\u1edbp 21H50302 ch\u1ee5p \u1ea3nh sau khi ch\u00e0o c\u1edd ng\u00e0y 03\/04\/2023.<\/h2>\t\t<\/div>\n\t\t\t\t<\/div>\n\t\t\t\t<div class=\"elementor-element elementor-element-f777c40 elementor-widget elementor-widget-image\" data-id=\"f777c40\" data-element_type=\"widget\" data-widget_type=\"image.default\">\n\t\t\t\t<div class=\"elementor-widget-container\">\n\t\t\t<style>\/*! elementor - v3.11.5 - 14-03-2023 *\/\n.elementor-widget-image{text-align:center}.elementor-widget-image a{display:inline-block}.elementor-widget-image a img[src$=\".svg\"]{width:48px}.elementor-widget-image img{vertical-align:middle;display:inline-block}<\/style>\t\t\t\t\t\t\t\t\t\t\t\t<img decoding=\"async\" width=\"950\" height=\"498\" src=\"https:\/\/itclass.tdtu.edu.vn\/khmt2021clc02\/wp-content\/uploads\/sites\/9\/2023\/04\/IMG-1024x537.jpg\" class=\"attachment-large size-large wp-image-31\" alt=\"\" loading=\"lazy\" srcset=\"https:\/\/itclass.tdtu.edu.vn\/khmt2021clc02\/wp-content\/uploads\/sites\/9\/2023\/04\/IMG-1024x537.jpg 1024w, https:\/\/itclass.tdtu.edu.vn\/khmt2021clc02\/wp-content\/uploads\/sites\/9\/2023\/04\/IMG-300x157.jpg 300w, https:\/\/itclass.tdtu.edu.vn\/khmt2021clc02\/wp-content\/uploads\/sites\/9\/2023\/04\/IMG-768x403.jpg 768w, https:\/\/itclass.tdtu.edu.vn\/khmt2021clc02\/wp-content\/uploads\/sites\/9\/2023\/04\/IMG-1536x805.jpg 1536w, https:\/\/itclass.tdtu.edu.vn\/khmt2021clc02\/wp-content\/uploads\/sites\/9\/2023\/04\/IMG.jpg 1902w\" sizes=\"100vw\" \/>\t\t\t\t\t\t\t\t\t\t\t\t\t\t\t<\/div>\n\t\t\t\t<\/div>\n\t\t\t\t\t<\/div>\n\t\t<\/div>\n\t\t\t\t\t\t\t<\/div>\n\t\t<\/section>\n\t\t\t\t\t\t\t<\/div>\n\t\t","protected":false},"excerpt":{"rendered":"<p>\u0110\u00e2y l\u00e0 n\u01a1i m\u00e0 c\u00e1c b\u1ea1n c\u00f3 th\u1ec3 chia s\u1ebb c\u00e1c ho\u1ea1t \u0111\u1ed9ng, vui ch\u01a1i, h\u1ecdc t\u1eadp c\u1ee7a m\u00ecnh. T\u1eadp th\u1ec3 l\u1edbp 21H50302 ch\u1ee5p \u1ea3nh sau khi ch\u00e0o c\u1edd ng\u00e0y 03\/04\/2023.<\/p>\n","protected":false},"author":9,"featured_media":0,"parent":0,"menu_order":0,"comment_status":"closed","ping_status":"closed","template":"","meta":{"content-type":""},"featured_image_urls":{"full":"","thumbnail":"","medium":"","medium_large":"","large":"","1536x1536":"","2048x2048":"","inspiro-featured-image":"","inspiro-loop":"","inspiro-loop@2x":""},"post_excerpt_stackable":"<p>\u0110\u00e2y l\u00e0 n\u01a1i m\u00e0 c\u00e1c b\u1ea1n c\u00f3 th\u1ec3 chia s\u1ebb c\u00e1c ho\u1ea1t \u0111\u1ed9ng, vui ch\u01a1i, h\u1ecdc t\u1eadp c\u1ee7a m\u00ecnh. T\u1eadp th\u1ec3 l\u1edbp 21H50302 ch\u1ee5p \u1ea3nh sau khi ch\u00e0o c\u1edd ng\u00e0y 03\/04\/2023.<\/p>\n","category_list":"","author_info":{"name":"Nguy\u1ec5n Gia M\u1ef9","url":"https:\/\/itclass.tdtu.edu.vn\/khmt2021clc02\/author\/khmt2021clc02\/"},"comments_num":"0 comments","_links":{"self":[{"href":"https:\/\/itclass.tdtu.edu.vn\/khmt2021clc02\/wp-json\/wp\/v2\/pages\/210"}],"collection":[{"href":"https:\/\/itclass.tdtu.edu.vn\/khmt2021clc02\/wp-json\/wp\/v2\/pages"}],"about":[{"href":"https:\/\/itclass.tdtu.edu.vn\/khmt2021clc02\/wp-json\/wp\/v2\/types\/page"}],"author":[{"embeddable":true,"href":"https:\/\/itclass.tdtu.edu.vn\/khmt2021clc02\/wp-json\/wp\/v2\/users\/9"}],"replies":[{"embeddable":true,"href":"https:\/\/itclass.tdtu.edu.vn\/khmt2021clc02\/wp-json\/wp\/v2\/comments?post=210"}],"version-history":[{"count":7,"href":"https:\/\/itclass.tdtu.edu.vn\/khmt2021clc02\/wp-json\/wp\/v2\/pages\/210\/revisions"}],"predecessor-version":[{"id":266,"href":"https:\/\/itclass.tdtu.edu.vn\/khmt2021clc02\/wp-json\/wp\/v2\/pages\/210\/revisions\/266"}],"wp:attachment":[{"href":"https:\/\/itclass.tdtu.edu.vn\/khmt2021clc02\/wp-json\/wp\/v2\/media?parent=210"}],"curies":[{"name":"wp","href":"https:\/\/api.w.org\/{rel}","templated":true}]}}