{"id":216,"date":"2023-04-24T08:55:48","date_gmt":"2023-04-24T08:55:48","guid":{"rendered":"https:\/\/itclass.tdtu.edu.vn\/khmt2021tc01\/?page_id=216"},"modified":"2023-04-24T09:45:31","modified_gmt":"2023-04-24T09:45:31","slug":"tai-lieu","status":"publish","type":"page","link":"https:\/\/itclass.tdtu.edu.vn\/khmt2021tc01\/tai-lieu\/","title":{"rendered":"T\u00e0i li\u1ec7u"},"content":{"rendered":"\n<div class=\"wp-block-stackable-columns alignwide stk-block-columns stk-block stk-dc44dd2\" data-block-id=\"dc44dd2\"><style>.stk-dc44dd2{margin-bottom:0px !important}<\/style><div class=\"stk-row stk-inner-blocks stk-block-content stk-content-align stk-dc44dd2-column alignwide\">\n<div class=\"wp-block-stackable-column stk-block-column stk-block-column--v3 stk-column stk-block-column--v2 stk-block stk-c494608\" data-block-id=\"c494608\"><style>.stk-c494608-container{background-color:#9eb2ee !important}.stk-c494608-container:before{background-color:#9eb2ee !important}<\/style><div class=\"stk-column-wrapper stk-block-column__content stk-container stk-c494608-container stk-hover-parent\"><div class=\"stk-block-content stk-inner-blocks stk-c494608-inner-blocks\">\n<div class=\"wp-block-stackable-heading stk-block-heading stk-block-heading--v2 stk-block stk-f9df3c0\" id=\"tai-li\u1ec7u-mon-h\u1ecdc-h\u1ecdc-k\u1ef3-ii-nam-h\u1ecdc-2022-2023\" data-block-id=\"f9df3c0\"><h2 class=\"stk-block-heading__text\">T\u00c0I LI\u1ec6U M\u00d4N H\u1eccC H\u1eccC K\u1ef2 II N\u0102M H\u1eccC 2022-2023<\/h2><\/div>\n\n\n\n<div class=\"wp-block-stackable-card stk-block-card stk-block stk-da17f23 is-style-horizontal\" data-block-id=\"da17f23\"><style>.stk-da17f23 .stk-block-card__content{padding-left:48px !important}.stk-da17f23 .stk-block-card__image{width:500px !important}@media screen and (max-width:1023px){.stk-da17f23 .stk-block-card__image{width:300px !important}}@media screen and (max-width:767px){.stk-da17f23 .stk-block-card__image{width:0px !important}}<\/style><div class=\"stk--no-padding stk-container stk-da17f23-container stk--no-background stk--no-padding\"><figure class=\"stk-block-card__image stk-img-wrapper stk-image--shape-stretch\"><img decoding=\"async\" loading=\"lazy\" class=\"stk-img wp-image-223\" src=\"https:\/\/itclass.tdtu.edu.vn\/khmt2021tc01\/wp-content\/uploads\/sites\/3\/2023\/04\/image.png\" width=\"712\" height=\"390\" srcset=\"https:\/\/itclass.tdtu.edu.vn\/khmt2021tc01\/wp-content\/uploads\/sites\/3\/2023\/04\/image.png 712w, https:\/\/itclass.tdtu.edu.vn\/khmt2021tc01\/wp-content\/uploads\/sites\/3\/2023\/04\/image-300x164.png 300w\" sizes=\"(max-width: 712px) 100vw, 712px\" \/><\/figure><div class=\"stk-block-card__content\"><div class=\"stk-block-content stk-inner-blocks\">\n<div class=\"wp-block-stackable-heading stk-block-heading stk-block-heading--v2 stk-block stk-bf499ae\" id=\"span-style-color-f-60101-class-stk-highlight-nh\u1eadp-mon-tri-tu\u1ec7-nhan-t\u1ea1o-span\" data-block-id=\"bf499ae\"><style>.stk-bf499ae{margin-bottom:2px !important}.stk-bf499ae .stk-block-heading__text{font-size:27px !important}@media screen and (max-width:1023px){.stk-bf499ae .stk-block-heading__text{font-size:27px !important}}<\/style><h3 class=\"stk-block-heading__text\"><span style=\"color: #f60101\" class=\"stk-highlight\">NH\u1eacP M\u00d4N TR\u00cd TU\u1ec6 NH\u00c2N T\u1ea0O<\/span> <\/h3><\/div>\n\n\n\n<div class=\"wp-block-stackable-button-group stk-block-button-group stk-block stk-1c457b4\" data-block-id=\"1c457b4\"><div class=\"stk-row stk-inner-blocks stk-block-content stk-button-group\">\n<div class=\"wp-block-stackable-icon-button stk-block-icon-button stk-block stk-53afbd4 is-style-pill\" data-block-id=\"53afbd4\"><a class=\"stk-link stk-button stk--hover-effect-darken\" href=\"https:\/\/drive.google.com\/drive\/folders\/15k167OzCnMGJwcjgwde4uLZlOPZtwEVN\" title=\"T\u00c0I LI\u1ec6U THAM KH\u1ea2O\" target=\"_blank\" rel=\"https:\/\/drive.google.com\/drive\/folders\/15k167OzCnMGJwcjgwde4uLZlOPZtwEVN noreferrer noopener\"><span class=\"stk--svg-wrapper\"><div class=\"stk--inner-svg\"><svg data-prefix=\"fa\" data-icon=\"star\" class=\"svg-inline--fa fa-star fa-w-18\" xmlns=\"http:\/\/www.w3.org\/2000\/svg\" viewBox=\"0 0 576 512\" aria-hidden=\"true\" width=\"32\" height=\"32\"><path fill=\"currentColor\" d=\"M259.3 17.8L194 150.2 47.9 171.5c-26.2 3.8-36.7 36.1-17.7 54.6l105.7 103-25 145.5c-4.5 26.3 23.2 46 46.4 33.7L288 439.6l130.7 68.7c23.2 12.2 50.9-7.4 46.4-33.7l-25-145.5 105.7-103c19-18.5 8.5-50.8-17.7-54.6L382 150.2 316.7 17.8c-11.7-23.6-45.6-23.9-57.4 0z\"><\/path><\/svg><\/div><\/span><\/a><\/div>\n\n\n\n<div class=\"wp-block-stackable-button stk-block-button stk-block stk-2d745f0\" data-block-id=\"2d745f0\"><a class=\"stk-link stk-button stk--hover-effect-lift-scale-more\" href=\"https:\/\/drive.google.com\/drive\/folders\/15k167OzCnMGJwcjgwde4uLZlOPZtwEVN\" title=\"T\u00c0I LI\u1ec6U THAM KH\u1ea2O\" target=\"_blank\" rel=\"https:\/\/drive.google.com\/drive\/folders\/15k167OzCnMGJwcjgwde4uLZlOPZtwEVN noreferrer noopener\"><span class=\"stk-button__inner-text\">T\u00c0I LI\u1ec6U THAM KH\u1ea2O<\/span><\/a><\/div>\n<\/div><\/div>\n<\/div><\/div><\/div><\/div>\n\n\n\n<div class=\"wp-block-stackable-divider stk-block-divider stk-block stk-121f766\" data-block-id=\"121f766\"><style>.stk-121f766 hr.stk-block-divider__hr{width:100% !important}<\/style><hr class=\"stk-block-divider__hr\" \/><\/div>\n\n\n\n<div class=\"wp-block-stackable-card stk-block-card stk-block stk-e9f556f is-style-horizontal\" data-block-id=\"e9f556f\"><style>.stk-e9f556f .stk-block-card__content{padding-left:48px !important}.stk-e9f556f .stk-block-card__image{width:500px !important}@media screen and (max-width:1023px){.stk-e9f556f .stk-block-card__image{width:300px !important}}@media screen and (max-width:767px){.stk-e9f556f .stk-block-card__image{width:0px !important}}<\/style><div class=\"stk--no-padding stk-container stk-e9f556f-container stk--no-background stk--no-padding\"><figure class=\"stk-block-card__image stk-img-wrapper stk-image--shape-stretch\"><img decoding=\"async\" loading=\"lazy\" class=\"stk-img wp-image-230\" src=\"https:\/\/itclass.tdtu.edu.vn\/khmt2021tc01\/wp-content\/uploads\/sites\/3\/2023\/04\/bao-mat-thong-tin-ca-nhan.jpg\" width=\"800\" height=\"600\" srcset=\"https:\/\/itclass.tdtu.edu.vn\/khmt2021tc01\/wp-content\/uploads\/sites\/3\/2023\/04\/bao-mat-thong-tin-ca-nhan.jpg 800w, https:\/\/itclass.tdtu.edu.vn\/khmt2021tc01\/wp-content\/uploads\/sites\/3\/2023\/04\/bao-mat-thong-tin-ca-nhan-300x225.jpg 300w, https:\/\/itclass.tdtu.edu.vn\/khmt2021tc01\/wp-content\/uploads\/sites\/3\/2023\/04\/bao-mat-thong-tin-ca-nhan-768x576.jpg 768w\" sizes=\"(max-width: 800px) 100vw, 800px\" \/><\/figure><div class=\"stk-block-card__content\"><div class=\"stk-block-content stk-inner-blocks\">\n<div class=\"wp-block-stackable-heading stk-block-heading stk-block-heading--v2 stk-block stk-4311922\" id=\"span-style-color-f-70000-class-stk-highlight-b\u1ea3o-m\u1eadt-thong-tin-span\" data-block-id=\"4311922\"><style>.stk-4311922{margin-bottom:2px !important}.stk-4311922 .stk-block-heading__text{font-size:27px !important}@media screen and (max-width:1023px){.stk-4311922 .stk-block-heading__text{font-size:27px !important}}<\/style><h3 class=\"stk-block-heading__text\"><span style=\"color: #f70000\" class=\"stk-highlight\">B\u1ea2O M\u1eacT TH\u00d4NG TIN<\/span><\/h3><\/div>\n\n\n\n<div class=\"wp-block-stackable-button-group stk-block-button-group stk-block stk-99e2daf\" data-block-id=\"99e2daf\"><div class=\"stk-row stk-inner-blocks stk-block-content stk-button-group\">\n<div class=\"wp-block-stackable-icon-button stk-block-icon-button stk-block stk-be5df1f\" data-block-id=\"be5df1f\"><a class=\"stk-link stk-button stk--hover-effect-darken\" href=\"\"><span class=\"stk--svg-wrapper\"><div class=\"stk--inner-svg\"><svg data-prefix=\"fa\" data-icon=\"star\" class=\"svg-inline--fa fa-star fa-w-18\" xmlns=\"http:\/\/www.w3.org\/2000\/svg\" viewBox=\"0 0 576 512\" aria-hidden=\"true\" width=\"32\" height=\"32\"><path fill=\"currentColor\" d=\"M259.3 17.8L194 150.2 47.9 171.5c-26.2 3.8-36.7 36.1-17.7 54.6l105.7 103-25 145.5c-4.5 26.3 23.2 46 46.4 33.7L288 439.6l130.7 68.7c23.2 12.2 50.9-7.4 46.4-33.7l-25-145.5 105.7-103c19-18.5 8.5-50.8-17.7-54.6L382 150.2 316.7 17.8c-11.7-23.6-45.6-23.9-57.4 0z\"><\/path><\/svg><\/div><\/span><\/a><\/div>\n\n\n\n<div class=\"wp-block-stackable-button stk-block-button stk-block stk-fd85240\" data-block-id=\"fd85240\"><a class=\"stk-link stk-button stk--hover-effect-lift-scale-more\" href=\"https:\/\/thuvientvc.files.wordpress.com\/2015\/08\/gtantoanvabaomatthongtin.pdf\" title=\"T\u00c0I LI\u1ec6U THAM KH\u1ea2O\" target=\"_blank\" rel=\"https:\/\/thuvientvc.files.wordpress.com\/2015\/08\/gtantoanvabaomatthongtin.pdf noreferrer noopener\"><span class=\"stk-button__inner-text\">T\u00c0I LI\u1ec6U THAM KH\u1ea2O<\/span><\/a><\/div>\n<\/div><\/div>\n<\/div><\/div><\/div><\/div>\n\n\n\n<div class=\"wp-block-stackable-divider stk-block-divider stk-block stk-c08a13e\" data-block-id=\"c08a13e\"><style>.stk-c08a13e hr.stk-block-divider__hr{width:100% !important}<\/style><hr class=\"stk-block-divider__hr\" \/><\/div>\n\n\n\n<div class=\"wp-block-stackable-card stk-block-card stk-block stk-118c396 is-style-horizontal\" data-block-id=\"118c396\"><style>.stk-118c396 .stk-block-card__content{padding-left:48px !important}.stk-118c396 .stk-block-card__image{width:500px !important}@media screen and (max-width:1023px){.stk-118c396 .stk-block-card__image{width:300px !important}}@media screen and (max-width:767px){.stk-118c396 .stk-block-card__image{width:0px !important}}<\/style><div class=\"stk--no-padding stk-container stk-118c396-container stk--no-background stk--no-padding\"><figure class=\"stk-block-card__image stk-img-wrapper stk-image--shape-stretch\"><img decoding=\"async\" loading=\"lazy\" class=\"stk-img wp-image-238\" src=\"https:\/\/itclass.tdtu.edu.vn\/khmt2021tc01\/wp-content\/uploads\/sites\/3\/2023\/04\/Screenshot-2023-04-24-160817.png\" width=\"202\" height=\"201\" srcset=\"https:\/\/itclass.tdtu.edu.vn\/khmt2021tc01\/wp-content\/uploads\/sites\/3\/2023\/04\/Screenshot-2023-04-24-160817.png 202w, https:\/\/itclass.tdtu.edu.vn\/khmt2021tc01\/wp-content\/uploads\/sites\/3\/2023\/04\/Screenshot-2023-04-24-160817-150x150.png 150w\" sizes=\"(max-width: 202px) 100vw, 202px\" \/><\/figure><div class=\"stk-block-card__content\"><div class=\"stk-block-content stk-inner-blocks\">\n<div class=\"wp-block-stackable-heading stk-block-heading stk-block-heading--v2 stk-block stk-5aea539\" id=\"span-style-color-ff-0000-class-stk-highlight-c\u1ea5u-truc-r\u1eddi-r\u1ea1c-span\" data-block-id=\"5aea539\"><style>.stk-5aea539{margin-bottom:7px !important}.stk-5aea539 .stk-block-heading__text{font-size:27px !important}@media screen and (max-width:1023px){.stk-5aea539 .stk-block-heading__text{font-size:27px !important}}<\/style><h3 class=\"stk-block-heading__text\"><span style=\"color: #ff0000\" class=\"stk-highlight\">C\u1ea4U TR\u00daC R\u1edcI R\u1ea0C<\/span><\/h3><\/div>\n\n\n\n<div class=\"wp-block-stackable-button-group stk-block-button-group stk-block stk-cc336e0\" data-block-id=\"cc336e0\"><div class=\"stk-row stk-inner-blocks stk-block-content stk-button-group\">\n<div class=\"wp-block-stackable-icon-button stk-block-icon-button stk-block stk-5d99848\" data-block-id=\"5d99848\"><a class=\"stk-link stk-button stk--hover-effect-darken\" href=\"\"><span class=\"stk--svg-wrapper\"><div class=\"stk--inner-svg\"><svg data-prefix=\"fa\" data-icon=\"star\" class=\"svg-inline--fa fa-star fa-w-18\" xmlns=\"http:\/\/www.w3.org\/2000\/svg\" viewBox=\"0 0 576 512\" aria-hidden=\"true\" width=\"32\" height=\"32\"><path fill=\"currentColor\" d=\"M259.3 17.8L194 150.2 47.9 171.5c-26.2 3.8-36.7 36.1-17.7 54.6l105.7 103-25 145.5c-4.5 26.3 23.2 46 46.4 33.7L288 439.6l130.7 68.7c23.2 12.2 50.9-7.4 46.4-33.7l-25-145.5 105.7-103c19-18.5 8.5-50.8-17.7-54.6L382 150.2 316.7 17.8c-11.7-23.6-45.6-23.9-57.4 0z\"><\/path><\/svg><\/div><\/span><\/a><\/div>\n\n\n\n<div class=\"wp-block-stackable-button stk-block-button stk-block stk-02cdb31\" data-block-id=\"02cdb31\"><a class=\"stk-link stk-button stk--hover-effect-lift-scale-more\" href=\"https:\/\/drive.google.com\/drive\/u\/0\/folders\/1tajRpNgkC3d5AFwoHf2huQRP0m28ZY2i\" title=\"T\u00c0I LI\u1ec6U THAM KH\u1ea2O\" target=\"_blank\" rel=\"https:\/\/drive.google.com\/drive\/u\/0\/folders\/1tajRpNgkC3d5AFwoHf2huQRP0m28ZY2i noreferrer noopener\"><span class=\"stk-button__inner-text\">T\u00c0I LI\u1ec6U THAM KH\u1ea2O<\/span><\/a><\/div>\n<\/div><\/div>\n<\/div><\/div><\/div><\/div>\n<\/div><\/div><\/div>\n<\/div><\/div>\n\n\n\n<div class=\"wp-block-stackable-columns alignwide stk-block-columns stk-block stk-77369d7\" data-block-id=\"77369d7\"><div class=\"stk-row stk-inner-blocks stk-block-content stk-content-align stk-77369d7-column alignwide\">\n<div class=\"wp-block-stackable-column stk-block-column stk-block-column--v3 stk-column stk-block-column--v2 stk-block stk-4f5b65a\" data-block-id=\"4f5b65a\"><style>.stk-4f5b65a-container{background-color:#a7abef !important;max-width:1500px !important;padding-top:0px !important;padding-right:0px !important;padding-bottom:0px !important;padding-left:0px !important}.stk-4f5b65a-container:before{background-color:#a7abef !important}<\/style><div class=\"stk-column-wrapper stk-block-column__content stk-container stk-4f5b65a-container stk-hover-parent\"><div class=\"stk-block-content stk-inner-blocks stk-4f5b65a-inner-blocks\">\n<div class=\"wp-block-stackable-divider stk-block-divider stk-block stk-808e636\" data-block-id=\"808e636\"><style>.stk-808e636{margin-bottom:0px !important}.stk-808e636 hr.stk-block-divider__hr{width:100% !important}<\/style><hr class=\"stk-block-divider__hr\" \/><\/div>\n\n\n\n<div class=\"wp-block-stackable-card stk-block-card stk-block stk-9347bcd is-style-horizontal\" data-block-id=\"9347bcd\"><style>.stk-9347bcd .stk-block-card__content{padding-left:48px !important}.stk-9347bcd .stk-block-card__image{width:500px !important}@media screen and (max-width:1023px){.stk-9347bcd .stk-block-card__image{width:300px !important}}@media screen and (max-width:767px){.stk-9347bcd .stk-block-card__image{width:0px !important}}<\/style><div class=\"stk--no-padding stk-container stk-9347bcd-container stk--no-background stk--no-padding\"><figure class=\"stk-block-card__image stk-img-wrapper stk-image--shape-stretch\"><img decoding=\"async\" loading=\"lazy\" class=\"stk-img wp-image-242\" src=\"https:\/\/itclass.tdtu.edu.vn\/khmt2021tc01\/wp-content\/uploads\/sites\/3\/2023\/04\/images.jpg\" width=\"231\" height=\"218\" \/><\/figure><div class=\"stk-block-card__content\"><div class=\"stk-block-content stk-inner-blocks\">\n<div class=\"wp-block-stackable-heading stk-block-heading stk-block-heading--v2 stk-block stk-e921b80\" id=\"span-style-color-fc-0000-class-stk-highlight-nh\u1eadp-mon-m\u1ea1ng-may-tinh-span\" data-block-id=\"e921b80\"><style>.stk-e921b80 .stk-block-heading__text{font-size:28px !important}@media screen and (max-width:1023px){.stk-e921b80 .stk-block-heading__text{font-size:28px !important}}<\/style><h3 class=\"stk-block-heading__text\"><span style=\"color: #fc0000\" class=\"stk-highlight\">NH\u1eacP M\u00d4N M\u1ea0NG M\u00c1Y T\u00cdNH<\/span><\/h3><\/div>\n\n\n\n<div class=\"wp-block-stackable-button-group stk-block-button-group stk-block stk-873d311\" data-block-id=\"873d311\"><div class=\"stk-row stk-inner-blocks stk-block-content stk-button-group\">\n<div class=\"wp-block-stackable-icon-button stk-block-icon-button stk-block stk-50b489a\" data-block-id=\"50b489a\"><a class=\"stk-link stk-button stk--hover-effect-darken\" href=\"\"><span class=\"stk--svg-wrapper\"><div class=\"stk--inner-svg\"><svg data-prefix=\"fa\" data-icon=\"star\" class=\"svg-inline--fa fa-star fa-w-18\" xmlns=\"http:\/\/www.w3.org\/2000\/svg\" viewBox=\"0 0 576 512\" aria-hidden=\"true\" width=\"32\" height=\"32\"><path fill=\"currentColor\" d=\"M259.3 17.8L194 150.2 47.9 171.5c-26.2 3.8-36.7 36.1-17.7 54.6l105.7 103-25 145.5c-4.5 26.3 23.2 46 46.4 33.7L288 439.6l130.7 68.7c23.2 12.2 50.9-7.4 46.4-33.7l-25-145.5 105.7-103c19-18.5 8.5-50.8-17.7-54.6L382 150.2 316.7 17.8c-11.7-23.6-45.6-23.9-57.4 0z\"><\/path><\/svg><\/div><\/span><\/a><\/div>\n\n\n\n<div class=\"wp-block-stackable-button stk-block-button stk-block stk-065d242\" data-block-id=\"065d242\"><a class=\"stk-link stk-button stk--hover-effect-lift-scale-more\" href=\"https:\/\/gaia.cs.umass.edu\/kurose_ross\/index.php?fbclid=IwAR0P4z85klzTRo-L2a_9CEovdJgbrCw13qG9lYjadwVentKsVGNVyXHAxos\" title=\"T\u00c0I LI\u1ec6U THAM KH\u1ea2O\" target=\"_blank\" rel=\"https:\/\/gaia.cs.umass.edu\/kurose_ross\/index.php?fbclid=IwAR0P4z85klzTRo-L2a_9CEovdJgbrCw13qG9lYjadwVentKsVGNVyXHAxos noreferrer noopener\"><span class=\"stk-button__inner-text\">T\u00c0I LI\u1ec6U THAM KH\u1ea2O<\/span><\/a><\/div>\n<\/div><\/div>\n<\/div><\/div><\/div><\/div>\n<\/div><\/div><\/div>\n<\/div><\/div>\n\n\n","protected":false},"excerpt":{"rendered":"<p>T\u00c0I LI\u1ec6U M\u00d4N H\u1eccC H\u1eccC K\u1ef2 II N\u0102M H\u1eccC 2022-2023 NH\u1eacP M\u00d4N TR\u00cd TU\u1ec6 NH\u00c2N T\u1ea0O T\u00c0I LI\u1ec6U THAM KH\u1ea2O B\u1ea2O M\u1eacT TH\u00d4NG TIN T\u00c0I LI\u1ec6U THAM KH\u1ea2O C\u1ea4U TR\u00daC R\u1edcI R\u1ea0C T\u00c0I LI\u1ec6U THAM KH\u1ea2O NH\u1eacP M\u00d4N M\u1ea0NG M\u00c1Y T\u00cdNH T\u00c0I LI\u1ec6U THAM KH\u1ea2O<\/p>\n","protected":false},"author":3,"featured_media":0,"parent":0,"menu_order":0,"comment_status":"open","ping_status":"closed","template":"","meta":{"content-type":""},"featured_image_urls":{"full":"","thumbnail":"","medium":"","medium_large":"","large":"","1536x1536":"","2048x2048":"","inspiro-featured-image":"","inspiro-loop":"","inspiro-loop@2x":""},"post_excerpt_stackable":"<p>T\u00c0I LI\u1ec6U M\u00d4N H\u1eccC H\u1eccC K\u1ef2 II N\u0102M H\u1eccC 2022-2023 NH\u1eacP M\u00d4N TR\u00cd TU\u1ec6 NH\u00c2N T\u1ea0O T\u00c0I LI\u1ec6U THAM KH\u1ea2O B\u1ea2O M\u1eacT TH\u00d4NG TIN T\u00c0I LI\u1ec6U THAM KH\u1ea2O C\u1ea4U TR\u00daC R\u1edcI R\u1ea0C T\u00c0I LI\u1ec6U THAM KH\u1ea2O NH\u1eacP M\u00d4N M\u1ea0NG M\u00c1Y T\u00cdNH T\u00c0I LI\u1ec6U THAM KH\u1ea2O<\/p>\n","category_list":"","author_info":{"name":"Nguy\u1ec5n Anh Kh\u00f4i","url":"https:\/\/itclass.tdtu.edu.vn\/khmt2021tc01\/author\/khmt2021tc01\/"},"comments_num":"0 comments","_links":{"self":[{"href":"https:\/\/itclass.tdtu.edu.vn\/khmt2021tc01\/wp-json\/wp\/v2\/pages\/216"}],"collection":[{"href":"https:\/\/itclass.tdtu.edu.vn\/khmt2021tc01\/wp-json\/wp\/v2\/pages"}],"about":[{"href":"https:\/\/itclass.tdtu.edu.vn\/khmt2021tc01\/wp-json\/wp\/v2\/types\/page"}],"author":[{"embeddable":true,"href":"https:\/\/itclass.tdtu.edu.vn\/khmt2021tc01\/wp-json\/wp\/v2\/users\/3"}],"replies":[{"embeddable":true,"href":"https:\/\/itclass.tdtu.edu.vn\/khmt2021tc01\/wp-json\/wp\/v2\/comments?post=216"}],"version-history":[{"count":11,"href":"https:\/\/itclass.tdtu.edu.vn\/khmt2021tc01\/wp-json\/wp\/v2\/pages\/216\/revisions"}],"predecessor-version":[{"id":231,"href":"https:\/\/itclass.tdtu.edu.vn\/khmt2021tc01\/wp-json\/wp\/v2\/pages\/216\/revisions\/231"}],"wp:attachment":[{"href":"https:\/\/itclass.tdtu.edu.vn\/khmt2021tc01\/wp-json\/wp\/v2\/media?parent=216"}],"curies":[{"name":"wp","href":"https:\/\/api.w.org\/{rel}","templated":true}]}}