{"id":261,"date":"2023-04-24T10:39:33","date_gmt":"2023-04-24T10:39:33","guid":{"rendered":"https:\/\/itclass.tdtu.edu.vn\/khmt2021tc01\/?page_id=261"},"modified":"2023-04-24T10:39:33","modified_gmt":"2023-04-24T10:39:33","slug":"tin-tuc-2","status":"publish","type":"page","link":"https:\/\/itclass.tdtu.edu.vn\/khmt2021tc01\/tin-tuc-2\/","title":{"rendered":"Tin T\u1ee9c"},"content":{"rendered":"\n<div class=\"wp-block-stackable-card stk-block-card stk-block stk-4782771 is-style-default\" data-block-id=\"4782771\"><style>.stk-4782771 .stk-block-card__image{height:535px !important}<\/style><div class=\"stk--no-padding stk-container stk-4782771-container stk-hover-parent\"><figure class=\"stk-block-card__image stk-img-wrapper stk-image--shape-stretch\"><img decoding=\"async\" loading=\"lazy\" class=\"stk-img wp-image-180\" src=\"https:\/\/itclass.tdtu.edu.vn\/khmt2021tc01\/wp-content\/uploads\/sites\/3\/2023\/04\/cee302edee9231cc6883.jpg\" width=\"2560\" height=\"1920\" srcset=\"https:\/\/itclass.tdtu.edu.vn\/khmt2021tc01\/wp-content\/uploads\/sites\/3\/2023\/04\/cee302edee9231cc6883.jpg 2560w, https:\/\/itclass.tdtu.edu.vn\/khmt2021tc01\/wp-content\/uploads\/sites\/3\/2023\/04\/cee302edee9231cc6883-300x225.jpg 300w, https:\/\/itclass.tdtu.edu.vn\/khmt2021tc01\/wp-content\/uploads\/sites\/3\/2023\/04\/cee302edee9231cc6883-1024x768.jpg 1024w, https:\/\/itclass.tdtu.edu.vn\/khmt2021tc01\/wp-content\/uploads\/sites\/3\/2023\/04\/cee302edee9231cc6883-768x576.jpg 768w, https:\/\/itclass.tdtu.edu.vn\/khmt2021tc01\/wp-content\/uploads\/sites\/3\/2023\/04\/cee302edee9231cc6883-1536x1152.jpg 1536w, https:\/\/itclass.tdtu.edu.vn\/khmt2021tc01\/wp-content\/uploads\/sites\/3\/2023\/04\/cee302edee9231cc6883-2048x1536.jpg 2048w, https:\/\/itclass.tdtu.edu.vn\/khmt2021tc01\/wp-content\/uploads\/sites\/3\/2023\/04\/cee302edee9231cc6883-2000x1500.jpg 2000w\" sizes=\"(max-width: 2560px) 100vw, 2560px\" \/><\/figure><div class=\"stk-container-padding stk-block-card__content\"><div class=\"stk-block-content stk-inner-blocks\">\n<div class=\"wp-block-stackable-heading stk-block-heading stk-block-heading--v2 stk-block stk-711a4f7\" id=\"span-style-color-ff-0000-class-stk-highlight-ho\u1ea1t-d\u1ed9ng-chao-m\u1eebng-ngay-ph\u1ee5-n\u1eef-vi\u1ec7t-nam-20-10-span\" data-block-id=\"711a4f7\"><style>.stk-711a4f7{margin-bottom:11px !important}<\/style><h2 class=\"stk-block-heading__text\"><span style=\"color: #ff0000\" class=\"stk-highlight\">HO\u1ea0T \u0110\u1ed8NG CH\u00c0O M\u1eeaNG NG\u00c0Y PH\u1ee4 N\u1eee VI\u1ec6T NAM 20 &#8211; 10<\/span><\/h2><\/div>\n\n\n\n<div class=\"wp-block-stackable-text stk-block-text stk-block stk-e41f949\" data-block-id=\"e41f949\"><p class=\"stk-block-text__text\">Th\u1ef1c hi\u1ec7n theo K\u1ebf ho\u1ea1ch s\u1ed1 1 c\u1ee7a chi \u0111o\u00e0n 21050301, v\u00e0o ng\u00e0y 20\/10\/2022 c\u00e1c th\u00e0nh vi\u00ean ban c\u00e1n s\u1ef1 v\u00e0 ban ch\u1ea5p h\u00e0nh chi \u0111o\u00e0n chu\u1ea9n b\u1ecb c\u00e1c ph\u1ea7n qu\u00e0 nho nh\u1ecf \u0111\u1ec3 g\u1eedi t\u1eb7ng \u0111\u1ebfn c\u00e1c b\u1ea1n n\u1eef c\u1ee7a l\u1edbp nh\u00e2n ng\u00e0y 20\/10. Hy v\u1ecdng c\u00e1c b\u1ea1n lu\u00f4n \u0111\u01b0\u1ee3c h\u1ea1nh ph\u00fac v\u00e0 t\u00f4n tr\u1ecdng <\/p><\/div>\n<\/div><\/div><\/div><\/div>\n","protected":false},"excerpt":{"rendered":"<p>HO\u1ea0T \u0110\u1ed8NG CH\u00c0O M\u1eeaNG NG\u00c0Y PH\u1ee4 N\u1eee VI\u1ec6T NAM 20 &#8211; 10 Th\u1ef1c hi\u1ec7n theo K\u1ebf ho\u1ea1ch s\u1ed1 1 c\u1ee7a chi \u0111o\u00e0n 21050301, v\u00e0o ng\u00e0y 20\/10\/2022 c\u00e1c th\u00e0nh vi\u00ean ban c\u00e1n s\u1ef1 v\u00e0 ban ch\u1ea5p h\u00e0nh chi \u0111o\u00e0n chu\u1ea9n b\u1ecb c\u00e1c ph\u1ea7n qu\u00e0 nho nh\u1ecf \u0111\u1ec3 g\u1eedi t\u1eb7ng \u0111\u1ebfn c\u00e1c b\u1ea1n n\u1eef c\u1ee7a l\u1edbp nh\u00e2n &hellip; <\/p>\n<p class=\"link-more\"><a href=\"https:\/\/itclass.tdtu.edu.vn\/khmt2021tc01\/tin-tuc-2\/\" class=\"more-link\">Read more<span class=\"screen-reader-text\"> &#8220;Tin T\u1ee9c&#8221;<\/span><\/a><\/p>\n","protected":false},"author":3,"featured_media":0,"parent":0,"menu_order":0,"comment_status":"closed","ping_status":"closed","template":"","meta":{"content-type":""},"featured_image_urls":{"full":"","thumbnail":"","medium":"","medium_large":"","large":"","1536x1536":"","2048x2048":"","inspiro-featured-image":"","inspiro-loop":"","inspiro-loop@2x":""},"post_excerpt_stackable":"<p>HO\u1ea0T \u0110\u1ed8NG CH\u00c0O M\u1eeaNG NG\u00c0Y PH\u1ee4 N\u1eee VI\u1ec6T NAM 20 &#8211; 10 Th\u1ef1c hi\u1ec7n theo K\u1ebf ho\u1ea1ch s\u1ed1 1 c\u1ee7a chi \u0111o\u00e0n 21050301, v\u00e0o ng\u00e0y 20\/10\/2022 c\u00e1c th\u00e0nh vi\u00ean ban c\u00e1n s\u1ef1 v\u00e0 ban ch\u1ea5p h\u00e0nh chi \u0111o\u00e0n chu\u1ea9n b\u1ecb c\u00e1c ph\u1ea7n qu\u00e0 nho nh\u1ecf \u0111\u1ec3 g\u1eedi t\u1eb7ng \u0111\u1ebfn c\u00e1c b\u1ea1n n\u1eef c\u1ee7a l\u1edbp nh\u00e2n ng\u00e0y 20\/10. Hy v\u1ecdng c\u00e1c b\u1ea1n lu\u00f4n \u0111\u01b0\u1ee3c h\u1ea1nh ph\u00fac v\u00e0 t\u00f4n tr\u1ecdng<\/p>\n","category_list":"","author_info":{"name":"Nguy\u1ec5n Anh Kh\u00f4i","url":"https:\/\/itclass.tdtu.edu.vn\/khmt2021tc01\/author\/khmt2021tc01\/"},"comments_num":"0 comments","_links":{"self":[{"href":"https:\/\/itclass.tdtu.edu.vn\/khmt2021tc01\/wp-json\/wp\/v2\/pages\/261"}],"collection":[{"href":"https:\/\/itclass.tdtu.edu.vn\/khmt2021tc01\/wp-json\/wp\/v2\/pages"}],"about":[{"href":"https:\/\/itclass.tdtu.edu.vn\/khmt2021tc01\/wp-json\/wp\/v2\/types\/page"}],"author":[{"embeddable":true,"href":"https:\/\/itclass.tdtu.edu.vn\/khmt2021tc01\/wp-json\/wp\/v2\/users\/3"}],"replies":[{"embeddable":true,"href":"https:\/\/itclass.tdtu.edu.vn\/khmt2021tc01\/wp-json\/wp\/v2\/comments?post=261"}],"version-history":[{"count":1,"href":"https:\/\/itclass.tdtu.edu.vn\/khmt2021tc01\/wp-json\/wp\/v2\/pages\/261\/revisions"}],"predecessor-version":[{"id":266,"href":"https:\/\/itclass.tdtu.edu.vn\/khmt2021tc01\/wp-json\/wp\/v2\/pages\/261\/revisions\/266"}],"wp:attachment":[{"href":"https:\/\/itclass.tdtu.edu.vn\/khmt2021tc01\/wp-json\/wp\/v2\/media?parent=261"}],"curies":[{"name":"wp","href":"https:\/\/api.w.org\/{rel}","templated":true}]}}