{"id":21,"date":"2023-04-20T06:30:50","date_gmt":"2023-04-20T06:30:50","guid":{"rendered":"https:\/\/itclass.tdtu.edu.vn\/khmt2022clc02\/community\/"},"modified":"2023-09-28T14:24:50","modified_gmt":"2023-09-28T14:24:50","slug":"aboutus","status":"publish","type":"page","link":"https:\/\/itclass.tdtu.edu.vn\/khmt2022clc02\/aboutus\/","title":{"rendered":"#About Us"},"content":{"rendered":"\n<p class=\"has-x-large-font-size\">We are united!!! We are 22H50302<\/p>\n\n\n\n<p class=\"has-contrast-color has-blush-light-purple-gradient-background has-text-color has-background\" style=\"font-size:1.3rem\">Welcome to our class! We are a group of students who are passionate about learning and exploring new things. In this class, we will be working together to expand our knowledge and build upon our strengths. We come from diverse backgrounds and have a variety of interests, but we all share a desire to succeed and make a positive impact in the world. We hope to create a supportive and collaborative environment where everyone feels welcomed and valued.                                       <\/p>\n\n\n\n<p class=\"has-large-font-size\">Gi\u1edbi thi\u1ec7u GVCN l\u1edbp 22H50302<\/p>\n\n\n\n<ul class=\"has-contrast-color has-blush-light-purple-gradient-background has-text-color has-background\" style=\"font-size:1.3rem\">\n<li><strong>H\u1ecd t\u00ean<\/strong>: Nguy\u1ec5n Th\u00e0nh An<\/li>\n\n\n\n<li><strong>H\u1ecdc h\u00e0m, h\u1ecdc v\u1ecb<\/strong>: Th\u1ea1c s\u0129<\/li>\n\n\n\n<li><strong>Ch\u1ee9c v\u1ee5<\/strong>: Gi\u1ea3ng vi\u00ean<\/li>\n\n\n\n<li><em><strong>Email<\/strong>:<\/em> <em>nguyenthanhan@tdtu.edu.vn<\/em>                                      <\/li>\n<\/ul>\n\n\n\n<p class=\"has-large-font-size\">Gi\u1edbi thi\u1ec7u Ban ch\u1ea5p h\u00e0nh v\u00e0 Ban c\u00e1n s\u1ef1 <\/p>\n\n\n\n<ul class=\"has-contrast-color has-blush-light-purple-gradient-background has-text-color has-background\" style=\"font-size:1.3rem\">\n<li><strong>H\u1ecd t\u00ean<\/strong>: Ph\u1ea1m Ng\u1ecdc \u0110an Thanh<\/li>\n\n\n\n<li><strong>Ch\u1ee9c v\u1ee5<\/strong>: L\u1edbp tr\u01b0\u1edfng, Chi h\u1ed9i ph\u00f3, \u1ee6y vi\u00ean BCH HSV khoa CNTT<\/li>\n\n\n\n<li><strong>Li\u00ean h\u1ec7<\/strong>:\n<ul>\n<li><em><strong>S\u0110T (Zalo):<\/strong><\/em> 0923965015<\/li>\n\n\n\n<li><strong><em>Email:<\/em><\/strong> <em>522h0151@student.tdtu.edu.vn<\/em><\/li>\n\n\n\n<li><strong><em>Link fb:<\/em><\/strong> <a rel=\"noreferrer noopener\" href=\"https:\/\/www.facebook.com\/danthanh.pham.73\" data-type=\"URL\" data-id=\"https:\/\/www.facebook.com\/danthanh.pham.73\" target=\"_blank\">https:\/\/www.facebook.com\/danthanh.pham.73<\/a>                                       <\/li>\n<\/ul>\n<\/li>\n<\/ul>\n\n\n\n<ul class=\"has-contrast-color has-blush-light-purple-gradient-background has-text-color has-background\" style=\"font-size:1.3rem\">\n<li><strong>H\u1ecd t\u00ean:<\/strong> Ph\u1ea1m Thi\u00ean V\u0169<\/li>\n\n\n\n<li><strong>Ch\u1ee9c v\u1ee5:<\/strong> Chi h\u1ed9i tr\u01b0\u1edfng, \u1ee6y vi\u00ean chi \u0111o\u00e0n 22H50302<\/li>\n\n\n\n<li><strong>Li\u00ean h\u1ec7:<\/strong>\n<ul>\n<li><em><strong>S\u0110T (Zalo):<\/strong><\/em> 0933636568<\/li>\n\n\n\n<li><strong><em>Email:<\/em><\/strong> <em>522h0152@student.tdtu.edu.vn<\/em><\/li>\n\n\n\n<li><strong><em>Link fb:<\/em><\/strong>  <a rel=\"noreferrer noopener\" href=\"https:\/\/www.facebook.com\/profile.php?id=100015597880325\" data-type=\"URL\" data-id=\"https:\/\/www.facebook.com\/profile.php?id=100015597880325\" target=\"_blank\">https:\/\/www.facebook.com\/profile.php?id=100015597880325<\/a>                                     <\/li>\n<\/ul>\n<\/li>\n<\/ul>\n\n\n\n<ul class=\"has-contrast-color has-blush-light-purple-gradient-background has-text-color has-background\" style=\"font-size:1.3rem\">\n<li><strong>H\u1ecd t\u00ean:<\/strong> L\u00fd H\u01b0ng L\u00e2m<\/li>\n\n\n\n<li><strong>Ch\u1ee9c v\u1ee5:<\/strong> \u1ee6y vi\u00ean chi h\u1ed9i 22H50302<\/li>\n\n\n\n<li><strong>Li\u00ean h\u1ec7:<\/strong>\n<ul>\n<li><strong><em>S\u0110T (Zalo):<\/em><\/strong> 0705905691<\/li>\n\n\n\n<li><em><strong>Email: <\/strong>522h0118@student.tdtu.edu.vn<\/em><\/li>\n\n\n\n<li><strong><em>Link fb:<\/em><\/strong> <a rel=\"noreferrer noopener\" href=\"https:\/\/www.facebook.com\/profile.php?id=100008109690826\" data-type=\"URL\" data-id=\"https:\/\/www.facebook.com\/profile.php?id=100008109690826\" target=\"_blank\">https:\/\/www.facebook.com\/profile.php?id=100008109690826<\/a><\/li>\n<\/ul>\n<\/li>\n<\/ul>\n\n\n\n<ul class=\"has-contrast-color has-blush-light-purple-gradient-background has-text-color has-background\" style=\"font-size:1.3rem\">\n<li><strong>H\u1ecd t\u00ean:<\/strong> Nguy\u1ec5n Th\u00e1i B\u00ecnh<\/li>\n\n\n\n<li><strong>Ch\u1ee9c v\u1ee5:<\/strong> Ph\u00f3 b\u00ed th\u01b0 \u0111o\u00e0n, T\u1ed5 tr\u01b0\u1edfng t\u1ed5 4<\/li>\n\n\n\n<li><strong>Li\u00ean h\u1ec7:<\/strong>\n<ul>\n<li><strong><em>S\u0110T (Zalo): <\/em><\/strong>0817737326<\/li>\n\n\n\n<li><em><strong>Email: <\/strong>522h0140@student.tdtu.edu.vn<\/em><\/li>\n\n\n\n<li><strong>Link fb:<\/strong> <a rel=\"noreferrer noopener\" href=\"https:\/\/www.facebook.com\/profile.php?id=100075583578525&amp;locale=vi_VN\" data-type=\"URL\" data-id=\"https:\/\/www.facebook.com\/profile.php?id=100075583578525&amp;locale=vi_VN\" target=\"_blank\">https:\/\/www.facebook.com\/profile.php?id=100075583578525&amp;locale=vi_VN<\/a><\/li>\n<\/ul>\n<\/li>\n<\/ul>\n\n\n\n<ul class=\"has-contrast-color has-blush-light-purple-gradient-background has-text-color has-background\" style=\"font-size:1.3rem\">\n<li><strong>H\u1ecd t\u00ean:<\/strong> Giang Tr\u1ecdng T\u00edn<\/li>\n\n\n\n<li><strong>Ch\u1ee9c v\u1ee5:<\/strong> T\u1ed5 tr\u01b0\u1edfng t\u1ed5 1<\/li>\n\n\n\n<li><strong>Li\u00ean h\u1ec7:<\/strong>\n<ul>\n<li><strong><em>S\u0110T (Zalo):<\/em><\/strong> 0903384360<\/li>\n\n\n\n<li><em><strong>Email:<\/strong> 522h0100@student.tdtu.edu.vn<\/em><\/li>\n\n\n\n<li><strong><em>Link fb:<\/em><\/strong> <a rel=\"noreferrer noopener\" href=\"https:\/\/www.facebook.com\/giangtrong.tin.1\/\" data-type=\"URL\" data-id=\"https:\/\/www.facebook.com\/giangtrong.tin.1\/\" target=\"_blank\">https:\/\/www.facebook.com\/giangtrong.tin.1\/<\/a><\/li>\n<\/ul>\n<\/li>\n<\/ul>\n\n\n\n<ul class=\"has-contrast-color has-blush-light-purple-gradient-background has-text-color has-background\" style=\"font-size:1.3rem\">\n<li><strong>H\u1ecd t\u00ean: <\/strong>Hu\u1ef3nh Nh\u1ea5t \u0110\u1ec7<\/li>\n\n\n\n<li><strong>Ch\u1ee9c v\u1ee5:<\/strong> T\u1ed5 tr\u01b0\u1edfng t\u1ed5 2<\/li>\n\n\n\n<li><strong>Li\u00ean h\u1ec7:<\/strong>\n<ul>\n<li><strong><em>S\u0110T (Zalo):<\/em><\/strong> 0328113959<\/li>\n\n\n\n<li><strong><em>Email:<\/em><\/strong><em> 522h0106@student.tdtu.edu.vn<\/em><\/li>\n\n\n\n<li><strong><em>Link fb:<\/em><\/strong> <a rel=\"noreferrer noopener\" href=\"https:\/\/www.facebook.com\/profile.php?id=100045962811127\" data-type=\"URL\" data-id=\"https:\/\/www.facebook.com\/profile.php?id=100045962811127\" target=\"_blank\">https:\/\/www.facebook.com\/profile.php?id=100045962811127<\/a><\/li>\n<\/ul>\n<\/li>\n<\/ul>\n\n\n\n<ul class=\"has-contrast-color has-blush-light-purple-gradient-background has-text-color has-background\" style=\"font-size:1.3rem\">\n<li><strong>H\u1ecd t\u00ean:<\/strong> Tr\u1ea7n C\u00f4ng Minh<\/li>\n\n\n\n<li><strong>Ch\u1ee9c v\u1ee5:<\/strong> T\u1ed5 tr\u01b0\u1edfng t\u1ed5 5<\/li>\n\n\n\n<li><strong>Li\u00ean h\u1ec7:<\/strong>\n<ul>\n<li><strong><em>S\u0110T (Zalo):<\/em><\/strong> 0387923822<\/li>\n\n\n\n<li><em><strong>Email:<\/strong> 522h0157@student.tdtu.edu.vn<\/em><\/li>\n\n\n\n<li><strong><em>Link fb:<\/em><\/strong> <a rel=\"noreferrer noopener\" href=\"https:\/\/www.facebook.com\/troy.des.758?mibextid=ZbWKwL\" data-type=\"URL\" data-id=\"https:\/\/www.facebook.com\/troy.des.758?mibextid=ZbWKwL\" target=\"_blank\">https:\/\/www.facebook.com\/troy.des.758?mibextid=ZbWKwL<\/a><\/li>\n<\/ul>\n<\/li>\n<\/ul>\n\n\n\n<ul class=\"has-contrast-color has-blush-light-purple-gradient-background has-text-color has-background\" style=\"font-size:1.3rem\">\n<li><strong>H\u1ecd t\u00ean:<\/strong> Nguy\u1ec5n Minh Nh\u00e2n<\/li>\n\n\n\n<li><strong>Ch\u1ee9c v\u1ee5:<\/strong> T\u1ed5 tr\u01b0\u1edfng t\u1ed5 3<\/li>\n\n\n\n<li><strong>Li\u00ean h\u1ec7:<\/strong>\n<ul>\n<li><strong><em>S\u0110T (Zalo):<\/em><\/strong> 0398883217<\/li>\n\n\n\n<li><em><strong>Email:<\/strong> 522h0129@student.tdtu.edu.vn<\/em><\/li>\n\n\n\n<li><strong><em>Link fb:<\/em><\/strong> <a href=\"https:\/\/www.facebook.com\/thoaiquynh.nguyen?mibextid=9R9pXO\" data-type=\"URL\" data-id=\"https:\/\/www.facebook.com\/thoaiquynh.nguyen?mibextid=9R9pXO\" target=\"_blank\" rel=\"noreferrer noopener\">https:\/\/www.facebook.com\/thoaiquynh.nguyen?mibextid=9R9pXO<\/a><\/li>\n<\/ul>\n<\/li>\n<\/ul>\n","protected":false},"excerpt":{"rendered":"<p>We are united!!! We are 22H50302 Welcome to our class! We are a group of students who are passionate about learning and exploring new things. In this class, we will be working together to expand our knowledge and build upon our strengths. We come from diverse backgrounds and have a variety of interests, but we &hellip; <\/p>\n<p class=\"link-more\"><a href=\"https:\/\/itclass.tdtu.edu.vn\/khmt2022clc02\/aboutus\/\" class=\"more-link\">Read more<span class=\"screen-reader-text\"> &#8220;#About Us&#8221;<\/span><\/a><\/p>\n","protected":false},"author":0,"featured_media":0,"parent":0,"menu_order":0,"comment_status":"close","ping_status":"close","template":"","meta":{"content-type":""},"featured_image_urls":{"full":"","thumbnail":"","medium":"","medium_large":"","large":"","1536x1536":"","2048x2048":"","inspiro-featured-image":"","inspiro-loop":"","inspiro-loop@2x":""},"post_excerpt_stackable":"<p>We are united!!! We are 22H50302 Welcome to our class! We are a group of students who are passionate about learning and exploring new things. In this class, we will be working together to expand our knowledge and build upon our strengths. We come from diverse backgrounds and have a variety of interests, but we all share a desire to succeed and make a positive impact in the world. We hope to create a supportive and collaborative environment where everyone feels welcomed and valued. Gi\u1edbi thi\u1ec7u GVCN l\u1edbp 22H50302 H\u1ecd t\u00ean: Nguy\u1ec5n Th\u00e0nh An H\u1ecdc h\u00e0m, h\u1ecdc v\u1ecb: Th\u1ea1c s\u0129&hellip;<\/p>\n","category_list":"","author_info":{"name":"","url":"https:\/\/itclass.tdtu.edu.vn\/khmt2022clc02\/author\/"},"comments_num":"0 comments","_links":{"self":[{"href":"https:\/\/itclass.tdtu.edu.vn\/khmt2022clc02\/wp-json\/wp\/v2\/pages\/21"}],"collection":[{"href":"https:\/\/itclass.tdtu.edu.vn\/khmt2022clc02\/wp-json\/wp\/v2\/pages"}],"about":[{"href":"https:\/\/itclass.tdtu.edu.vn\/khmt2022clc02\/wp-json\/wp\/v2\/types\/page"}],"replies":[{"embeddable":true,"href":"https:\/\/itclass.tdtu.edu.vn\/khmt2022clc02\/wp-json\/wp\/v2\/comments?post=21"}],"version-history":[{"count":4,"href":"https:\/\/itclass.tdtu.edu.vn\/khmt2022clc02\/wp-json\/wp\/v2\/pages\/21\/revisions"}],"predecessor-version":[{"id":122,"href":"https:\/\/itclass.tdtu.edu.vn\/khmt2022clc02\/wp-json\/wp\/v2\/pages\/21\/revisions\/122"}],"wp:attachment":[{"href":"https:\/\/itclass.tdtu.edu.vn\/khmt2022clc02\/wp-json\/wp\/v2\/media?parent=21"}],"curies":[{"name":"wp","href":"https:\/\/api.w.org\/{rel}","templated":true}]}}