{"id":58,"date":"2023-04-22T18:50:27","date_gmt":"2023-04-22T18:50:27","guid":{"rendered":"https:\/\/itclass.tdtu.edu.vn\/ktpm2021clc01\/?page_id=58"},"modified":"2023-04-22T19:03:20","modified_gmt":"2023-04-22T19:03:20","slug":"thong-bao","status":"publish","type":"page","link":"https:\/\/itclass.tdtu.edu.vn\/ktpm2021clc01\/thong-bao\/","title":{"rendered":"Th\u00f4ng b\u00e1o"},"content":{"rendered":"\t\t<div data-elementor-type=\"wp-page\" data-elementor-id=\"58\" class=\"elementor elementor-58\">\n\t\t\t\t\t\t\t\t\t<section class=\"elementor-section elementor-top-section elementor-element elementor-element-4296f6c elementor-section-boxed elementor-section-height-default elementor-section-height-default\" data-id=\"4296f6c\" data-element_type=\"section\">\n\t\t\t\t\t\t<div class=\"elementor-container elementor-column-gap-default\">\n\t\t\t\t\t<div class=\"elementor-column elementor-col-100 elementor-top-column elementor-element elementor-element-fefd6ab\" data-id=\"fefd6ab\" data-element_type=\"column\">\n\t\t\t<div class=\"elementor-widget-wrap elementor-element-populated\">\n\t\t\t\t\t\t\t\t<div class=\"elementor-element elementor-element-6908e6c elementor-widget elementor-widget-accordion\" data-id=\"6908e6c\" data-element_type=\"widget\" data-widget_type=\"accordion.default\">\n\t\t\t\t<div class=\"elementor-widget-container\">\n\t\t\t<style>\/*! elementor - v3.11.5 - 14-03-2023 *\/\n.elementor-accordion{text-align:left}.elementor-accordion .elementor-accordion-item{border:1px solid #d4d4d4}.elementor-accordion .elementor-accordion-item+.elementor-accordion-item{border-top:none}.elementor-accordion .elementor-tab-title{margin:0;padding:15px 20px;font-weight:700;line-height:1;cursor:pointer;outline:none}.elementor-accordion .elementor-tab-title .elementor-accordion-icon{display:inline-block;width:1.5em}.elementor-accordion .elementor-tab-title .elementor-accordion-icon svg{width:1em;height:1em}.elementor-accordion .elementor-tab-title .elementor-accordion-icon.elementor-accordion-icon-right{float:right;text-align:right}.elementor-accordion .elementor-tab-title .elementor-accordion-icon.elementor-accordion-icon-left{float:left;text-align:left}.elementor-accordion .elementor-tab-title .elementor-accordion-icon .elementor-accordion-icon-closed{display:block}.elementor-accordion .elementor-tab-title .elementor-accordion-icon .elementor-accordion-icon-opened,.elementor-accordion .elementor-tab-title.elementor-active .elementor-accordion-icon-closed{display:none}.elementor-accordion .elementor-tab-title.elementor-active .elementor-accordion-icon-opened{display:block}.elementor-accordion .elementor-tab-content{display:none;padding:15px 20px;border-top:1px solid #d4d4d4}@media (max-width:767px){.elementor-accordion .elementor-tab-title{padding:12px 15px}.elementor-accordion .elementor-tab-title .elementor-accordion-icon{width:1.2em}.elementor-accordion .elementor-tab-content{padding:7px 15px}}.e-con-inner>.elementor-widget-accordion,.e-con>.elementor-widget-accordion{width:var(--container-widget-width);--flex-grow:var(--container-widget-flex-grow)}<\/style>\t\t<div class=\"elementor-accordion\" role=\"tablist\">\n\t\t\t\t\t\t\t<div class=\"elementor-accordion-item\">\n\t\t\t\t\t<div id=\"elementor-tab-title-1101\" class=\"elementor-tab-title\" data-tab=\"1\" role=\"tab\" aria-controls=\"elementor-tab-content-1101\" aria-expanded=\"false\">\n\t\t\t\t\t\t\t\t\t\t\t\t\t<span class=\"elementor-accordion-icon elementor-accordion-icon-left\" aria-hidden=\"true\">\n\t\t\t\t\t\t\t\t\t\t\t\t\t\t\t<span class=\"elementor-accordion-icon-closed\"><i class=\"fas fa-plus\"><\/i><\/span>\n\t\t\t\t\t\t\t\t<span class=\"elementor-accordion-icon-opened\"><i class=\"fas fa-minus\"><\/i><\/span>\n\t\t\t\t\t\t\t\t\t\t\t\t\t\t<\/span>\n\t\t\t\t\t\t\t\t\t\t\t\t<a class=\"elementor-accordion-title\" href=\"\">H\u1ecdc ph\u00ed h\u1ecdc k\u1ef3 2 n\u0103m h\u1ecdc 2022-2023 <\/a>\n\t\t\t\t\t<\/div>\n\t\t\t\t\t<div id=\"elementor-tab-content-1101\" class=\"elementor-tab-content elementor-clearfix\" data-tab=\"1\" role=\"tabpanel\" aria-labelledby=\"elementor-tab-title-1101\"><p class=\"rnews-header\"><span style=\"font-family: 'book antiqua', palatino;font-size: 12pt\">Th\u00f4ng b\u00e1o n\u1ed9p h\u1ecdc ph\u00ed h\u1ecdc k\u1ef3 2 n\u0103m h\u1ecdc 2022-2023 d\u00e0nh cho sinh vi\u00ean c\u00f3 \u0111\u0103ng k\u00fd c\u00e1c m\u00f4n t\u1ed1t nghi\u1ec7p; m\u00f4n ti\u1ebfng Anh; sinh vi\u00ean kh\u00f3a tuy\u1ec3n sinh 2022 \u0111\u01b0\u1ee3c gia h\u1ea1n h\u1ecdc ph\u00ed; sinh vi\u00ean \u0111\u1ee7 \u0111i\u1ec1u ki\u1ec7n x\u00e9t c\u1ea5p ch\u1ee9ng ch\u1ec9 GDQP (TB 18\/2023\/PTC)<\/span><\/p><p><span style=\"font-family: 'book antiqua', palatino\">Th\u1eddi gian: T\u1eeb ng\u00e0y 17\/04\/2023 \u0111\u1ebfn ng\u00e0y 21\/04\/2023<\/span><\/p><p><span style=\"font-family: 'book antiqua', palatino\">Chi ti\u1ebft th\u00f4ng b\u00e1o:\u00a0<\/span><a href=\"https:\/\/studentnews.tdtu.edu.vn\/ThongBao\/Detail\/140511\"><span style=\"color: var( --e-global-color-text );font-family: var( --e-global-typography-text-font-family ), Sans-serif\">https:\/\/studentnews.tdtu.edu.vn\/ThongBao\/Detail\/140511<\/span><\/a><\/p><p>\u00a0<\/p><\/div>\n\t\t\t\t<\/div>\n\t\t\t\t\t\t\t<div class=\"elementor-accordion-item\">\n\t\t\t\t\t<div id=\"elementor-tab-title-1102\" class=\"elementor-tab-title\" data-tab=\"2\" role=\"tab\" aria-controls=\"elementor-tab-content-1102\" aria-expanded=\"false\">\n\t\t\t\t\t\t\t\t\t\t\t\t\t<span class=\"elementor-accordion-icon elementor-accordion-icon-left\" aria-hidden=\"true\">\n\t\t\t\t\t\t\t\t\t\t\t\t\t\t\t<span class=\"elementor-accordion-icon-closed\"><i class=\"fas fa-plus\"><\/i><\/span>\n\t\t\t\t\t\t\t\t<span class=\"elementor-accordion-icon-opened\"><i class=\"fas fa-minus\"><\/i><\/span>\n\t\t\t\t\t\t\t\t\t\t\t\t\t\t<\/span>\n\t\t\t\t\t\t\t\t\t\t\t\t<a class=\"elementor-accordion-title\" href=\"\">Danh s\u00e1ch thi gi\u1eefa k\u1ef3 HK2\/2022-2023 - Sinh vi\u00ean ho\u00e3n thi v\u00e0 m\u00f4n h\u1ecdc giai \u0111o\u1ea1n 2 (sinh vi\u00ean kh\u00f3a tuy\u1ec3n sinh 2021 tr\u1edf v\u1ec1 tr\u01b0\u1edbc)<\/a>\n\t\t\t\t\t<\/div>\n\t\t\t\t\t<div id=\"elementor-tab-content-1102\" class=\"elementor-tab-content elementor-clearfix\" data-tab=\"2\" role=\"tabpanel\" aria-labelledby=\"elementor-tab-title-1102\"><p><span style=\"font-family: 'book antiqua', palatino\">Chi ti\u1ebft th\u00f4ng b\u00e1o: <a href=\"https:\/\/studentnews.tdtu.edu.vn\/ThongBao\/Detail\/140524\">https:\/\/studentnews.tdtu.edu.vn\/ThongBao\/Detail\/140524<\/a><\/span><\/p><\/div>\n\t\t\t\t<\/div>\n\t\t\t\t\t\t\t<div class=\"elementor-accordion-item\">\n\t\t\t\t\t<div id=\"elementor-tab-title-1103\" class=\"elementor-tab-title\" data-tab=\"3\" role=\"tab\" aria-controls=\"elementor-tab-content-1103\" aria-expanded=\"false\">\n\t\t\t\t\t\t\t\t\t\t\t\t\t<span class=\"elementor-accordion-icon elementor-accordion-icon-left\" aria-hidden=\"true\">\n\t\t\t\t\t\t\t\t\t\t\t\t\t\t\t<span class=\"elementor-accordion-icon-closed\"><i class=\"fas fa-plus\"><\/i><\/span>\n\t\t\t\t\t\t\t\t<span class=\"elementor-accordion-icon-opened\"><i class=\"fas fa-minus\"><\/i><\/span>\n\t\t\t\t\t\t\t\t\t\t\t\t\t\t<\/span>\n\t\t\t\t\t\t\t\t\t\t\t\t<a class=\"elementor-accordion-title\" href=\"\">\u0110\u0103ng k\u00fd m\u00f4n h\u1ecdc trong HK1\/2023-2024<\/a>\n\t\t\t\t\t<\/div>\n\t\t\t\t\t<div id=\"elementor-tab-content-1103\" class=\"elementor-tab-content elementor-clearfix\" data-tab=\"3\" role=\"tabpanel\" aria-labelledby=\"elementor-tab-title-1103\"><p><span style=\"font-family: 'book antiqua', palatino\">Th\u00f4ng b\u00e1o \u0111\u0103ng k\u00fd m\u00f4n h\u1ecdc trong HK1\/2-23-2024 d\u00e0nh cho sinh vi\u00ean c\u00e1c l\u1edbp ti\u00eau chu\u1ea9n, ch\u1ea5t l\u01b0\u1ee3ng cao, \u0111\u1ea1i h\u1ecdc b\u1eb1ng ti\u1ebfng Anh t\u1eeb kho\u00e1 tuy\u1ec3n sinh 2022 tr\u1edf v\u1ec1 tr\u01b0\u1edbc<\/span><\/p><p><span style=\"font-family: 'book antiqua', palatino\">Chi ti\u1ebft th\u00f4ng b\u00e1o: <a href=\"https:\/\/studentnews.tdtu.edu.vn\/ThongBao\/Detail\/140498\">https:\/\/studentnews.tdtu.edu.vn\/ThongBao\/Detail\/140498<\/a><\/span><\/p><\/div>\n\t\t\t\t<\/div>\n\t\t\t\t\t\t\t<div class=\"elementor-accordion-item\">\n\t\t\t\t\t<div id=\"elementor-tab-title-1104\" class=\"elementor-tab-title\" data-tab=\"4\" role=\"tab\" aria-controls=\"elementor-tab-content-1104\" aria-expanded=\"false\">\n\t\t\t\t\t\t\t\t\t\t\t\t\t<span class=\"elementor-accordion-icon elementor-accordion-icon-left\" aria-hidden=\"true\">\n\t\t\t\t\t\t\t\t\t\t\t\t\t\t\t<span class=\"elementor-accordion-icon-closed\"><i class=\"fas fa-plus\"><\/i><\/span>\n\t\t\t\t\t\t\t\t<span class=\"elementor-accordion-icon-opened\"><i class=\"fas fa-minus\"><\/i><\/span>\n\t\t\t\t\t\t\t\t\t\t\t\t\t\t<\/span>\n\t\t\t\t\t\t\t\t\t\t\t\t<a class=\"elementor-accordion-title\" href=\"\">L\u1ecbch thi cu\u1ed1i k\u1ef3 HK2\/2023-2024<\/a>\n\t\t\t\t\t<\/div>\n\t\t\t\t\t<div id=\"elementor-tab-content-1104\" class=\"elementor-tab-content elementor-clearfix\" data-tab=\"4\" role=\"tabpanel\" aria-labelledby=\"elementor-tab-title-1104\"><p class=\"rnews-header\"><span style=\"font-family: 'book antiqua', palatino;font-size: 12pt\">L\u1ecbch thi cu\u1ed1i k\u1ef3 HK2\/2022-2023 c\u1ee7a sinh vi\u00ean kh\u00f3a tuy\u1ec3n sinh 2021 tr\u1edf v\u1ec1 tr\u01b0\u1edbc (ch\u01b0\u01a1ng tr\u00ecnh ti\u00eau chu\u1ea9n, ch\u1ea5t l\u01b0\u1ee3ng cao, \u0111\u1ea1i h\u1ecdc ti\u1ebfng Anh)<\/span><\/p><p>Chi\u00a0<span style=\"font-family: 'book antiqua', palatino\">ti\u1ebft th\u00f4ng b\u00e1o: <a href=\"https:\/\/studentnews.tdtu.edu.vn\/ThongBao\/Detail\/140497\">https:\/\/studentnews.tdtu.edu.vn\/ThongBao\/Detail\/140497<\/a><\/span><\/p><\/div>\n\t\t\t\t<\/div>\n\t\t\t\t\t\t\t<div class=\"elementor-accordion-item\">\n\t\t\t\t\t<div id=\"elementor-tab-title-1105\" class=\"elementor-tab-title\" data-tab=\"5\" role=\"tab\" aria-controls=\"elementor-tab-content-1105\" aria-expanded=\"false\">\n\t\t\t\t\t\t\t\t\t\t\t\t\t<span class=\"elementor-accordion-icon elementor-accordion-icon-left\" aria-hidden=\"true\">\n\t\t\t\t\t\t\t\t\t\t\t\t\t\t\t<span class=\"elementor-accordion-icon-closed\"><i class=\"fas fa-plus\"><\/i><\/span>\n\t\t\t\t\t\t\t\t<span class=\"elementor-accordion-icon-opened\"><i class=\"fas fa-minus\"><\/i><\/span>\n\t\t\t\t\t\t\t\t\t\t\t\t\t\t<\/span>\n\t\t\t\t\t\t\t\t\t\t\t\t<a class=\"elementor-accordion-title\" href=\"\">Ch\u01b0\u01a1ng tr\u00ecnh \"Reading day 2023\"<\/a>\n\t\t\t\t\t<\/div>\n\t\t\t\t\t<div id=\"elementor-tab-content-1105\" class=\"elementor-tab-content elementor-clearfix\" data-tab=\"5\" role=\"tabpanel\" aria-labelledby=\"elementor-tab-title-1105\"><p><span style=\"font-family: 'book antiqua', palatino\">Chi ti\u1ebft th\u00f4ng b\u00e1o: <a href=\"https:\/\/studentnews.tdtu.edu.vn\/ThongBao\/Detail\/140535\">https:\/\/studentnews.tdtu.edu.vn\/ThongBao\/Detail\/140535<\/a><\/span><\/p><\/div>\n\t\t\t\t<\/div>\n\t\t\t\t\t\t\t\t<\/div>\n\t\t\t\t<\/div>\n\t\t\t\t<\/div>\n\t\t\t\t\t<\/div>\n\t\t<\/div>\n\t\t\t\t\t\t\t<\/div>\n\t\t<\/section>\n\t\t\t\t\t\t\t<\/div>\n\t\t","protected":false},"excerpt":{"rendered":"<p>H\u1ecdc ph\u00ed h\u1ecdc k\u1ef3 2 n\u0103m h\u1ecdc 2022-2023 Th\u00f4ng b\u00e1o n\u1ed9p h\u1ecdc ph\u00ed h\u1ecdc k\u1ef3 2 n\u0103m h\u1ecdc 2022-2023 d\u00e0nh cho sinh vi\u00ean c\u00f3 \u0111\u0103ng k\u00fd c\u00e1c m\u00f4n t\u1ed1t nghi\u1ec7p; m\u00f4n ti\u1ebfng Anh; sinh vi\u00ean kh\u00f3a tuy\u1ec3n sinh 2022 \u0111\u01b0\u1ee3c gia h\u1ea1n h\u1ecdc ph\u00ed; sinh vi\u00ean \u0111\u1ee7 \u0111i\u1ec1u ki\u1ec7n x\u00e9t c\u1ea5p ch\u1ee9ng ch\u1ec9 GDQP (TB &hellip; <\/p>\n<p class=\"link-more\"><a href=\"https:\/\/itclass.tdtu.edu.vn\/ktpm2021clc01\/thong-bao\/\" class=\"more-link\">Read more<span class=\"screen-reader-text\"> &#8220;Th\u00f4ng b\u00e1o&#8221;<\/span><\/a><\/p>\n","protected":false},"author":5,"featured_media":0,"parent":0,"menu_order":0,"comment_status":"closed","ping_status":"closed","template":"","meta":{"content-type":""},"featured_image_urls":{"full":"","thumbnail":"","medium":"","medium_large":"","large":"","1536x1536":"","2048x2048":"","inspiro-featured-image":"","inspiro-loop":"","inspiro-loop@2x":""},"post_excerpt_stackable":"<p>H\u1ecdc ph\u00ed h\u1ecdc k\u1ef3 2 n\u0103m h\u1ecdc 2022-2023 Th\u00f4ng b\u00e1o n\u1ed9p h\u1ecdc ph\u00ed h\u1ecdc k\u1ef3 2 n\u0103m h\u1ecdc 2022-2023 d\u00e0nh cho sinh vi\u00ean c\u00f3 \u0111\u0103ng k\u00fd c\u00e1c m\u00f4n t\u1ed1t nghi\u1ec7p; m\u00f4n ti\u1ebfng Anh; sinh vi\u00ean kh\u00f3a tuy\u1ec3n sinh 2022 \u0111\u01b0\u1ee3c gia h\u1ea1n h\u1ecdc ph\u00ed; sinh vi\u00ean \u0111\u1ee7 \u0111i\u1ec1u ki\u1ec7n x\u00e9t c\u1ea5p ch\u1ee9ng ch\u1ec9 GDQP (TB 18\/2023\/PTC)Th\u1eddi gian: T\u1eeb ng\u00e0y 17\/04\/2023 \u0111\u1ebfn ng\u00e0y 21\/04\/2023Chi ti\u1ebft th\u00f4ng b\u00e1o:\u00a0https:\/\/studentnews.tdtu.edu.vn\/ThongBao\/Detail\/140511\u00a0 Danh s\u00e1ch thi gi\u1eefa k\u1ef3 HK2\/2022-2023 &#8211; Sinh vi\u00ean ho\u00e3n thi v\u00e0 m\u00f4n h\u1ecdc giai \u0111o\u1ea1n 2 (sinh vi\u00ean kh\u00f3a tuy\u1ec3n sinh 2021 tr\u1edf v\u1ec1 tr\u01b0\u1edbc) Chi ti\u1ebft th\u00f4ng b\u00e1o: https:\/\/studentnews.tdtu.edu.vn\/ThongBao\/Detail\/140524 \u0110\u0103ng k\u00fd m\u00f4n&hellip;<\/p>\n","category_list":"","author_info":{"name":"Nguy\u1ec5n Minh K\u1ef3","url":"https:\/\/itclass.tdtu.edu.vn\/ktpm2021clc01\/author\/ktpm2021clc01\/"},"comments_num":"0 comments","_links":{"self":[{"href":"https:\/\/itclass.tdtu.edu.vn\/ktpm2021clc01\/wp-json\/wp\/v2\/pages\/58"}],"collection":[{"href":"https:\/\/itclass.tdtu.edu.vn\/ktpm2021clc01\/wp-json\/wp\/v2\/pages"}],"about":[{"href":"https:\/\/itclass.tdtu.edu.vn\/ktpm2021clc01\/wp-json\/wp\/v2\/types\/page"}],"author":[{"embeddable":true,"href":"https:\/\/itclass.tdtu.edu.vn\/ktpm2021clc01\/wp-json\/wp\/v2\/users\/5"}],"replies":[{"embeddable":true,"href":"https:\/\/itclass.tdtu.edu.vn\/ktpm2021clc01\/wp-json\/wp\/v2\/comments?post=58"}],"version-history":[{"count":7,"href":"https:\/\/itclass.tdtu.edu.vn\/ktpm2021clc01\/wp-json\/wp\/v2\/pages\/58\/revisions"}],"predecessor-version":[{"id":66,"href":"https:\/\/itclass.tdtu.edu.vn\/ktpm2021clc01\/wp-json\/wp\/v2\/pages\/58\/revisions\/66"}],"wp:attachment":[{"href":"https:\/\/itclass.tdtu.edu.vn\/ktpm2021clc01\/wp-json\/wp\/v2\/media?parent=58"}],"curies":[{"name":"wp","href":"https:\/\/api.w.org\/{rel}","templated":true}]}}