{"id":68,"date":"2023-04-23T15:54:11","date_gmt":"2023-04-23T15:54:11","guid":{"rendered":"https:\/\/itclass.tdtu.edu.vn\/ktpm2021clc01\/?page_id=68"},"modified":"2023-04-24T07:57:18","modified_gmt":"2023-04-24T07:57:18","slug":"demo","status":"publish","type":"page","link":"https:\/\/itclass.tdtu.edu.vn\/ktpm2021clc01\/demo\/","title":{"rendered":"Nh\u1eefng Ho\u1ea1t \u0110\u1ed9ng Ti\u00eau Bi\u1ec3u N\u0103m H\u1ecdc 2022-2023"},"content":{"rendered":"\t\t<div data-elementor-type=\"wp-page\" data-elementor-id=\"68\" class=\"elementor elementor-68\">\n\t\t\t\t\t\t\t\t\t<section class=\"elementor-section elementor-top-section elementor-element elementor-element-37c9ff7 elementor-section-boxed elementor-section-height-default elementor-section-height-default\" data-id=\"37c9ff7\" data-element_type=\"section\">\n\t\t\t\t\t\t<div class=\"elementor-container elementor-column-gap-default\">\n\t\t\t\t\t<div class=\"elementor-column elementor-col-100 elementor-top-column elementor-element elementor-element-1467106\" data-id=\"1467106\" data-element_type=\"column\">\n\t\t\t<div class=\"elementor-widget-wrap elementor-element-populated\">\n\t\t\t\t\t\t\t\t<div class=\"elementor-element elementor-element-bac03db elementor-widget elementor-widget-text-editor\" data-id=\"bac03db\" data-element_type=\"widget\" data-widget_type=\"text-editor.default\">\n\t\t\t\t<div class=\"elementor-widget-container\">\n\t\t\t<style>\/*! elementor - v3.11.5 - 14-03-2023 *\/\n.elementor-widget-text-editor.elementor-drop-cap-view-stacked .elementor-drop-cap{background-color:#818a91;color:#fff}.elementor-widget-text-editor.elementor-drop-cap-view-framed .elementor-drop-cap{color:#818a91;border:3px solid;background-color:transparent}.elementor-widget-text-editor:not(.elementor-drop-cap-view-default) .elementor-drop-cap{margin-top:8px}.elementor-widget-text-editor:not(.elementor-drop-cap-view-default) .elementor-drop-cap-letter{width:1em;height:1em}.elementor-widget-text-editor .elementor-drop-cap{float:left;text-align:center;line-height:1;font-size:50px}.elementor-widget-text-editor .elementor-drop-cap-letter{display:inline-block}<\/style>\t\t\t\t<p><em><span style=\"font-weight: bolder\"><span style=\"font-size: 14pt\">Tham gia ng\u00e0y h\u1ed9i truy\u1ec1n th\u1ed1ng<\/span><\/span><\/em><\/p>\t\t\t\t\t\t<\/div>\n\t\t\t\t<\/div>\n\t\t\t\t<div class=\"elementor-element elementor-element-3ccd75d elementor-widget elementor-widget-image\" data-id=\"3ccd75d\" data-element_type=\"widget\" data-widget_type=\"image.default\">\n\t\t\t\t<div class=\"elementor-widget-container\">\n\t\t\t<style>\/*! elementor - v3.11.5 - 14-03-2023 *\/\n.elementor-widget-image{text-align:center}.elementor-widget-image a{display:inline-block}.elementor-widget-image a img[src$=\".svg\"]{width:48px}.elementor-widget-image img{vertical-align:middle;display:inline-block}<\/style>\t\t\t\t\t\t\t\t\t\t\t\t<img decoding=\"async\" width=\"768\" height=\"346\" src=\"https:\/\/itclass.tdtu.edu.vn\/ktpm2021clc01\/wp-content\/uploads\/sites\/5\/2023\/04\/z4287277505906_80dc6f05d66ca839715f743a2cf3f500-2-768x346.jpg\" class=\"attachment-medium_large size-medium_large wp-image-86\" alt=\"\" loading=\"lazy\" srcset=\"https:\/\/itclass.tdtu.edu.vn\/ktpm2021clc01\/wp-content\/uploads\/sites\/5\/2023\/04\/z4287277505906_80dc6f05d66ca839715f743a2cf3f500-2-768x346.jpg 768w, https:\/\/itclass.tdtu.edu.vn\/ktpm2021clc01\/wp-content\/uploads\/sites\/5\/2023\/04\/z4287277505906_80dc6f05d66ca839715f743a2cf3f500-2-300x135.jpg 300w, https:\/\/itclass.tdtu.edu.vn\/ktpm2021clc01\/wp-content\/uploads\/sites\/5\/2023\/04\/z4287277505906_80dc6f05d66ca839715f743a2cf3f500-2-1024x461.jpg 1024w, https:\/\/itclass.tdtu.edu.vn\/ktpm2021clc01\/wp-content\/uploads\/sites\/5\/2023\/04\/z4287277505906_80dc6f05d66ca839715f743a2cf3f500-2-1536x691.jpg 1536w, https:\/\/itclass.tdtu.edu.vn\/ktpm2021clc01\/wp-content\/uploads\/sites\/5\/2023\/04\/z4287277505906_80dc6f05d66ca839715f743a2cf3f500-2-2048x922.jpg 2048w, https:\/\/itclass.tdtu.edu.vn\/ktpm2021clc01\/wp-content\/uploads\/sites\/5\/2023\/04\/z4287277505906_80dc6f05d66ca839715f743a2cf3f500-2-2000x900.jpg 2000w\" sizes=\"100vw\" \/>\t\t\t\t\t\t\t\t\t\t\t\t\t\t\t<\/div>\n\t\t\t\t<\/div>\n\t\t\t\t\t<\/div>\n\t\t<\/div>\n\t\t\t\t\t\t\t<\/div>\n\t\t<\/section>\n\t\t\t\t<section class=\"elementor-section elementor-top-section elementor-element elementor-element-ec9c665 elementor-section-boxed elementor-section-height-default elementor-section-height-default\" data-id=\"ec9c665\" data-element_type=\"section\">\n\t\t\t\t\t\t<div class=\"elementor-container elementor-column-gap-default\">\n\t\t\t\t\t<div class=\"elementor-column elementor-col-100 elementor-top-column elementor-element elementor-element-5200ef0\" data-id=\"5200ef0\" data-element_type=\"column\">\n\t\t\t<div class=\"elementor-widget-wrap elementor-element-populated\">\n\t\t\t\t\t\t\t\t<div class=\"elementor-element elementor-element-a98b796 elementor-widget elementor-widget-text-editor\" data-id=\"a98b796\" data-element_type=\"widget\" data-widget_type=\"text-editor.default\">\n\t\t\t\t<div class=\"elementor-widget-container\">\n\t\t\t\t\t\t\t<p><em><strong><span style=\"font-size: 14pt\">BCH Tham gia \u0110\u1ea1i H\u1ed9i \u0110\u1ea1i Bi\u1ec3u \u0110o\u00e0n TNCS H\u1ed3 Ch\u00ed Minh Khoa C\u00f4ng Ngh\u1ec7 Th\u00f4ng Tin L\u1ea7n V<\/span><\/strong><\/em><\/p>\t\t\t\t\t\t<\/div>\n\t\t\t\t<\/div>\n\t\t\t\t<div class=\"elementor-element elementor-element-8a140eb elementor-widget elementor-widget-image\" data-id=\"8a140eb\" data-element_type=\"widget\" data-widget_type=\"image.default\">\n\t\t\t\t<div class=\"elementor-widget-container\">\n\t\t\t\t\t\t\t\t\t\t\t\t\t\t\t<img decoding=\"async\" src=\"https:\/\/itclass.tdtu.edu.vn\/ktpm2021clc01\/wp-content\/uploads\/sites\/5\/elementor\/thumbs\/z4287281247644_7c335445a7d7beaed69846a1914c7075-q5h45ggg29xlamoqychjtn824dp9gzc0mfrx7zl5dc.jpg\" title=\"z4287281247644_7c335445a7d7beaed69846a1914c7075\" alt=\"z4287281247644_7c335445a7d7beaed69846a1914c7075\" loading=\"lazy\" \/>\t\t\t\t\t\t\t\t\t\t\t\t\t\t\t<\/div>\n\t\t\t\t<\/div>\n\t\t\t\t\t<\/div>\n\t\t<\/div>\n\t\t\t\t\t\t\t<\/div>\n\t\t<\/section>\n\t\t\t\t<section class=\"elementor-section elementor-top-section elementor-element elementor-element-2db74b0 elementor-section-boxed elementor-section-height-default elementor-section-height-default\" data-id=\"2db74b0\" data-element_type=\"section\">\n\t\t\t\t\t\t<div class=\"elementor-container elementor-column-gap-default\">\n\t\t\t\t\t<div class=\"elementor-column elementor-col-100 elementor-top-column elementor-element elementor-element-9d607b6\" data-id=\"9d607b6\" data-element_type=\"column\">\n\t\t\t<div class=\"elementor-widget-wrap elementor-element-populated\">\n\t\t\t\t\t\t\t\t<div class=\"elementor-element elementor-element-1568b87 elementor-widget elementor-widget-text-editor\" data-id=\"1568b87\" data-element_type=\"widget\" data-widget_type=\"text-editor.default\">\n\t\t\t\t<div class=\"elementor-widget-container\">\n\t\t\t\t\t\t\t<p><em><strong><span style=\"font-size: 14pt\">Tham gia gi\u00e0n h\u00e0ng ng\u00e0y h\u1ed9i T\u00e2n <span class=\"il\">sinh<\/span>\u00a0<span class=\"il\">vi\u00ean<\/span>\u00a0Khoa CNTT.<\/span><\/strong><\/em><\/p>\t\t\t\t\t\t<\/div>\n\t\t\t\t<\/div>\n\t\t\t\t<div class=\"elementor-element elementor-element-bd270c7 elementor-widget elementor-widget-image\" data-id=\"bd270c7\" data-element_type=\"widget\" data-widget_type=\"image.default\">\n\t\t\t\t<div class=\"elementor-widget-container\">\n\t\t\t\t\t\t\t\t\t\t\t\t\t\t\t<img decoding=\"async\" src=\"https:\/\/itclass.tdtu.edu.vn\/ktpm2021clc01\/wp-content\/uploads\/sites\/5\/elementor\/thumbs\/Screenshot-2023-04-24-144108-q5h4il99jxwtihlz9iuw5twwx6yw0qh03fx5m644fk.png\" title=\"Screenshot 2023-04-24 144108\" alt=\"Screenshot 2023-04-24 144108\" loading=\"lazy\" \/>\t\t\t\t\t\t\t\t\t\t\t\t\t\t\t<\/div>\n\t\t\t\t<\/div>\n\t\t\t\t\t<\/div>\n\t\t<\/div>\n\t\t\t\t\t\t\t<\/div>\n\t\t<\/section>\n\t\t\t\t<section class=\"elementor-section elementor-top-section elementor-element elementor-element-90b7ef0 elementor-section-boxed elementor-section-height-default elementor-section-height-default\" data-id=\"90b7ef0\" data-element_type=\"section\">\n\t\t\t\t\t\t<div class=\"elementor-container elementor-column-gap-default\">\n\t\t\t\t\t<div class=\"elementor-column elementor-col-100 elementor-top-column elementor-element elementor-element-dad4570\" data-id=\"dad4570\" data-element_type=\"column\">\n\t\t\t<div class=\"elementor-widget-wrap elementor-element-populated\">\n\t\t\t\t\t\t\t\t<div class=\"elementor-element elementor-element-fc3656d elementor-widget elementor-widget-text-editor\" data-id=\"fc3656d\" data-element_type=\"widget\" data-widget_type=\"text-editor.default\">\n\t\t\t\t<div class=\"elementor-widget-container\">\n\t\t\t\t\t\t\t<p><em><strong><span style=\"font-size: 14pt\">Tham gia TDTU MUSIC\u00a0<span class=\"il\">FESTIVAL<\/span>\u00a0&#8220;LIGHT UP&#8221;<\/span><\/strong><\/em><\/p>\t\t\t\t\t\t<\/div>\n\t\t\t\t<\/div>\n\t\t\t\t<div class=\"elementor-element elementor-element-2782011 elementor-widget elementor-widget-image\" data-id=\"2782011\" data-element_type=\"widget\" data-widget_type=\"image.default\">\n\t\t\t\t<div class=\"elementor-widget-container\">\n\t\t\t\t\t\t\t\t\t\t\t\t\t\t\t<img decoding=\"async\" src=\"https:\/\/itclass.tdtu.edu.vn\/ktpm2021clc01\/wp-content\/uploads\/sites\/5\/elementor\/thumbs\/Screenshot-2023-04-24-144458-q5h4oev9vzv6yxt7xgs8kr6p09tjfclymrwllwycug.png\" title=\"Screenshot 2023-04-24 144458\" alt=\"Screenshot 2023-04-24 144458\" loading=\"lazy\" \/>\t\t\t\t\t\t\t\t\t\t\t\t\t\t\t<\/div>\n\t\t\t\t<\/div>\n\t\t\t\t\t<\/div>\n\t\t<\/div>\n\t\t\t\t\t\t\t<\/div>\n\t\t<\/section>\n\t\t\t\t<section class=\"elementor-section elementor-top-section elementor-element elementor-element-84ddfe0 elementor-section-boxed elementor-section-height-default elementor-section-height-default\" data-id=\"84ddfe0\" data-element_type=\"section\">\n\t\t\t\t\t\t<div class=\"elementor-container elementor-column-gap-default\">\n\t\t\t\t\t<div class=\"elementor-column elementor-col-100 elementor-top-column elementor-element elementor-element-c623f79\" data-id=\"c623f79\" data-element_type=\"column\">\n\t\t\t<div class=\"elementor-widget-wrap elementor-element-populated\">\n\t\t\t\t\t\t\t\t<div class=\"elementor-element elementor-element-b00bc8a elementor-widget elementor-widget-text-editor\" data-id=\"b00bc8a\" data-element_type=\"widget\" data-widget_type=\"text-editor.default\">\n\t\t\t\t<div class=\"elementor-widget-container\">\n\t\t\t\t\t\t\t<p><em><strong><span style=\"font-size: 14pt\">Tham gia h\u1ed9i thao khoa CNTT<\/span><\/strong><\/em><\/p>\t\t\t\t\t\t<\/div>\n\t\t\t\t<\/div>\n\t\t\t\t<div class=\"elementor-element elementor-element-92e4887 elementor-widget elementor-widget-image\" data-id=\"92e4887\" data-element_type=\"widget\" data-widget_type=\"image.default\">\n\t\t\t\t<div class=\"elementor-widget-container\">\n\t\t\t\t\t\t\t\t\t\t\t\t\t\t\t<img decoding=\"async\" src=\"https:\/\/itclass.tdtu.edu.vn\/ktpm2021clc01\/wp-content\/uploads\/sites\/5\/elementor\/thumbs\/z4287282005178_04299e4fcbe3078d3b613d54c6f1ac1f-q5h4qrgqz32zzuec7hcnt5u6gy8ko3xsyemastgxag.jpg\" title=\"z4287282005178_04299e4fcbe3078d3b613d54c6f1ac1f\" alt=\"z4287282005178_04299e4fcbe3078d3b613d54c6f1ac1f\" loading=\"lazy\" \/>\t\t\t\t\t\t\t\t\t\t\t\t\t\t\t<\/div>\n\t\t\t\t<\/div>\n\t\t\t\t\t<\/div>\n\t\t<\/div>\n\t\t\t\t\t\t\t<\/div>\n\t\t<\/section>\n\t\t\t\t<section class=\"elementor-section elementor-top-section elementor-element elementor-element-259a168 elementor-section-boxed elementor-section-height-default elementor-section-height-default\" data-id=\"259a168\" data-element_type=\"section\">\n\t\t\t\t\t\t<div class=\"elementor-container elementor-column-gap-default\">\n\t\t\t\t\t<div class=\"elementor-column elementor-col-100 elementor-top-column elementor-element elementor-element-4ca3118\" data-id=\"4ca3118\" data-element_type=\"column\">\n\t\t\t<div class=\"elementor-widget-wrap elementor-element-populated\">\n\t\t\t\t\t\t\t\t<div class=\"elementor-element elementor-element-9fb2e31 elementor-widget elementor-widget-text-editor\" data-id=\"9fb2e31\" data-element_type=\"widget\" data-widget_type=\"text-editor.default\">\n\t\t\t\t<div class=\"elementor-widget-container\">\n\t\t\t\t\t\t\t<p>Ho\u1ea1t \u0111\u1ed9ng n\u1ed9i b\u1ed9 Chi \u0110o\u00e0n 21H50201: H\u01b0\u1edfng \u1ee9ng Gi\u1edd Tr\u00e1i \u0110\u1ea5t<\/p>\t\t\t\t\t\t<\/div>\n\t\t\t\t<\/div>\n\t\t\t\t<div class=\"elementor-element elementor-element-0050fec elementor-widget elementor-widget-image\" data-id=\"0050fec\" data-element_type=\"widget\" data-widget_type=\"image.default\">\n\t\t\t\t<div class=\"elementor-widget-container\">\n\t\t\t\t\t\t\t\t\t\t\t\t\t\t\t<img decoding=\"async\" src=\"https:\/\/itclass.tdtu.edu.vn\/ktpm2021clc01\/wp-content\/uploads\/sites\/5\/elementor\/thumbs\/z4202264603505_013bdd564f4cc8024ec3b2298333e920-q5h4t9p976keh5zevlzylzbgrmroehexvbdrk5ajjg.jpg\" title=\"z4202264603505_013bdd564f4cc8024ec3b2298333e920\" alt=\"z4202264603505_013bdd564f4cc8024ec3b2298333e920\" loading=\"lazy\" \/>\t\t\t\t\t\t\t\t\t\t\t\t\t\t\t<\/div>\n\t\t\t\t<\/div>\n\t\t\t\t\t<\/div>\n\t\t<\/div>\n\t\t\t\t\t\t\t<\/div>\n\t\t<\/section>\n\t\t\t\t\t\t\t<\/div>\n\t\t","protected":false},"excerpt":{"rendered":"<p>Tham gia ng\u00e0y h\u1ed9i truy\u1ec1n th\u1ed1ng BCH Tham gia \u0110\u1ea1i H\u1ed9i \u0110\u1ea1i Bi\u1ec3u \u0110o\u00e0n TNCS H\u1ed3 Ch\u00ed Minh Khoa C\u00f4ng Ngh\u1ec7 Th\u00f4ng Tin L\u1ea7n V Tham gia gi\u00e0n h\u00e0ng ng\u00e0y h\u1ed9i T\u00e2n sinh\u00a0vi\u00ean\u00a0Khoa CNTT. Tham gia TDTU MUSIC\u00a0FESTIVAL\u00a0&#8220;LIGHT UP&#8221; Tham gia h\u1ed9i thao khoa CNTT Ho\u1ea1t \u0111\u1ed9ng n\u1ed9i b\u1ed9 Chi \u0110o\u00e0n 21H50201: H\u01b0\u1edfng \u1ee9ng Gi\u1edd &hellip; <\/p>\n<p class=\"link-more\"><a href=\"https:\/\/itclass.tdtu.edu.vn\/ktpm2021clc01\/demo\/\" class=\"more-link\">Read more<span class=\"screen-reader-text\"> &#8220;Nh\u1eefng Ho\u1ea1t \u0110\u1ed9ng Ti\u00eau Bi\u1ec3u N\u0103m H\u1ecdc 2022-2023&#8221;<\/span><\/a><\/p>\n","protected":false},"author":5,"featured_media":0,"parent":0,"menu_order":0,"comment_status":"closed","ping_status":"closed","template":"","meta":{"content-type":""},"featured_image_urls":{"full":"","thumbnail":"","medium":"","medium_large":"","large":"","1536x1536":"","2048x2048":"","inspiro-featured-image":"","inspiro-loop":"","inspiro-loop@2x":""},"post_excerpt_stackable":"<p>Tham gia ng\u00e0y h\u1ed9i truy\u1ec1n th\u1ed1ng BCH Tham gia \u0110\u1ea1i H\u1ed9i \u0110\u1ea1i Bi\u1ec3u \u0110o\u00e0n TNCS H\u1ed3 Ch\u00ed Minh Khoa C\u00f4ng Ngh\u1ec7 Th\u00f4ng Tin L\u1ea7n V Tham gia gi\u00e0n h\u00e0ng ng\u00e0y h\u1ed9i T\u00e2n sinh\u00a0vi\u00ean\u00a0Khoa CNTT. Tham gia TDTU MUSIC\u00a0FESTIVAL\u00a0&#8220;LIGHT UP&#8221; Tham gia h\u1ed9i thao khoa CNTT Ho\u1ea1t \u0111\u1ed9ng n\u1ed9i b\u1ed9 Chi \u0110o\u00e0n 21H50201: H\u01b0\u1edfng \u1ee9ng Gi\u1edd Tr\u00e1i \u0110\u1ea5t<\/p>\n","category_list":"","author_info":{"name":"Nguy\u1ec5n Minh K\u1ef3","url":"https:\/\/itclass.tdtu.edu.vn\/ktpm2021clc01\/author\/ktpm2021clc01\/"},"comments_num":"0 comments","_links":{"self":[{"href":"https:\/\/itclass.tdtu.edu.vn\/ktpm2021clc01\/wp-json\/wp\/v2\/pages\/68"}],"collection":[{"href":"https:\/\/itclass.tdtu.edu.vn\/ktpm2021clc01\/wp-json\/wp\/v2\/pages"}],"about":[{"href":"https:\/\/itclass.tdtu.edu.vn\/ktpm2021clc01\/wp-json\/wp\/v2\/types\/page"}],"author":[{"embeddable":true,"href":"https:\/\/itclass.tdtu.edu.vn\/ktpm2021clc01\/wp-json\/wp\/v2\/users\/5"}],"replies":[{"embeddable":true,"href":"https:\/\/itclass.tdtu.edu.vn\/ktpm2021clc01\/wp-json\/wp\/v2\/comments?post=68"}],"version-history":[{"count":16,"href":"https:\/\/itclass.tdtu.edu.vn\/ktpm2021clc01\/wp-json\/wp\/v2\/pages\/68\/revisions"}],"predecessor-version":[{"id":110,"href":"https:\/\/itclass.tdtu.edu.vn\/ktpm2021clc01\/wp-json\/wp\/v2\/pages\/68\/revisions\/110"}],"wp:attachment":[{"href":"https:\/\/itclass.tdtu.edu.vn\/ktpm2021clc01\/wp-json\/wp\/v2\/media?parent=68"}],"curies":[{"name":"wp","href":"https:\/\/api.w.org\/{rel}","templated":true}]}}