{"id":104,"date":"2023-04-19T15:29:49","date_gmt":"2023-04-19T15:29:49","guid":{"rendered":"https:\/\/itclass.tdtu.edu.vn\/ktpm2021clc02\/?page_id=104"},"modified":"2023-04-21T08:39:39","modified_gmt":"2023-04-21T08:39:39","slug":"blogs","status":"publish","type":"page","link":"https:\/\/itclass.tdtu.edu.vn\/ktpm2021clc02\/blogs\/","title":{"rendered":"Blogs"},"content":{"rendered":"\t\t<div data-elementor-type=\"wp-page\" data-elementor-id=\"104\" class=\"elementor elementor-104\">\n\t\t\t\t\t\t\t\t\t<section class=\"elementor-section elementor-top-section elementor-element elementor-element-5dde6ea elementor-section-boxed elementor-section-height-default elementor-section-height-default\" data-id=\"5dde6ea\" data-element_type=\"section\">\n\t\t\t\t\t\t<div class=\"elementor-container elementor-column-gap-default\">\n\t\t\t\t\t<div class=\"elementor-column elementor-col-100 elementor-top-column elementor-element elementor-element-fa3f9f5\" data-id=\"fa3f9f5\" data-element_type=\"column\">\n\t\t\t<div class=\"elementor-widget-wrap elementor-element-populated\">\n\t\t\t\t\t\t\t\t<div class=\"elementor-element elementor-element-4d0d8cd elementor-grid-eael-col-4 elementor-grid-tablet-eael-col-2 elementor-grid-mobile-eael-col-1 elementor-widget elementor-widget-eael-post-grid\" data-id=\"4d0d8cd\" data-element_type=\"widget\" data-settings=\"{&quot;eael_post_grid_columns&quot;:&quot;eael-col-4&quot;,&quot;eael_post_grid_columns_tablet&quot;:&quot;eael-col-2&quot;,&quot;eael_post_grid_columns_mobile&quot;:&quot;eael-col-1&quot;}\" data-widget_type=\"eael-post-grid.default\">\n\t\t\t\t<div class=\"elementor-widget-container\">\n\t\t\t<div id=\"eael-post-grid-4d0d8cd\" class=\"eael-post-grid-container\">\n            <div class=\"eael-post-grid eael-post-appender eael-post-appender-4d0d8cd eael-post-grid-style-default\" data-layout-mode=\"masonry\"><article class=\"eael-grid-post eael-post-grid-column\" data-id=\"91\">\n        <div class=\"eael-grid-post-holder\">\n            <div class=\"eael-grid-post-holder-inner\"><div class=\"eael-entry-media\"><div class=\"eael-entry-overlay fade-in\"><i class=\"fas fa-long-arrow-alt-right\" aria-hidden=\"true\"><\/i><a href=\"https:\/\/itclass.tdtu.edu.vn\/ktpm2021clc02\/2023\/04\/19\/vng-tour-chuyen-di-den-voi-ky-lan-cong-nghe-vng\/\"><\/a><\/div><div class=\"eael-entry-thumbnail \">\n                <img width=\"300\" height=\"169\" src=\"https:\/\/itclass.tdtu.edu.vn\/ktpm2021clc02\/wp-content\/uploads\/sites\/6\/2023\/04\/vng-300x169.jpg\" class=\"attachment-medium size-medium wp-image-86\" alt=\"\" decoding=\"async\" loading=\"lazy\" srcset=\"https:\/\/itclass.tdtu.edu.vn\/ktpm2021clc02\/wp-content\/uploads\/sites\/6\/2023\/04\/vng-300x169.jpg 300w, https:\/\/itclass.tdtu.edu.vn\/ktpm2021clc02\/wp-content\/uploads\/sites\/6\/2023\/04\/vng-1024x576.jpg 1024w, https:\/\/itclass.tdtu.edu.vn\/ktpm2021clc02\/wp-content\/uploads\/sites\/6\/2023\/04\/vng-768x432.jpg 768w, https:\/\/itclass.tdtu.edu.vn\/ktpm2021clc02\/wp-content\/uploads\/sites\/6\/2023\/04\/vng-1536x864.jpg 1536w, https:\/\/itclass.tdtu.edu.vn\/ktpm2021clc02\/wp-content\/uploads\/sites\/6\/2023\/04\/vng-2000x1125.jpg 2000w, https:\/\/itclass.tdtu.edu.vn\/ktpm2021clc02\/wp-content\/uploads\/sites\/6\/2023\/04\/vng.jpg 2048w\" sizes=\"100vw\" \/>\n            <\/div>\n        <\/div><div class=\"eael-entry-wrapper\"><header class=\"eael-entry-header\"><h2 class=\"eael-entry-title\"><a\n                        class=\"eael-grid-post-link\"\n                        href=\"https:\/\/itclass.tdtu.edu.vn\/ktpm2021clc02\/2023\/04\/19\/vng-tour-chuyen-di-den-voi-ky-lan-cong-nghe-vng\/\"\n                        title=\"VNG TOUR &#8211; CHUY\u1ebeN \u0110I \u0110\u1ebeN V\u1edaI K\u1ef2 L\u00c2N C\u00d4NG NGH\u1ec6 VNG\">VNG TOUR &#8211; CHUY\u1ebeN \u0110I \u0110\u1ebeN V\u1edaI K\u1ef2 L\u00c2N C\u00d4NG NGH\u1ec6 VNG<\/a><\/h2><\/header><div class=\"eael-entry-content\">\n                        <div class=\"eael-grid-post-excerpt\"><p>C\u00f3 m\u1eb7t t\u1ea1i KCX T\u00e2n Thu\u1eadn ng\u00e0y 15\/08\/2022, c\u00e1c b\u1ea1n...<\/p><a\n                            href=\"https:\/\/itclass.tdtu.edu.vn\/ktpm2021clc02\/2023\/04\/19\/vng-tour-chuyen-di-den-voi-ky-lan-cong-nghe-vng\/\"\n                            class=\"eael-post-elements-readmore-btn\">Read More<\/a><\/div>\n                    <\/div><div class=\"eael-entry-footer\"><div class=\"eael-author-avatar\"><a href=\"https:\/\/itclass.tdtu.edu.vn\/ktpm2021clc02\/author\/ktpm2021clc02\/\"><img alt='' src='https:\/\/secure.gravatar.com\/avatar\/1a57ca77a5162d5f7646218e791a2ad8?s=96&#038;d=mm&#038;r=g' srcset='https:\/\/secure.gravatar.com\/avatar\/1a57ca77a5162d5f7646218e791a2ad8?s=192&#038;d=mm&#038;r=g 2x' class='avatar avatar-96 photo' height='96' width='96' loading='lazy' decoding='async'\/><\/a><\/div><div class=\"eael-entry-meta\"><span class=\"eael-posted-by\"><a href=\"https:\/\/itclass.tdtu.edu.vn\/ktpm2021clc02\/author\/ktpm2021clc02\/\" title=\"Posts by Nguy\u1ec5n Hu\u1ef3nh Ph\u01b0\u01a1ng To\u00e0n\" rel=\"author\">Nguy\u1ec5n Hu\u1ef3nh Ph\u01b0\u01a1ng To\u00e0n<\/a><\/span><span class=\"eael-posted-on\"><time datetime=\"April 19, 2023\">April 19, 2023<\/time><\/span><\/div><\/div><\/div><\/div>\n        <\/div>\n    <\/article><\/div>\n            <div class=\"clearfix\"><\/div>\n        <\/div>\t\t<\/div>\n\t\t\t\t<\/div>\n\t\t\t\t\t<\/div>\n\t\t<\/div>\n\t\t\t\t\t\t\t<\/div>\n\t\t<\/section>\n\t\t\t\t\t\t\t<\/div>\n\t\t","protected":false},"excerpt":{"rendered":"<p>VNG TOUR \u2013 CHUY\u1ebeN \u0110I \u0110\u1ebeN V\u1edaI K\u1ef2 L\u00c2N C\u00d4NG NGH\u1ec6 VNG C\u00f3 m\u1eb7t t\u1ea1i KCX T\u00e2n Thu\u1eadn ng\u00e0y 15\/08\/2022, c\u00e1c b\u1ea1n&#8230; Read More Nguy\u1ec5n Hu\u1ef3nh Ph\u01b0\u01a1ng To\u00e0nApril 19, 2023<\/p>\n","protected":false},"author":6,"featured_media":0,"parent":0,"menu_order":0,"comment_status":"closed","ping_status":"closed","template":"","meta":{"content-type":""},"featured_image_urls":{"full":"","thumbnail":"","medium":"","medium_large":"","large":"","1536x1536":"","2048x2048":"","inspiro-featured-image":"","inspiro-loop":"","inspiro-loop@2x":""},"post_excerpt_stackable":"<p>C\u00f3 m\u1eb7t t\u1ea1i KCX T\u00e2n Thu\u1eadn ng\u00e0y 15\/08\/2022, c\u00e1c b\u1ea1n sinh vi\u00ean \u0111\u00e3 c\u00f9ng tham gia h\u00e0nh tr\u00ecnh \u0111\u1ebfn v\u1edbi tr\u1ee5 s\u1edf c\u00f4ng ty VNG &#8211; \u201ck\u1ef3 l\u00e2n c\u00f4ng ngh\u1ec7\u201d \u0111\u1ea7u ti\u00ean t\u1ea1i Vi\u1ec7t Nam. Trong chuy\u1ebfn tham quan, c\u00e1c b\u1ea1n sinh vi\u00ean \u0111\u01b0\u1ee3c tr\u1ea3i nghi\u1ec7m m\u1ed9t m\u00f4i tr\u01b0\u1eddng l\u00e0m vi\u1ec7c h\u00e0ng \u0111\u1ea7u ch\u00e2u \u00c1 v\u1edbi kh\u00f4ng gian hi\u1ec7n \u0111\u1ea1i v\u00e0 c\u1ef1c nhi\u1ec1u c\u00e1c ti\u1ec7n \u00edch d\u00e0nh cho nh\u00e2n vi\u00ean. B\u00ean c\u1ea1nh \u0111\u00f3, sinh vi\u00ean c\u00f2n \u0111\u01b0\u1ee3c l\u1eafng nghe, trao \u0111\u1ed5i nh\u1eefng th\u00f4ng tin b\u1ed5 \u00edch v\u00e0 th\u00fa v\u1ecb c\u00f9ng c\u00e1c anh ch\u1ecb HR v\u1ec1 c\u01a1 h\u1ed9i vi\u1ec7c l\u00e0m t\u1ea1i&hellip;<\/p>\n","category_list":"","author_info":{"name":"Nguy\u1ec5n Hu\u1ef3nh Ph\u01b0\u01a1ng To\u00e0n","url":"https:\/\/itclass.tdtu.edu.vn\/ktpm2021clc02\/author\/ktpm2021clc02\/"},"comments_num":"0 comments","_links":{"self":[{"href":"https:\/\/itclass.tdtu.edu.vn\/ktpm2021clc02\/wp-json\/wp\/v2\/pages\/104"}],"collection":[{"href":"https:\/\/itclass.tdtu.edu.vn\/ktpm2021clc02\/wp-json\/wp\/v2\/pages"}],"about":[{"href":"https:\/\/itclass.tdtu.edu.vn\/ktpm2021clc02\/wp-json\/wp\/v2\/types\/page"}],"author":[{"embeddable":true,"href":"https:\/\/itclass.tdtu.edu.vn\/ktpm2021clc02\/wp-json\/wp\/v2\/users\/6"}],"replies":[{"embeddable":true,"href":"https:\/\/itclass.tdtu.edu.vn\/ktpm2021clc02\/wp-json\/wp\/v2\/comments?post=104"}],"version-history":[{"count":5,"href":"https:\/\/itclass.tdtu.edu.vn\/ktpm2021clc02\/wp-json\/wp\/v2\/pages\/104\/revisions"}],"predecessor-version":[{"id":172,"href":"https:\/\/itclass.tdtu.edu.vn\/ktpm2021clc02\/wp-json\/wp\/v2\/pages\/104\/revisions\/172"}],"wp:attachment":[{"href":"https:\/\/itclass.tdtu.edu.vn\/ktpm2021clc02\/wp-json\/wp\/v2\/media?parent=104"}],"curies":[{"name":"wp","href":"https:\/\/api.w.org\/{rel}","templated":true}]}}