{"id":59,"date":"2023-04-19T12:37:29","date_gmt":"2023-04-19T12:37:29","guid":{"rendered":"https:\/\/itclass.tdtu.edu.vn\/ktpm2021clc02\/?page_id=59"},"modified":"2023-04-21T10:24:24","modified_gmt":"2023-04-21T10:24:24","slug":"trang-chu","status":"publish","type":"page","link":"https:\/\/itclass.tdtu.edu.vn\/ktpm2021clc02\/","title":{"rendered":"Trang ch\u1ee7"},"content":{"rendered":"\t\t<div data-elementor-type=\"wp-page\" data-elementor-id=\"59\" class=\"elementor elementor-59\">\n\t\t\t\t\t\t\t\t\t<section class=\"elementor-section elementor-top-section elementor-element elementor-element-1798bce elementor-section-boxed elementor-section-height-default elementor-section-height-default\" data-id=\"1798bce\" data-element_type=\"section\">\n\t\t\t\t\t\t<div class=\"elementor-container elementor-column-gap-default\">\n\t\t\t\t\t<div class=\"elementor-column elementor-col-100 elementor-top-column elementor-element elementor-element-1d730da\" data-id=\"1d730da\" data-element_type=\"column\">\n\t\t\t<div class=\"elementor-widget-wrap elementor-element-populated\">\n\t\t\t\t\t\t\t\t<div class=\"elementor-element elementor-element-780b740 elementor-widget elementor-widget-heading\" data-id=\"780b740\" data-element_type=\"widget\" data-widget_type=\"heading.default\">\n\t\t\t\t<div class=\"elementor-widget-container\">\n\t\t\t<style>\/*! elementor - v3.11.5 - 14-03-2023 *\/\n.elementor-heading-title{padding:0;margin:0;line-height:1}.elementor-widget-heading .elementor-heading-title[class*=elementor-size-]>a{color:inherit;font-size:inherit;line-height:inherit}.elementor-widget-heading .elementor-heading-title.elementor-size-small{font-size:15px}.elementor-widget-heading .elementor-heading-title.elementor-size-medium{font-size:19px}.elementor-widget-heading .elementor-heading-title.elementor-size-large{font-size:29px}.elementor-widget-heading .elementor-heading-title.elementor-size-xl{font-size:39px}.elementor-widget-heading .elementor-heading-title.elementor-size-xxl{font-size:59px}<\/style><h2 class=\"elementor-heading-title elementor-size-default\">T\u1eadp th\u1ec3 l\u1edbp<\/h2>\t\t<\/div>\n\t\t\t\t<\/div>\n\t\t\t\t<div class=\"elementor-element elementor-element-ebc55dc elementor-widget elementor-widget-image\" data-id=\"ebc55dc\" data-element_type=\"widget\" data-widget_type=\"image.default\">\n\t\t\t\t<div class=\"elementor-widget-container\">\n\t\t\t<style>\/*! elementor - v3.11.5 - 14-03-2023 *\/\n.elementor-widget-image{text-align:center}.elementor-widget-image a{display:inline-block}.elementor-widget-image a img[src$=\".svg\"]{width:48px}.elementor-widget-image img{vertical-align:middle;display:inline-block}<\/style>\t\t\t\t\t\t\t\t\t\t\t\t<img decoding=\"async\" width=\"1280\" height=\"904\" src=\"https:\/\/itclass.tdtu.edu.vn\/ktpm2021clc02\/wp-content\/uploads\/sites\/6\/2023\/04\/anh-tap-the-lop.jpg\" class=\"attachment-2048x2048 size-2048x2048 wp-image-250\" alt=\"\" loading=\"lazy\" srcset=\"https:\/\/itclass.tdtu.edu.vn\/ktpm2021clc02\/wp-content\/uploads\/sites\/6\/2023\/04\/anh-tap-the-lop.jpg 1280w, https:\/\/itclass.tdtu.edu.vn\/ktpm2021clc02\/wp-content\/uploads\/sites\/6\/2023\/04\/anh-tap-the-lop-300x212.jpg 300w, https:\/\/itclass.tdtu.edu.vn\/ktpm2021clc02\/wp-content\/uploads\/sites\/6\/2023\/04\/anh-tap-the-lop-1024x723.jpg 1024w, https:\/\/itclass.tdtu.edu.vn\/ktpm2021clc02\/wp-content\/uploads\/sites\/6\/2023\/04\/anh-tap-the-lop-768x542.jpg 768w\" sizes=\"100vw\" \/>\t\t\t\t\t\t\t\t\t\t\t\t\t\t\t<\/div>\n\t\t\t\t<\/div>\n\t\t\t\t\t<\/div>\n\t\t<\/div>\n\t\t\t\t\t\t\t<\/div>\n\t\t<\/section>\n\t\t\t\t<section class=\"elementor-section elementor-top-section elementor-element elementor-element-d0a4e41 elementor-section-boxed elementor-section-height-default elementor-section-height-default\" data-id=\"d0a4e41\" data-element_type=\"section\">\n\t\t\t\t\t\t<div class=\"elementor-container elementor-column-gap-default\">\n\t\t\t\t\t<div class=\"elementor-column elementor-col-100 elementor-top-column elementor-element elementor-element-4196385\" data-id=\"4196385\" data-element_type=\"column\">\n\t\t\t<div class=\"elementor-widget-wrap elementor-element-populated\">\n\t\t\t\t\t\t\t\t<div class=\"elementor-element elementor-element-36a6324 elementor-widget elementor-widget-heading\" data-id=\"36a6324\" data-element_type=\"widget\" data-widget_type=\"heading.default\">\n\t\t\t\t<div class=\"elementor-widget-container\">\n\t\t\t<h2 class=\"elementor-heading-title elementor-size-default\">Ho\u1ea1t \u0111\u1ed9ng ti\u00eau bi\u1ec3u<\/h2>\t\t<\/div>\n\t\t\t\t<\/div>\n\t\t\t\t<div class=\"elementor-element elementor-element-f027acb elementor-widget elementor-widget-wpzoom-elementor-addons-slider\" data-id=\"f027acb\" data-element_type=\"widget\" data-settings=\"{&quot;slides_to_show&quot;:&quot;3&quot;,&quot;animation_speed&quot;:300,&quot;autoplay&quot;:&quot;yes&quot;,&quot;autoplay_speed&quot;:3000,&quot;loop&quot;:&quot;yes&quot;,&quot;slides_to_show_tablet&quot;:1,&quot;slides_to_show_mobile&quot;:1,&quot;navigation&quot;:&quot;arrow&quot;}\" data-widget_type=\"wpzoom-elementor-addons-slider.default\">\n\t\t\t\t<div class=\"elementor-widget-container\">\n\t\t\t<div class=\"wpzjs-slick wpz-slick wpz-slick--slider\">\n\n\t\t\t\n\t\t\t\t<div class=\"wpz-slick-slide\">\n\n\t\t\t\t\t<a class=\"wpz-slick-item\" href=\"https:\/\/itclass.tdtu.edu.vn\/ktpm2021clc02\/2023\/04\/19\/vng-tour-chuyen-di-den-voi-ky-lan-cong-nghe-vng\/\">\n\n\t\t\t\t\t\t\t\t\t\t\t\t\t<img decoding=\"async\" class=\"wpz-slick-img\" src=\"https:\/\/itclass.tdtu.edu.vn\/ktpm2021clc02\/wp-content\/uploads\/sites\/6\/2023\/04\/vng-768x432.jpg\" alt=\"VNG TOUR &#8211; CHUY\u1ebeN \u0110I \u0110\u1ebeN V\u1edaI K\u1ef2 L\u00c2N C\u00d4NG NGH\u1ec6 VNG\">\n\t\t\t\t\t\t\n\t\t\t\t\t\t\n\t\t\t\t\t\t\t\t\t\t\t\t\t<div class=\"wpz-slick-content\">\n\t\t\t\t\t\t\t\t\t\t\t\t\t\t\t\t\t<h2 class=\"wpz-slick-title\">VNG TOUR &#8211; CHUY\u1ebeN \u0110I \u0110\u1ebeN V\u1edaI K\u1ef2 L\u00c2N C\u00d4NG NGH\u1ec6 VNG<\/h2>\n\t\t\t\t\t\t\t\t\t\t\t\t\t\t\t\t\t\t\t\t\t\t\t\t\t<p class=\"wpz-slick-subtitle\">C\u00f3 m\u1eb7t t\u1ea1i KCX T\u00e2n Thu\u1eadn ng\u00e0y 15\/08\/2022, c\u00e1c b\u1ea1n sinh vi\u00ean \u0111\u00e3 c\u00f9ng tham gia h\u00e0nh tr\u00ecnh \u0111\u1ebfn v\u1edbi tr\u1ee5 s\u1edf c\u00f4ng ty VNG &#8211; \u201ck\u1ef3 l\u00e2n c\u00f4ng ngh\u1ec7\u201d \u0111\u1ea7u ti\u00ean t\u1ea1i Vi\u1ec7t Nam. Trong chuy\u1ebfn tham quan, c\u00e1c b\u1ea1n sinh vi\u00ean \u0111\u01b0\u1ee3c tr\u1ea3i nghi\u1ec7m m\u1ed9t m\u00f4i tr\u01b0\u1eddng l\u00e0m vi\u1ec7c h\u00e0ng \u0111\u1ea7u ch\u00e2u \u00c1 &hellip; <a href=\"https:\/\/itclass.tdtu.edu.vn\/ktpm2021clc02\/2023\/04\/19\/vng-tour-chuyen-di-den-voi-ky-lan-cong-nghe-vng\/\" class=\"more-link\">Read more<span class=\"screen-reader-text\"> \"VNG TOUR &#8211; CHUY\u1ebeN \u0110I \u0110\u1ebeN V\u1edaI K\u1ef2 L\u00c2N C\u00d4NG NGH\u1ec6 VNG\"<\/span><\/a><\/p>\n\t\t\t\t\t\t\t\t\t\t\t\t\t\t\t<\/div>\n\t\t\t\t\t\t\n\t\t\t\t\t<\/a>\n\n\t\t\t\t<\/div>\n\n\t\t\t\n\t\t<\/div>\n\n\t\t\t\t\t<button type=\"button\" class=\"slick-prev\"><i aria-hidden=\"true\" class=\"fas fa-chevron-left\"><\/i><\/button>\n\t\t\n\t\t\t\t\t<button type=\"button\" class=\"slick-next\"><i aria-hidden=\"true\" class=\"fas fa-chevron-right\"><\/i><\/button>\n\t\t\n\t\t\t\t<\/div>\n\t\t\t\t<\/div>\n\t\t\t\t\t<\/div>\n\t\t<\/div>\n\t\t\t\t\t\t\t<\/div>\n\t\t<\/section>\n\t\t\t\t\t\t\t<\/div>\n\t\t","protected":false},"excerpt":{"rendered":"<p>T\u1eadp th\u1ec3 l\u1edbp Ho\u1ea1t \u0111\u1ed9ng ti\u00eau bi\u1ec3u VNG TOUR &#8211; CHUY\u1ebeN \u0110I \u0110\u1ebeN V\u1edaI K\u1ef2 L\u00c2N C\u00d4NG NGH\u1ec6 VNG C\u00f3 m\u1eb7t t\u1ea1i KCX T\u00e2n Thu\u1eadn ng\u00e0y 15\/08\/2022, c\u00e1c b\u1ea1n sinh vi\u00ean \u0111\u00e3 c\u00f9ng tham gia h\u00e0nh tr\u00ecnh \u0111\u1ebfn v\u1edbi tr\u1ee5 s\u1edf c\u00f4ng ty VNG &#8211; \u201ck\u1ef3 l\u00e2n c\u00f4ng ngh\u1ec7\u201d \u0111\u1ea7u ti\u00ean t\u1ea1i Vi\u1ec7t Nam. Trong &hellip; <\/p>\n<p class=\"link-more\"><a href=\"https:\/\/itclass.tdtu.edu.vn\/ktpm2021clc02\/2023\/04\/19\/vng-tour-chuyen-di-den-voi-ky-lan-cong-nghe-vng\/\" class=\"more-link\">Read more<span class=\"screen-reader-text\"> &#8220;VNG TOUR &#8211; CHUY\u1ebeN \u0110I \u0110\u1ebeN V\u1edaI K\u1ef2 L\u00c2N C\u00d4NG NGH\u1ec6 VNG&#8221;<\/span><\/a><\/p>\n","protected":false},"author":6,"featured_media":0,"parent":0,"menu_order":0,"comment_status":"closed","ping_status":"closed","template":"","meta":{"content-type":""},"featured_image_urls":{"full":"","thumbnail":"","medium":"","medium_large":"","large":"","1536x1536":"","2048x2048":"","inspiro-featured-image":"","inspiro-loop":"","inspiro-loop@2x":""},"post_excerpt_stackable":"<p>C\u00f3 m\u1eb7t t\u1ea1i KCX T\u00e2n Thu\u1eadn ng\u00e0y 15\/08\/2022, c\u00e1c b\u1ea1n sinh vi\u00ean \u0111\u00e3 c\u00f9ng tham gia h\u00e0nh tr\u00ecnh \u0111\u1ebfn v\u1edbi tr\u1ee5 s\u1edf c\u00f4ng ty VNG &#8211; \u201ck\u1ef3 l\u00e2n c\u00f4ng ngh\u1ec7\u201d \u0111\u1ea7u ti\u00ean t\u1ea1i Vi\u1ec7t Nam. Trong chuy\u1ebfn tham quan, c\u00e1c b\u1ea1n sinh vi\u00ean \u0111\u01b0\u1ee3c tr\u1ea3i nghi\u1ec7m m\u1ed9t m\u00f4i tr\u01b0\u1eddng l\u00e0m vi\u1ec7c h\u00e0ng \u0111\u1ea7u ch\u00e2u \u00c1 v\u1edbi kh\u00f4ng gian hi\u1ec7n \u0111\u1ea1i v\u00e0 c\u1ef1c nhi\u1ec1u c\u00e1c ti\u1ec7n \u00edch d\u00e0nh cho nh\u00e2n vi\u00ean. B\u00ean c\u1ea1nh \u0111\u00f3, sinh vi\u00ean c\u00f2n \u0111\u01b0\u1ee3c l\u1eafng nghe, trao \u0111\u1ed5i nh\u1eefng th\u00f4ng tin b\u1ed5 \u00edch v\u00e0 th\u00fa v\u1ecb c\u00f9ng c\u00e1c anh ch\u1ecb HR v\u1ec1 c\u01a1 h\u1ed9i vi\u1ec7c l\u00e0m t\u1ea1i&hellip;<\/p>\n","category_list":"","author_info":{"name":"Nguy\u1ec5n Hu\u1ef3nh Ph\u01b0\u01a1ng To\u00e0n","url":"https:\/\/itclass.tdtu.edu.vn\/ktpm2021clc02\/author\/ktpm2021clc02\/"},"comments_num":"0 comments","_links":{"self":[{"href":"https:\/\/itclass.tdtu.edu.vn\/ktpm2021clc02\/wp-json\/wp\/v2\/pages\/59"}],"collection":[{"href":"https:\/\/itclass.tdtu.edu.vn\/ktpm2021clc02\/wp-json\/wp\/v2\/pages"}],"about":[{"href":"https:\/\/itclass.tdtu.edu.vn\/ktpm2021clc02\/wp-json\/wp\/v2\/types\/page"}],"author":[{"embeddable":true,"href":"https:\/\/itclass.tdtu.edu.vn\/ktpm2021clc02\/wp-json\/wp\/v2\/users\/6"}],"replies":[{"embeddable":true,"href":"https:\/\/itclass.tdtu.edu.vn\/ktpm2021clc02\/wp-json\/wp\/v2\/comments?post=59"}],"version-history":[{"count":16,"href":"https:\/\/itclass.tdtu.edu.vn\/ktpm2021clc02\/wp-json\/wp\/v2\/pages\/59\/revisions"}],"predecessor-version":[{"id":254,"href":"https:\/\/itclass.tdtu.edu.vn\/ktpm2021clc02\/wp-json\/wp\/v2\/pages\/59\/revisions\/254"}],"wp:attachment":[{"href":"https:\/\/itclass.tdtu.edu.vn\/ktpm2021clc02\/wp-json\/wp\/v2\/media?parent=59"}],"curies":[{"name":"wp","href":"https:\/\/api.w.org\/{rel}","templated":true}]}}