{"id":61,"date":"2023-04-19T12:37:29","date_gmt":"2023-04-19T12:37:29","guid":{"rendered":"https:\/\/itclass.tdtu.edu.vn\/ktpm2021clc02\/?page_id=61"},"modified":"2023-04-21T15:10:22","modified_gmt":"2023-04-21T15:10:22","slug":"tin-tuc","status":"publish","type":"page","link":"https:\/\/itclass.tdtu.edu.vn\/ktpm2021clc02\/tin-tuc\/","title":{"rendered":"Tin t\u1ee9c"},"content":{"rendered":"\t\t<div data-elementor-type=\"wp-page\" data-elementor-id=\"61\" class=\"elementor elementor-61\">\n\t\t\t\t\t\t\t\t\t<section class=\"elementor-section elementor-top-section elementor-element elementor-element-5c2f88c elementor-section-boxed elementor-section-height-default elementor-section-height-default\" data-id=\"5c2f88c\" data-element_type=\"section\">\n\t\t\t\t\t\t<div class=\"elementor-container elementor-column-gap-default\">\n\t\t\t\t\t<div class=\"elementor-column elementor-col-100 elementor-top-column elementor-element elementor-element-04a7055\" data-id=\"04a7055\" data-element_type=\"column\">\n\t\t\t<div class=\"elementor-widget-wrap elementor-element-populated\">\n\t\t\t\t\t\t\t\t<div class=\"elementor-element elementor-element-8d99430 elementor-widget elementor-widget-heading\" data-id=\"8d99430\" data-element_type=\"widget\" data-widget_type=\"heading.default\">\n\t\t\t\t<div class=\"elementor-widget-container\">\n\t\t\t<style>\/*! elementor - v3.11.5 - 14-03-2023 *\/\n.elementor-heading-title{padding:0;margin:0;line-height:1}.elementor-widget-heading .elementor-heading-title[class*=elementor-size-]>a{color:inherit;font-size:inherit;line-height:inherit}.elementor-widget-heading .elementor-heading-title.elementor-size-small{font-size:15px}.elementor-widget-heading .elementor-heading-title.elementor-size-medium{font-size:19px}.elementor-widget-heading .elementor-heading-title.elementor-size-large{font-size:29px}.elementor-widget-heading .elementor-heading-title.elementor-size-xl{font-size:39px}.elementor-widget-heading .elementor-heading-title.elementor-size-xxl{font-size:59px}<\/style><h2 class=\"elementor-heading-title elementor-size-default\">C\u00e1c ho\u1ea1t \u0111\u1ed9ng \u0111\u00e3 di\u1ec5n ra<\/h2>\t\t<\/div>\n\t\t\t\t<\/div>\n\t\t\t\t<div class=\"elementor-element elementor-element-b471f6d elementor-widget elementor-widget-eael-feature-list\" data-id=\"b471f6d\" data-element_type=\"widget\" data-widget_type=\"eael-feature-list.default\">\n\t\t\t\t<div class=\"elementor-widget-container\">\n\t\t\t\t\t<div class=\"-icon-position-left -tablet-icon-position-left -mobile-icon-position-left\">\n\t\t\t<ul id=\"eael-feature-list-b471f6d\" class=\"eael-feature-list-items circle stacked \">\n\t\t\t                <li class=\"eael-feature-list-item elementor-repeater-item-125a117\">\n                    \n\t\t\t\t\t\t<div class=\"eael-feature-list-icon-box\">\n\t\t\t\t\t\t\t<div class=\"eael-feature-list-icon-inner\">\n\n\t\t\t\t\t\t\t\t<a class=\"eael-feature-list-icon fl-icon-0\"href=\"https:\/\/studentnews.tdtu.edu.vn\/ThongBao\/Detail\/140502\">\n\n\t\t\t\t\t\t\t\t\t\t<\/a>\n\t\t\t\t\t\t\t<\/div>\n\t\t\t\t\t\t<\/div>\n\t\t\t\t\t\t<div class=\"eael-feature-list-content-box\">\n\t\t\t\t\t\t\t<h3 class=\"eael-feature-list-title\"\t\t\t\t\t\t\t><a href=\"https:\/\/studentnews.tdtu.edu.vn\/ThongBao\/Detail\/140502\">H\u1ed8I S\u00c1CH SINH VI\u00caN 2023: S\u00c1CH CHO T\u00d4I, CHO B\u1ea0N<\/a><\/h3\t\t\t\t\t\t>\n\t\t\t\t\t\t<p class=\"eael-feature-list-content\">H\u1ed8I S\u00c1CH SINH VI\u00caN 2023: S\u00c1CH CHO T\u00d4I, CHO B\u1ea0N<\/p>\n\t\t\t\t\t\t<\/div>\n\n\t\t\t\t\t<\/li>\n\t\t\t\t                <li class=\"eael-feature-list-item elementor-repeater-item-54ef197\">\n                    \n\t\t\t\t\t\t<div class=\"eael-feature-list-icon-box\">\n\t\t\t\t\t\t\t<div class=\"eael-feature-list-icon-inner\">\n\n\t\t\t\t\t\t\t\t<a class=\"eael-feature-list-icon fl-icon-1\"href=\"https:\/\/studentnews.tdtu.edu.vn\/ThongBao\/Detail\/140438\">\n\n\t\t\t\t\t\t\t\t\t\t<\/a>\n\t\t\t\t\t\t\t<\/div>\n\t\t\t\t\t\t<\/div>\n\t\t\t\t\t\t<div class=\"eael-feature-list-content-box\">\n\t\t\t\t\t\t\t<h3 class=\"eael-feature-list-title\"\t\t\t\t\t\t\t><a href=\"https:\/\/studentnews.tdtu.edu.vn\/ThongBao\/Detail\/140438\">NG\u00c0Y CH\u1ea0Y OLYMPIC V\u00cc S\u1ee8C KH\u1eceE TO\u00c0N D\u00c2N N\u0102M 2023<\/a><\/h3\t\t\t\t\t\t>\n\t\t\t\t\t\t<p class=\"eael-feature-list-content\">NG\u00c0Y CH\u1ea0Y OLYMPIC V\u00cc S\u1ee8C KH\u1eceE TO\u00c0N D\u00c2N N\u0102M 2023<\/p>\n\t\t\t\t\t\t<\/div>\n\n\t\t\t\t\t<\/li>\n\t\t\t\t                <li class=\"eael-feature-list-item elementor-repeater-item-023dede\">\n                    \n\t\t\t\t\t\t<div class=\"eael-feature-list-icon-box\">\n\t\t\t\t\t\t\t<div class=\"eael-feature-list-icon-inner\">\n\n\t\t\t\t\t\t\t\t<a class=\"eael-feature-list-icon fl-icon-2\"href=\"https:\/\/studentnews.tdtu.edu.vn\/ThongBao\/Detail\/140360\">\n\n\t\t\t\t\t\t\t\t\t\t<\/a>\n\t\t\t\t\t\t\t<\/div>\n\t\t\t\t\t\t<\/div>\n\t\t\t\t\t\t<div class=\"eael-feature-list-content-box\">\n\t\t\t\t\t\t\t<h3 class=\"eael-feature-list-title\"\t\t\t\t\t\t\t><a href=\"https:\/\/studentnews.tdtu.edu.vn\/ThongBao\/Detail\/140360\">WORKSHOP \u201cKHAI TH\u00c1C HI\u1ec6U QU\u1ea2 C\u01a0 S\u1ede D\u1eee LI\u1ec6U WEB OF SCIENCE\u201d<\/a><\/h3\t\t\t\t\t\t>\n\t\t\t\t\t\t<p class=\"eael-feature-list-content\">WORKSHOP \u201cKHAI TH\u00c1C HI\u1ec6U QU\u1ea2 C\u01a0 S\u1ede D\u1eee LI\u1ec6U WEB OF SCIENCE\u201d<\/p>\n\t\t\t\t\t\t<\/div>\n\n\t\t\t\t\t<\/li>\n\t\t\t\t\t\t\t<\/ul>\n\t\t<\/div>\n\t\t\t\t<\/div>\n\t\t\t\t<\/div>\n\t\t\t\t\t<\/div>\n\t\t<\/div>\n\t\t\t\t\t\t\t<\/div>\n\t\t<\/section>\n\t\t\t\t<section class=\"elementor-section elementor-top-section elementor-element elementor-element-5153622 elementor-section-boxed elementor-section-height-default elementor-section-height-default\" data-id=\"5153622\" data-element_type=\"section\">\n\t\t\t\t\t\t<div class=\"elementor-container elementor-column-gap-default\">\n\t\t\t\t\t<div class=\"elementor-column elementor-col-33 elementor-top-column elementor-element elementor-element-b1aa507\" data-id=\"b1aa507\" data-element_type=\"column\">\n\t\t\t<div class=\"elementor-widget-wrap elementor-element-populated\">\n\t\t\t\t\t\t\t\t<div class=\"elementor-element elementor-element-652facf elementor-widget elementor-widget-heading\" data-id=\"652facf\" data-element_type=\"widget\" data-widget_type=\"heading.default\">\n\t\t\t\t<div class=\"elementor-widget-container\">\n\t\t\t<h2 class=\"elementor-heading-title elementor-size-default\">Th\u1eddi s\u1ef1<\/h2>\t\t<\/div>\n\t\t\t\t<\/div>\n\t\t\t\t\t<\/div>\n\t\t<\/div>\n\t\t\t\t<div class=\"elementor-column elementor-col-66 elementor-top-column elementor-element elementor-element-91a9c3c\" data-id=\"91a9c3c\" data-element_type=\"column\">\n\t\t\t<div class=\"elementor-widget-wrap elementor-element-populated\">\n\t\t\t\t\t\t\t\t<div class=\"elementor-element elementor-element-8d05311 elementor-icon-list--layout-traditional elementor-list-item-link-full_width elementor-widget elementor-widget-icon-list\" data-id=\"8d05311\" data-element_type=\"widget\" data-widget_type=\"icon-list.default\">\n\t\t\t\t<div class=\"elementor-widget-container\">\n\t\t\t<link rel=\"stylesheet\" href=\"https:\/\/itclass.tdtu.edu.vn\/ktpm2021clc02\/wp-content\/plugins\/elementor\/assets\/css\/widget-icon-list.min.css\">\t\t<ul class=\"elementor-icon-list-items\">\n\t\t\t\t\t\t\t<li class=\"elementor-icon-list-item\">\n\t\t\t\t\t\t\t\t\t\t\t<a href=\"https:\/\/covid19.gov.vn\/\">\n\n\t\t\t\t\t\t\t\t\t\t\t\t<span class=\"elementor-icon-list-icon\">\n\t\t\t\t\t\t\t<i aria-hidden=\"true\" class=\"far fa-newspaper\"><\/i>\t\t\t\t\t\t<\/span>\n\t\t\t\t\t\t\t\t\t\t<span class=\"elementor-icon-list-text\">T\u00ecnh H\u00ecnh d\u1ecbch Covid - 19<\/span>\n\t\t\t\t\t\t\t\t\t\t\t<\/a>\n\t\t\t\t\t\t\t\t\t<\/li>\n\t\t\t\t\t\t<\/ul>\n\t\t\t\t<\/div>\n\t\t\t\t<\/div>\n\t\t\t\t\t<\/div>\n\t\t<\/div>\n\t\t\t\t\t\t\t<\/div>\n\t\t<\/section>\n\t\t\t\t<section class=\"elementor-section elementor-top-section elementor-element elementor-element-dad96ee elementor-section-boxed elementor-section-height-default elementor-section-height-default\" data-id=\"dad96ee\" data-element_type=\"section\">\n\t\t\t\t\t\t<div class=\"elementor-container elementor-column-gap-default\">\n\t\t\t\t\t<div class=\"elementor-column elementor-col-100 elementor-top-column elementor-element elementor-element-ebe5ea2\" data-id=\"ebe5ea2\" data-element_type=\"column\">\n\t\t\t<div class=\"elementor-widget-wrap elementor-element-populated\">\n\t\t\t\t\t\t\t\t<div class=\"elementor-element elementor-element-51c8230 elementor-widget elementor-widget-heading\" data-id=\"51c8230\" data-element_type=\"widget\" data-widget_type=\"heading.default\">\n\t\t\t\t<div class=\"elementor-widget-container\">\n\t\t\t<h2 class=\"elementor-heading-title elementor-size-default\">C\u00e1c m\u1eabu chuy\u1ec7n \u0111\u1eb9p<\/h2>\t\t<\/div>\n\t\t\t\t<\/div>\n\t\t\t\t<section class=\"elementor-section elementor-inner-section elementor-element elementor-element-5d0e70f elementor-section-boxed elementor-section-height-default elementor-section-height-default\" data-id=\"5d0e70f\" data-element_type=\"section\">\n\t\t\t\t\t\t<div class=\"elementor-container elementor-column-gap-default\">\n\t\t\t\t\t<div class=\"elementor-column elementor-col-50 elementor-inner-column elementor-element elementor-element-a1e6b91\" data-id=\"a1e6b91\" data-element_type=\"column\">\n\t\t\t<div class=\"elementor-widget-wrap elementor-element-populated\">\n\t\t\t\t\t\t\t\t<div class=\"elementor-element elementor-element-f512a7b elementor-widget elementor-widget-wpzoom-elementor-addons-image-box\" data-id=\"f512a7b\" data-element_type=\"widget\" data-widget_type=\"wpzoom-elementor-addons-image-box.default\">\n\t\t\t\t<div class=\"elementor-widget-container\">\n\t\t\t\t\t<div class=\"wpzoom-elementor-addons-image-box\">\n\t\t\t<h3>\n\t\t\t\t<a href=\"https:\/\/emas.tdtu.edu.vn\/tin-tuc\/2019\/vai-phut-suy-ngam-ve-ngoi-nha-thu-2-mang-ten-bac-ton\" class=\"wpzoom-elementor-addons-image-box-link is-linked has-image\" style=\"background-image:url('https:\/\/baotangtonducthang.vn\/uploads\/page\/2016_01\/CHAN-DUNG-BAC-TON-QUA-CAC-TAC-PHAM-MY-THUAT\/tranh-cat-liem-kiet-gian-di.JPG');\"><span><strong>Ng\u00f4i nh\u00e0 th\u1ee9 2 mang t\u00ean B\u00e1c T\u00f4n<\/strong><\/span><\/a>\t\t\t<\/h3>\n\t\t<\/div><!-- \/\/.wpzoom-elementor-addons-image-box -->\n\t\t\t\t<\/div>\n\t\t\t\t<\/div>\n\t\t\t\t\t<\/div>\n\t\t<\/div>\n\t\t\t\t<div class=\"elementor-column elementor-col-50 elementor-inner-column elementor-element elementor-element-de9b4af\" data-id=\"de9b4af\" data-element_type=\"column\">\n\t\t\t<div class=\"elementor-widget-wrap elementor-element-populated\">\n\t\t\t\t\t\t\t\t<div class=\"elementor-element elementor-element-51f5e47 elementor-widget elementor-widget-wpzoom-elementor-addons-image-box\" data-id=\"51f5e47\" data-element_type=\"widget\" data-widget_type=\"wpzoom-elementor-addons-image-box.default\">\n\t\t\t\t<div class=\"elementor-widget-container\">\n\t\t\t\t\t<div class=\"wpzoom-elementor-addons-image-box\">\n\t\t\t<h3>\n\t\t\t\t<a href=\"https:\/\/www.tdtu.edu.vn\/tin-tuc\/2022-06\/chieu-ca-mau-cua-sinh-vien-dai-hoc-ton-duc-thang-buoc-ra-dau-truong-gioi\" class=\"wpzoom-elementor-addons-image-box-link is-linked has-image\" style=\"background-image:url('https:\/\/www.tdtu.edu.vn\/sites\/www\/files\/articles\/2022\/Jun\/Chieu-Ca-Mau\/Chieu-Ca-Mau-5.jpg');\"><span><strong>Chi\u1ebfu C\u00e0 Mau<\/strong><\/span><\/a>\t\t\t<\/h3>\n\t\t<\/div><!-- \/\/.wpzoom-elementor-addons-image-box -->\n\t\t\t\t<\/div>\n\t\t\t\t<\/div>\n\t\t\t\t\t<\/div>\n\t\t<\/div>\n\t\t\t\t\t\t\t<\/div>\n\t\t<\/section>\n\t\t\t\t\t<\/div>\n\t\t<\/div>\n\t\t\t\t\t\t\t<\/div>\n\t\t<\/section>\n\t\t\t\t\t\t\t<\/div>\n\t\t","protected":false},"excerpt":{"rendered":"<p>C\u00e1c ho\u1ea1t \u0111\u1ed9ng \u0111\u00e3 di\u1ec5n ra H\u1ed8I S\u00c1CH SINH VI\u00caN 2023: S\u00c1CH CHO T\u00d4I, CHO B\u1ea0N H\u1ed8I S\u00c1CH SINH VI\u00caN 2023: S\u00c1CH CHO T\u00d4I, CHO B\u1ea0N NG\u00c0Y CH\u1ea0Y OLYMPIC V\u00cc S\u1ee8C KH\u1eceE TO\u00c0N D\u00c2N N\u0102M 2023 NG\u00c0Y CH\u1ea0Y OLYMPIC V\u00cc S\u1ee8C KH\u1eceE TO\u00c0N D\u00c2N N\u0102M 2023 WORKSHOP \u201cKHAI TH\u00c1C HI\u1ec6U QU\u1ea2 C\u01a0 S\u1ede D\u1eee LI\u1ec6U &hellip; <\/p>\n<p class=\"link-more\"><a href=\"https:\/\/itclass.tdtu.edu.vn\/ktpm2021clc02\/tin-tuc\/\" class=\"more-link\">Read more<span class=\"screen-reader-text\"> &#8220;Tin t\u1ee9c&#8221;<\/span><\/a><\/p>\n","protected":false},"author":6,"featured_media":0,"parent":0,"menu_order":0,"comment_status":"closed","ping_status":"closed","template":"","meta":{"content-type":""},"featured_image_urls":{"full":"","thumbnail":"","medium":"","medium_large":"","large":"","1536x1536":"","2048x2048":"","inspiro-featured-image":"","inspiro-loop":"","inspiro-loop@2x":""},"post_excerpt_stackable":"<p>C\u00e1c ho\u1ea1t \u0111\u1ed9ng \u0111\u00e3 di\u1ec5n ra H\u1ed8I S\u00c1CH SINH VI\u00caN 2023: S\u00c1CH CHO T\u00d4I, CHO B\u1ea0N H\u1ed8I S\u00c1CH SINH VI\u00caN 2023: S\u00c1CH CHO T\u00d4I, CHO B\u1ea0N NG\u00c0Y CH\u1ea0Y OLYMPIC V\u00cc S\u1ee8C KH\u1eceE TO\u00c0N D\u00c2N N\u0102M 2023 NG\u00c0Y CH\u1ea0Y OLYMPIC V\u00cc S\u1ee8C KH\u1eceE TO\u00c0N D\u00c2N N\u0102M 2023 WORKSHOP \u201cKHAI TH\u00c1C HI\u1ec6U QU\u1ea2 C\u01a0 S\u1ede D\u1eee LI\u1ec6U WEB OF SCIENCE\u201d WORKSHOP \u201cKHAI TH\u00c1C HI\u1ec6U QU\u1ea2 C\u01a0 S\u1ede D\u1eee LI\u1ec6U WEB OF SCIENCE\u201d Th\u1eddi s\u1ef1 T\u00ecnh H\u00ecnh d\u1ecbch Covid &#8211; 19 C\u00e1c m\u1eabu chuy\u1ec7n \u0111\u1eb9p Ng\u00f4i nh\u00e0 th\u1ee9 2 mang t\u00ean B\u00e1c T\u00f4n Chi\u1ebfu C\u00e0 Mau<\/p>\n","category_list":"","author_info":{"name":"Nguy\u1ec5n Hu\u1ef3nh Ph\u01b0\u01a1ng To\u00e0n","url":"https:\/\/itclass.tdtu.edu.vn\/ktpm2021clc02\/author\/ktpm2021clc02\/"},"comments_num":"0 comments","_links":{"self":[{"href":"https:\/\/itclass.tdtu.edu.vn\/ktpm2021clc02\/wp-json\/wp\/v2\/pages\/61"}],"collection":[{"href":"https:\/\/itclass.tdtu.edu.vn\/ktpm2021clc02\/wp-json\/wp\/v2\/pages"}],"about":[{"href":"https:\/\/itclass.tdtu.edu.vn\/ktpm2021clc02\/wp-json\/wp\/v2\/types\/page"}],"author":[{"embeddable":true,"href":"https:\/\/itclass.tdtu.edu.vn\/ktpm2021clc02\/wp-json\/wp\/v2\/users\/6"}],"replies":[{"embeddable":true,"href":"https:\/\/itclass.tdtu.edu.vn\/ktpm2021clc02\/wp-json\/wp\/v2\/comments?post=61"}],"version-history":[{"count":7,"href":"https:\/\/itclass.tdtu.edu.vn\/ktpm2021clc02\/wp-json\/wp\/v2\/pages\/61\/revisions"}],"predecessor-version":[{"id":258,"href":"https:\/\/itclass.tdtu.edu.vn\/ktpm2021clc02\/wp-json\/wp\/v2\/pages\/61\/revisions\/258"}],"wp:attachment":[{"href":"https:\/\/itclass.tdtu.edu.vn\/ktpm2021clc02\/wp-json\/wp\/v2\/media?parent=61"}],"curies":[{"name":"wp","href":"https:\/\/api.w.org\/{rel}","templated":true}]}}