{"id":62,"date":"2023-04-19T12:37:29","date_gmt":"2023-04-19T12:37:29","guid":{"rendered":"https:\/\/itclass.tdtu.edu.vn\/ktpm2021clc02\/?page_id=62"},"modified":"2023-04-21T15:30:22","modified_gmt":"2023-04-21T15:30:22","slug":"thong-bao","status":"publish","type":"page","link":"https:\/\/itclass.tdtu.edu.vn\/ktpm2021clc02\/thong-bao\/","title":{"rendered":"Th\u00f4ng B\u00e1o"},"content":{"rendered":"\t\t<div data-elementor-type=\"wp-page\" data-elementor-id=\"62\" class=\"elementor elementor-62\">\n\t\t\t\t\t\t\t\t\t<section class=\"elementor-section elementor-top-section elementor-element elementor-element-3983d9e elementor-section-boxed elementor-section-height-default elementor-section-height-default\" data-id=\"3983d9e\" data-element_type=\"section\">\n\t\t\t\t\t\t<div class=\"elementor-container elementor-column-gap-default\">\n\t\t\t\t\t<div class=\"elementor-column elementor-col-100 elementor-top-column elementor-element elementor-element-6a5c8dd\" data-id=\"6a5c8dd\" data-element_type=\"column\">\n\t\t\t<div class=\"elementor-widget-wrap elementor-element-populated\">\n\t\t\t\t\t\t\t\t<div class=\"elementor-element elementor-element-da9ef07 elementor-widget elementor-widget-heading\" data-id=\"da9ef07\" data-element_type=\"widget\" data-widget_type=\"heading.default\">\n\t\t\t\t<div class=\"elementor-widget-container\">\n\t\t\t<style>\/*! elementor - v3.11.5 - 14-03-2023 *\/\n.elementor-heading-title{padding:0;margin:0;line-height:1}.elementor-widget-heading .elementor-heading-title[class*=elementor-size-]>a{color:inherit;font-size:inherit;line-height:inherit}.elementor-widget-heading .elementor-heading-title.elementor-size-small{font-size:15px}.elementor-widget-heading .elementor-heading-title.elementor-size-medium{font-size:19px}.elementor-widget-heading .elementor-heading-title.elementor-size-large{font-size:29px}.elementor-widget-heading .elementor-heading-title.elementor-size-xl{font-size:39px}.elementor-widget-heading .elementor-heading-title.elementor-size-xxl{font-size:59px}<\/style><h2 class=\"elementor-heading-title elementor-size-default\">Nh\u1eafc nh\u1edf h\u1ecdc ph\u00ed, h\u1ecdc v\u1ee5<\/h2>\t\t<\/div>\n\t\t\t\t<\/div>\n\t\t\t\t\t<\/div>\n\t\t<\/div>\n\t\t\t\t\t\t\t<\/div>\n\t\t<\/section>\n\t\t\t\t<section class=\"elementor-section elementor-top-section elementor-element elementor-element-2c05fc0 elementor-section-boxed elementor-section-height-default elementor-section-height-default\" data-id=\"2c05fc0\" data-element_type=\"section\">\n\t\t\t\t\t\t<div class=\"elementor-container elementor-column-gap-default\">\n\t\t\t\t\t<div class=\"elementor-column elementor-col-100 elementor-top-column elementor-element elementor-element-5b2f875\" data-id=\"5b2f875\" data-element_type=\"column\">\n\t\t\t<div class=\"elementor-widget-wrap elementor-element-populated\">\n\t\t\t\t\t\t\t\t<div class=\"elementor-element elementor-element-c78dc9a elementor-widget elementor-widget-text-editor\" data-id=\"c78dc9a\" data-element_type=\"widget\" data-widget_type=\"text-editor.default\">\n\t\t\t\t<div class=\"elementor-widget-container\">\n\t\t\t<style>\/*! elementor - v3.11.5 - 14-03-2023 *\/\n.elementor-widget-text-editor.elementor-drop-cap-view-stacked .elementor-drop-cap{background-color:#818a91;color:#fff}.elementor-widget-text-editor.elementor-drop-cap-view-framed .elementor-drop-cap{color:#818a91;border:3px solid;background-color:transparent}.elementor-widget-text-editor:not(.elementor-drop-cap-view-default) .elementor-drop-cap{margin-top:8px}.elementor-widget-text-editor:not(.elementor-drop-cap-view-default) .elementor-drop-cap-letter{width:1em;height:1em}.elementor-widget-text-editor .elementor-drop-cap{float:left;text-align:center;line-height:1;font-size:50px}.elementor-widget-text-editor .elementor-drop-cap-letter{display:inline-block}<\/style>\t\t\t\t<p style=\"font-weight: 400\">C\u0103n c\u1ee9 theo k\u1ebf ho\u1ea1ch n\u0103m h\u1ecdc 2022-2023 \u0111\u00e3 \u0111\u01b0\u1ee3c Ban gi\u00e1m hi\u1ec7u ph\u00ea duy\u1ec7t, Ph\u00f2ng T\u00e0i ch\u00ednh th\u00f4ng b\u00e1o th\u1eddi gian thu h\u1ecdc ph\u00ed cho h\u1ecdc k\u1ef3 2 n\u0103m h\u1ecdc 2022-2023\u00a0 nh\u01b0 sau:<\/p><ol><li style=\"font-weight: 400\"><b><strong> \u0110\u1ed1i t\u01b0\u1ee3ng:<\/strong><\/b><\/li><\/ol><p style=\"font-weight: 400\"><b>&#8211; Sinh vi\u00ean c\u00f3 k\u1ebft qu\u1ea3 \u0111\u0103ng k\u00fd TSNN\/KLTN\/M\u00f4n thay th\u1ebf t\u1ed1t nghi\u1ec7p trong h\u1ecdc k\u1ef3 2\/2022-2023.<\/b><\/p><p style=\"font-weight: 400\"><b>&#8211; Sinh vi\u00ean \u0111\u00e3 \u0111\u01b0\u1ee3c Nh\u00e0 Tr\u01b0\u1eddng \u0111\u1ed3ng \u00fd cho gia h\u1ea1n h\u1ecdc ph\u00ed (n\u1ed9p \u0111\u01a1n t\u1eeb 2\/3 -&gt; 4\/3\/2023) ho\u1eb7c c\u1ee9u x\u00e9t.<\/b><\/p><p style=\"font-weight: 400\"><b>&#8211; Sinh vi\u00ean c\u1ea7n ho\u00e0n th\u00e0nh h\u1ecdc ph\u00ed \u0111\u1ec3 c\u00f3 \u0111\u1ee7 \u0111i\u1ec1u ki\u1ec7n \u0111\u0103ng k\u00fd m\u00f4n trong h\u1ecdc k\u1ef3 1\/2023-2024.<\/b><\/p><ol><li style=\"font-weight: 400\"><b><strong> Th\u1eddi gian thu<\/strong><\/b><b><strong><em>t\u1eeb ng\u00e0y<\/em><\/strong><\/b><b><strong><em>20\/3\/2023\u00a0<\/em><\/strong><\/b><b><strong><em>\u0111\u1ebfn\u00a0<\/em><\/strong><\/b><b><strong><em>31\/3\/2023<\/em><\/strong><\/b><\/li><li style=\"font-weight: 400\"><b><strong> Tra c\u1ee9u m\u1ee9c h\u1ecdc ph\u00ed ph\u1ea3i n\u1ed9p:<\/strong><\/b>sinh vi\u00ean \u0111\u0103ng nh\u1eadp v\u00e0o<b><strong><em>&#8220;C\u1ed5ng th\u00f4ng tin sinh vi\u00ean&#8221;<\/em><\/strong><\/b>\u00a0ch\u1ecdn m\u1ee5c\u00a0<b><strong><em>&#8220;H\u1ecdc ph\u00ed&#8221;<\/em><\/strong><\/b>\u00a0ch\u1ecdn\u00a0<b><strong><em>\u201cH\u1ecdc k\u1ef3 2 n\u0103m h\u1ecdc 2022-2023\u201d\u00a0<\/em><\/strong><\/b>\u0111\u1ec3 bi\u1ebft m\u1ee9c h\u1ecdc ph\u00ed ph\u1ea3i n\u1ed9p trong \u0111\u1ee3t n\u00e0y.<\/li><li style=\"font-weight: 400\"><b><strong> L\u1ea5y m\u00e3 giao d\u1ecbch ng\u00e2n h\u00e0ng:<\/strong><\/b>sinh vi\u00ean \u0111\u0103ng nh\u1eadp v\u00e0o<b><strong><em>&#8220;C\u1ed5ng th\u00f4ng tin sinh vi\u00ean&#8221;<\/em><\/strong><\/b>\u00a0ch\u1ecdn m\u1ee5c\u00a0<b><strong><em>&#8220;M\u00e3 giao d\u1ecbch ng\u00e2n h\u00e0ng&#8221;<\/em><\/strong><\/b>\u00a0ch\u1ecdn\u00a0<b><strong><em>\u201cH\u1ecdc k\u1ef3 2 n\u0103m h\u1ecdc 2022-2023\u201d\u00a0<\/em><\/strong><\/b>\u0111\u1ec3 l\u1ea5y m\u00e3 giao d\u1ecbch tr\u01b0\u1edbc khi \u0111i thanh to\u00e1n.\u00a0<em>L\u01b0u \u00fd: sinh vi\u00ean kh\u00f4ng th\u1ef1c hi\u1ec7n n\u1ed9p h\u1ecdc ph\u00ed b\u1eb1ng c\u00e1c m\u00e3 giao d\u1ecbch ng\u00e2n h\u00e0ng \u0111\u00e3 qu\u00e1 h\u1ea1n.<\/em><\/li><li style=\"font-weight: 400\"><b><strong> H\u00ecnh th\u1ee9c thanh to\u00e1n:<\/strong><\/b>sinh vi\u00ean \u0111\u0103ng nh\u1eadp v\u00e0o<b><strong><em>&#8220;C\u1ed5ng th\u00f4ng tin sinh vi\u00ean&#8221;<\/em><\/strong><\/b>\u00a0ch\u1ecdn m\u1ee5c\u00a0<b><strong><em>&#8220;H\u1ecdc ph\u00ed&#8221;<\/em>\u00a0<\/strong><\/b>ch\u1ecdn\u00a0<b><strong><em>\u201cHD Thanh to\u00e1n h\u1ecdc ph\u00ed\u201d\u00a0<\/em><\/strong><\/b><em>\u0111\u1ec3 xem c\u00e1c h\u01b0\u1edbng d\u1eabn thanh to\u00e1n h\u1ecdc ph\u00ed t\u1ea1i Ng\u00e2n h\u00e0ng Vietcombank.<\/em><\/li><li style=\"font-weight: 400\"><b><strong> Tra c\u1ee9u m\u1ee9c h\u1ecdc ph\u00ed \u0111\u00e3 n\u1ed9p:<\/strong><\/b>sau<b><strong>02<\/strong><\/b>\u00a0ng\u00e0y k\u1ec3 t\u1eeb ng\u00e0y sinh vi\u00ean n\u1ed9p h\u1ecdc ph\u00ed, sinh vi\u00ean \u0111\u0103ng nh\u1eadp v\u00e0o\u00a0<b><strong><em>&#8220;C\u1ed5ng th\u00f4ng tin sinh vi\u00ean&#8221;<\/em><\/strong><\/b>\u00a0ch\u1ecdn m\u1ee5c\u00a0<b><strong><em>&#8220;H\u1ecdc ph\u00ed&#8221;<\/em><\/strong><\/b>\u00a0ch\u1ecdn\u00a0<b><strong><em>\u201cH\u1ecdc k\u1ef3 2 n\u0103m h\u1ecdc 2022-2023\u201d<\/em><\/strong><\/b>\u00a0\u0111\u1ec3 ki\u1ec3m tra \u0111\u1ed1i chi\u1ebfu s\u1ed1 ti\u1ec1n h\u1ecdc ph\u00ed \u0111\u00e3 n\u1ed9p v\u00e0 ph\u1ea3n h\u1ed3i cho Ph\u00f2ng T\u00e0i ch\u00ednh b\u1eb1ng c\u00e1ch g\u1eedi email v\u1ec1 \u0111\u1ecba ch\u1ec9\u00a0<a href=\"mailto:tuition@tdtu.edu.vn\"><b><strong><em>tuition@tdtu.edu.vn<\/em><\/strong><\/b><\/a><b><strong><em>\u00a0<\/em><\/strong><\/b>n\u1ebfu c\u00f3\u00a0<b><strong>sai s\u00f3t<\/strong><\/b>\u00a0ho\u1eb7c tr\u01b0\u1eddng h\u1ee3p\u00a0<b><strong>\u0111\u00e3 n\u1ed9p h\u1ecdc ph\u00ed nh\u01b0ng kh\u00f4ng \u0111\u01b0\u1ee3c c\u1eadp nh\u1eadt l\u00ean h\u1ec7 th\u1ed1ng<\/strong><\/b>\u00a0<em>(Vui l\u00f2ng ki\u1ec3m tra h\u1ecdc ph\u00ed trong th\u1eddi gian theo th\u00f4ng b\u00e1o tr\u01b0\u1edbc khi ti\u1ebfn h\u00e0nh g\u1eedi email).<\/em><\/li><li style=\"font-weight: 400\"><b><strong> C\u00e1c l\u01b0u \u00fd kh\u00e1c:<\/strong><\/b><\/li><\/ol><p style=\"font-weight: 400\"><em>1) H\u1ecdc ph\u00ed n\u00e0y\u00a0<\/em><b><strong><em>ch\u01b0a bao g\u1ed3m m\u00f4n h\u1ecdc Ti\u1ebfng Anh c\u1ee7a c\u00e1c \u0111\u1ee3t khai gi\u1ea3ng t\u1eeb ng\u00e0y 06\/03\/2023 tr\u1edf v\u1ec1 sau<\/em><\/strong><\/b><em>\u00a0c\u1ee7a sinh vi\u00ean trong h\u1ecdc k\u1ef3 2\/2022-2023\u00a0<\/em><b><strong><em>v\u00e0 c\u00e1c m\u00f4n h\u1ecdc m\u00e0 sinh vi\u00ean \u0111ang c\u1ee9u x\u00e9t \u0111\u0103ng k\u00fd m\u00f4n h\u1ecdc tr\u1ec5 h\u1ea1n<\/em><\/strong><\/b><em>\u00a0h\u1ecdc k\u1ef3 2\/2022-2023 nh\u01b0ng\u00a0<\/em><b><strong><em>ch\u01b0a \u0111\u01b0\u1ee3c x\u1eed l\u00fd<\/em><\/strong><\/b><em>. Sinh vi\u00ean\u00a0<\/em><b><strong><em>vui l\u00f2ng c\u1eadp nh\u1eadt th\u00f4ng tin h\u1ecdc ph\u00ed sau khi c\u00f3 k\u1ebft qu\u1ea3 x\u1ebfp l\u1edbp Ti\u1ebfng Anh v\u00e0 k\u1ebft qu\u1ea3 \u0111\u01a1n \u0111\u0103ng k\u00fd m\u00f4n h\u1ecdc tr\u1ec5 h\u1ea1n \u0111\u01b0\u1ee3c gi\u1ea3i quy\u1ebft tr\u00ean h\u1ec7 th\u1ed1ng th\u00f4ng tin sinh vi\u00ean.<\/em><\/strong><\/b><\/p><p style=\"font-weight: 400\"><em>2) Sinh vi\u00ean khi \u0111\u00f3ng h\u1ecdc ph\u00ed ph\u1ea3i ki\u1ec3m tra c\u00e1c m\u00f4n h\u1ecdc \u0111\u00e3 c\u00f3 k\u1ebft qu\u1ea3 \u0111\u0103ng k\u00fd th\u00e0nh c\u00f4ng trong HK2\/2022-2023 v\u00e0 \u0111\u1ed1i chi\u1ebfu s\u1ed1 ti\u1ec1n trong ph\u00e2n h\u1ec7 h\u1ecdc ph\u00ed, sinh vi\u00ean xem ph\u1ea7n ghi ch\u00fa \u0111\u1ec3 m\u00f4n h\u1ecdc n\u00e0o \u0111\u00e3 t\u00ednh h\u1ecdc ph\u00ed, m\u00f4n h\u1ecdc n\u00e0o ch\u01b0a \u0111\u01b0\u1ee3c t\u00ednh h\u1ecdc ph\u00ed (\u0111ang ch\u1edd x\u00e9t). N\u1ebfu c\u00f3 th\u1eafc m\u1eafc vui l\u00f2ng g\u1eedi email v\u1ec1 T\u1ed5 h\u1ecdc ph\u00ed:\u00a0<\/em><b><strong>\u00a0<\/strong><\/b><a href=\"mailto:tuition@tdtu.edu.vn\"><b><strong><em>tuition@tdtu.edu.vn<\/em><\/strong><\/b><\/a><em>\u00a0<\/em><em>\u00a0\u0111\u1ec3 ki\u1ec3m tra \u0111\u1ed1i chi\u1ebfu.<\/em><\/p><p style=\"font-weight: 400\"><em>3) \u0110\u1ed1i v\u1edbi tr\u01b0\u1eddng h\u1ee3p sinh vi\u00ean ch\u01b0a ho\u00e0n th\u00e0nh h\u1ecdc ph\u00ed h\u1ecdc k\u1ef3 1\/2022-2023 v\u00e0 h\u1ecdc k\u1ef3 d\u1ef1 th\u00ednh 1\/2022-2023. Nh\u00e0 Tr\u01b0\u1eddng s\u1ebd ti\u1ebfn h\u00e0nh k\u1ebft chuy\u1ec3n ph\u1ea7n d\u01b0 n\u1ee3 h\u1ecdc ph\u00ed c\u1ee7a h\u1ecdc k\u1ef3 1\/2022-2023, d\u1ef1 th\u00ednh 1\/2022-2023 sang h\u1ecdc k\u1ef3 2\/2022-2023. Sinh vi\u00ean c\u00f3 tr\u00e1ch nhi\u1ec7m\u00a0<\/em><b><strong><em>ho\u00e0n th\u00e0nh s\u1ed1 ti\u1ec1n h\u1ecdc ph\u00ed ph\u1ea3i n\u1ed9p<\/em><\/strong><\/b><em>\u00a0c\u1ee7a h\u1ecdc k\u1ef3 2\/2022-2023 \u0111\u1ec3 \u0111\u1ea3m b\u1ea3o c\u00e1c quy\u1ec1n l\u1ee3i h\u1ecdc v\u00e0 thi theo quy \u0111\u1ecbnh c\u1ee7a Nh\u00e0 Tr\u01b0\u1eddng. C\u00e1c tr\u01b0\u1eddng h\u1ee3p b\u1ecb x\u1eed l\u00fd \u0111i\u1ec3m F \u1edf c\u00e1c h\u1ecdc k\u1ef3 1 v\u00e0 d\u1ef1 th\u00ednh 1\/2022-2023, Nh\u00e0 Tr\u01b0\u1eddng \u0111\u00e3 ch\u1ed1t d\u1eef li\u1ec7u v\u00e0 kh\u00f4ng xem x\u00e9t th\u00eam<\/em><\/p><p style=\"font-weight: 400\"><em>5) Sinh vi\u00ean\u00a0<\/em><b><strong><em>kh\u00f4ng ho\u00e0n th\u00e0nh ngh\u0129a v\u1ee5 h\u1ecdc ph\u00ed h\u1ecdc k\u1ef3 2\/2022-2023; kh\u00f4ng n\u1ed9p h\u1ecdc ph\u00ed \u0111\u00fang th\u1eddi gian trong th\u00f4ng b\u00e1o; kh\u00f4ng th\u1ef1c hi\u1ec7n \u0111\u1ed1i chi\u1ebfu v\u00e0 ph\u1ea3n h\u1ed3i \u0111\u00fang th\u1eddi gian quy \u0111\u1ecbnh \u1edf m\u1ee5c F khi c\u00f3 sai s\u00f3t trong qu\u00e1 tr\u00ecnh th\u1ef1c hi\u1ec7n n\u1ed9p ti\u1ec1n d\u1eabn \u0111\u1ebfn h\u1ecdc ph\u00ed kh\u00f4ng \u0111\u01b0\u1ee3c c\u1eadp nh\u1eadt l\u00ean h\u1ec7 th\u1ed1ng,<\/em><\/strong><\/b><em>..\u00a0\u00a0s\u1ebd kh\u00f4ng \u0111\u1ee7 \u0111i\u1ec1u ki\u1ec7n tham gia \u0111\u00e1nh gi\u00e1 \u0111i\u1ec3m qu\u00e1 tr\u00ecnh, gi\u1eefa k\u1ef3 v\u00e0 cu\u1ed1i k\u1ef3 cho c\u00e1c m\u00f4n h\u1ecdc c\u1ee7a h\u1ecdc k\u1ef3 2\/2022-2023. Sinh vi\u00ean \u0111\u00e3 c\u00f3 \u0111i\u1ec3m F do kh\u00f4ng ho\u00e0n th\u00e0nh h\u1ecdc ph\u00ed \u0111\u1ee3t \u1edf c\u00e1c \u0111\u1ee3t thu tr\u01b0\u1edbc, Nh\u00e0 Tr\u01b0\u1eddng \u0111\u00e3 ch\u1ed1t d\u1eef li\u1ec7u v\u00e0 kh\u00f4ng xem x\u00e9t th\u00eam.<\/em><\/p><ol><li style=\"font-weight: 400\"><b><strong> C\u00e1c k\u00eanh th\u00f4ng tin h\u1ed7 tr\u1ee3:<\/strong><\/b>(vui l\u00f2ng li\u00ean h\u1ec7 trong gi\u1edd h\u00e0nh ch\u00ednh)<\/li><li style=\"font-weight: 400\">a) V\u0103n ph\u00f2ng Khoa<\/li><li style=\"font-weight: 400\">b) B\u1ed9 ph\u1eadn h\u1ecdc ph\u00ed Ph\u00f2ng T\u00e0i ch\u00ednh<\/li><\/ol><p style=\"font-weight: 400\">&#8211; Email:\u00a0<a href=\"mailto:tuition@tdtu.edu.vn\">tuition@tdtu.edu.vn<\/a><\/p><p style=\"font-weight: 400\">&#8211; \u0110i\u1ec7n tho\u1ea1i:\u00a0<b><strong>(028) 37 755 070 &#8211; \u200b0914 137 328<\/strong><\/b><\/p><ol><li style=\"font-weight: 400\">c) V\u0103n ph\u00f2ng t\u01b0 v\u1ea5n v\u00e0 h\u1ed7 tr\u1ee3 sinh vi\u00ean<\/li><\/ol><p style=\"font-weight: 400\">&#8211; Email:\u00a0<a href=\"mailto:tuvanhocduong@tdtu.edu.vn\">tuvanhocduong@tdtu.edu.vn<\/a><\/p><p style=\"font-weight: 400\">&#8211; \u0110i\u1ec7n tho\u1ea1i:\u00a0<b><strong>(028) 22 477 215<\/strong><\/b><\/p><ol><li style=\"font-weight: 400\">d) Ph\u00f2ng C\u00f4ng t\u00e1c h\u1ecdc sinh \u2013 sinh vi\u00ean<\/li><\/ol><p style=\"font-weight: 400\">&#8211; Email:\u00a0<a href=\"mailto:desa@tdtu.edu.vn\">desa@tdtu.edu.vn<\/a><\/p><p style=\"font-weight: 400\">&#8211; \u0110i\u1ec7n tho\u1ea1i:\u00a0<b><strong>(028) 37 755 054 \u2013 091 66 44 926<\/strong><\/b><\/p>\t\t\t\t\t\t<\/div>\n\t\t\t\t<\/div>\n\t\t\t\t\t<\/div>\n\t\t<\/div>\n\t\t\t\t\t\t\t<\/div>\n\t\t<\/section>\n\t\t\t\t<section class=\"elementor-section elementor-top-section elementor-element elementor-element-2ada691 elementor-section-boxed elementor-section-height-default elementor-section-height-default\" data-id=\"2ada691\" data-element_type=\"section\">\n\t\t\t\t\t\t<div class=\"elementor-container elementor-column-gap-default\">\n\t\t\t\t\t<div class=\"elementor-column elementor-col-100 elementor-top-column elementor-element elementor-element-c8db684\" data-id=\"c8db684\" data-element_type=\"column\">\n\t\t\t<div class=\"elementor-widget-wrap elementor-element-populated\">\n\t\t\t\t\t\t\t\t<div class=\"elementor-element elementor-element-adba7e0 elementor-widget elementor-widget-heading\" data-id=\"adba7e0\" data-element_type=\"widget\" data-widget_type=\"heading.default\">\n\t\t\t\t<div class=\"elementor-widget-container\">\n\t\t\t<h2 class=\"elementor-heading-title elementor-size-default\">C\u00e1c ho\u1ea1t \u0111\u1ed9ng s\u1eafp di\u1ec5n ra<\/h2>\t\t<\/div>\n\t\t\t\t<\/div>\n\t\t\t\t\t<\/div>\n\t\t<\/div>\n\t\t\t\t\t\t\t<\/div>\n\t\t<\/section>\n\t\t\t\t<section class=\"elementor-section elementor-top-section elementor-element elementor-element-c22bd03 elementor-section-boxed elementor-section-height-default elementor-section-height-default\" data-id=\"c22bd03\" data-element_type=\"section\">\n\t\t\t\t\t\t<div class=\"elementor-container elementor-column-gap-default\">\n\t\t\t\t\t<div class=\"elementor-column elementor-col-100 elementor-top-column elementor-element elementor-element-5af29a6\" data-id=\"5af29a6\" data-element_type=\"column\">\n\t\t\t<div class=\"elementor-widget-wrap elementor-element-populated\">\n\t\t\t\t\t\t\t\t<div class=\"elementor-element elementor-element-c0b9869 elementor-widget elementor-widget-eael-feature-list\" data-id=\"c0b9869\" data-element_type=\"widget\" data-widget_type=\"eael-feature-list.default\">\n\t\t\t\t<div class=\"elementor-widget-container\">\n\t\t\t\t\t<div class=\"-icon-position-left -tablet-icon-position-left -mobile-icon-position-left\">\n\t\t\t<ul id=\"eael-feature-list-c0b9869\" class=\"eael-feature-list-items square stacked \">\n\t\t\t                <li class=\"eael-feature-list-item elementor-repeater-item-6c32179\">\n                    \n\t\t\t\t\t\t<div class=\"eael-feature-list-icon-box\">\n\t\t\t\t\t\t\t<div class=\"eael-feature-list-icon-inner\">\n\n\t\t\t\t\t\t\t\t<a class=\"eael-feature-list-icon fl-icon-0\"href=\"https:\/\/studentnews.tdtu.edu.vn\/ThongBao\/Detail\/140535\">\n\n\t\t\t\t\t\t\t\t\t\t<\/a>\n\t\t\t\t\t\t\t<\/div>\n\t\t\t\t\t\t<\/div>\n\t\t\t\t\t\t<div class=\"eael-feature-list-content-box\">\n\t\t\t\t\t\t\t<h1 class=\"eael-feature-list-title\"\t\t\t\t\t\t\t><a href=\"https:\/\/studentnews.tdtu.edu.vn\/ThongBao\/Detail\/140535\">Reading day 2023<\/a><\/h1\t\t\t\t\t\t>\n\t\t\t\t\t\t<p class=\"eael-feature-list-content\">09h30 \u2013 11h30, th\u1ee9 Hai, ng\u00e0y 24\/4\/2023<\/p>\n\t\t\t\t\t\t<\/div>\n\n\t\t\t\t\t<\/li>\n\t\t\t\t\t\t\t<\/ul>\n\t\t<\/div>\n\t\t\t\t<\/div>\n\t\t\t\t<\/div>\n\t\t\t\t\t<\/div>\n\t\t<\/div>\n\t\t\t\t\t\t\t<\/div>\n\t\t<\/section>\n\t\t\t\t<section class=\"elementor-section elementor-top-section elementor-element elementor-element-0c55087 elementor-section-boxed elementor-section-height-default elementor-section-height-default\" data-id=\"0c55087\" data-element_type=\"section\">\n\t\t\t\t\t\t<div class=\"elementor-container elementor-column-gap-default\">\n\t\t\t\t\t<div class=\"elementor-column elementor-col-100 elementor-top-column elementor-element elementor-element-d685bd6\" data-id=\"d685bd6\" data-element_type=\"column\">\n\t\t\t<div class=\"elementor-widget-wrap elementor-element-populated\">\n\t\t\t\t\t\t\t\t<div class=\"elementor-element elementor-element-0b32c67 elementor-widget elementor-widget-heading\" data-id=\"0b32c67\" data-element_type=\"widget\" data-widget_type=\"heading.default\">\n\t\t\t\t<div class=\"elementor-widget-container\">\n\t\t\t<h2 class=\"elementor-heading-title elementor-size-default\">N\u1ed9i dung sinh ho\u1ea1t ch\u1ee7 nhi\u1ec7m<\/h2>\t\t<\/div>\n\t\t\t\t<\/div>\n\t\t\t\t\t<\/div>\n\t\t<\/div>\n\t\t\t\t\t\t\t<\/div>\n\t\t<\/section>\n\t\t\t\t<section class=\"elementor-section elementor-top-section elementor-element elementor-element-126b0cb elementor-section-boxed elementor-section-height-default elementor-section-height-default\" data-id=\"126b0cb\" data-element_type=\"section\">\n\t\t\t\t\t\t<div class=\"elementor-container elementor-column-gap-default\">\n\t\t\t\t\t<div class=\"elementor-column elementor-col-100 elementor-top-column elementor-element elementor-element-c7b411b\" data-id=\"c7b411b\" data-element_type=\"column\">\n\t\t\t<div class=\"elementor-widget-wrap elementor-element-populated\">\n\t\t\t\t\t\t\t\t<div class=\"elementor-element elementor-element-9011a48 elementor-widget elementor-widget-eael-feature-list\" data-id=\"9011a48\" data-element_type=\"widget\" data-widget_type=\"eael-feature-list.default\">\n\t\t\t\t<div class=\"elementor-widget-container\">\n\t\t\t\t\t<div class=\"-icon-position-left -tablet-icon-position-left -mobile-icon-position-left\">\n\t\t\t<ul id=\"eael-feature-list-9011a48\" class=\"eael-feature-list-items circle stacked \">\n\t\t\t                <li class=\"eael-feature-list-item elementor-repeater-item-99ca58d\">\n                    \n\t\t\t\t\t\t<div class=\"eael-feature-list-icon-box\">\n\t\t\t\t\t\t\t<div class=\"eael-feature-list-icon-inner\">\n\n\t\t\t\t\t\t\t\t<a class=\"eael-feature-list-icon fl-icon-0\"href=\"https:\/\/studentnews.tdtu.edu.vn\/ThongBao\/Detail\/140446\">\n\n\t\t\t\t\t\t\t\t\t\t<\/a>\n\t\t\t\t\t\t\t<\/div>\n\t\t\t\t\t\t<\/div>\n\t\t\t\t\t\t<div class=\"eael-feature-list-content-box\">\n\t\t\t\t\t\t\t<h2 class=\"eael-feature-list-title\"\t\t\t\t\t\t\t><a href=\"https:\/\/studentnews.tdtu.edu.vn\/ThongBao\/Detail\/140446\">Th\u00e1ng 04 - 2023<\/a><\/h2\t\t\t\t\t\t>\n\t\t\t\t\t\t<p class=\"eael-feature-list-content\"><\/p>\n\t\t\t\t\t\t<\/div>\n\n\t\t\t\t\t<\/li>\n\t\t\t\t\t\t\t<\/ul>\n\t\t<\/div>\n\t\t\t\t<\/div>\n\t\t\t\t<\/div>\n\t\t\t\t\t<\/div>\n\t\t<\/div>\n\t\t\t\t\t\t\t<\/div>\n\t\t<\/section>\n\t\t\t\t\t\t\t<\/div>\n\t\t","protected":false},"excerpt":{"rendered":"<p>Nh\u1eafc nh\u1edf h\u1ecdc ph\u00ed, h\u1ecdc v\u1ee5 C\u0103n c\u1ee9 theo k\u1ebf ho\u1ea1ch n\u0103m h\u1ecdc 2022-2023 \u0111\u00e3 \u0111\u01b0\u1ee3c Ban gi\u00e1m hi\u1ec7u ph\u00ea duy\u1ec7t, Ph\u00f2ng T\u00e0i ch\u00ednh th\u00f4ng b\u00e1o th\u1eddi gian thu h\u1ecdc ph\u00ed cho h\u1ecdc k\u1ef3 2 n\u0103m h\u1ecdc 2022-2023\u00a0 nh\u01b0 sau: \u0110\u1ed1i t\u01b0\u1ee3ng: &#8211; Sinh vi\u00ean c\u00f3 k\u1ebft qu\u1ea3 \u0111\u0103ng k\u00fd TSNN\/KLTN\/M\u00f4n thay th\u1ebf t\u1ed1t nghi\u1ec7p &hellip; <\/p>\n<p class=\"link-more\"><a href=\"https:\/\/itclass.tdtu.edu.vn\/ktpm2021clc02\/thong-bao\/\" class=\"more-link\">Read more<span class=\"screen-reader-text\"> &#8220;Th\u00f4ng B\u00e1o&#8221;<\/span><\/a><\/p>\n","protected":false},"author":6,"featured_media":0,"parent":0,"menu_order":0,"comment_status":"closed","ping_status":"closed","template":"","meta":{"content-type":""},"featured_image_urls":{"full":"","thumbnail":"","medium":"","medium_large":"","large":"","1536x1536":"","2048x2048":"","inspiro-featured-image":"","inspiro-loop":"","inspiro-loop@2x":""},"post_excerpt_stackable":"<p>Nh\u1eafc nh\u1edf h\u1ecdc ph\u00ed, h\u1ecdc v\u1ee5 C\u0103n c\u1ee9 theo k\u1ebf ho\u1ea1ch n\u0103m h\u1ecdc 2022-2023 \u0111\u00e3 \u0111\u01b0\u1ee3c Ban gi\u00e1m hi\u1ec7u ph\u00ea duy\u1ec7t, Ph\u00f2ng T\u00e0i ch\u00ednh th\u00f4ng b\u00e1o th\u1eddi gian thu h\u1ecdc ph\u00ed cho h\u1ecdc k\u1ef3 2 n\u0103m h\u1ecdc 2022-2023\u00a0 nh\u01b0 sau: \u0110\u1ed1i t\u01b0\u1ee3ng:&#8211; Sinh vi\u00ean c\u00f3 k\u1ebft qu\u1ea3 \u0111\u0103ng k\u00fd TSNN\/KLTN\/M\u00f4n thay th\u1ebf t\u1ed1t nghi\u1ec7p trong h\u1ecdc k\u1ef3 2\/2022-2023.&#8211; Sinh vi\u00ean \u0111\u00e3 \u0111\u01b0\u1ee3c Nh\u00e0 Tr\u01b0\u1eddng \u0111\u1ed3ng \u00fd cho gia h\u1ea1n h\u1ecdc ph\u00ed (n\u1ed9p \u0111\u01a1n t\u1eeb 2\/3 -&gt; 4\/3\/2023) ho\u1eb7c c\u1ee9u x\u00e9t.&#8211; Sinh vi\u00ean c\u1ea7n ho\u00e0n th\u00e0nh h\u1ecdc ph\u00ed \u0111\u1ec3 c\u00f3 \u0111\u1ee7 \u0111i\u1ec1u ki\u1ec7n \u0111\u0103ng k\u00fd m\u00f4n trong h\u1ecdc k\u1ef3 1\/2023-2024. Th\u1eddi&hellip;<\/p>\n","category_list":"","author_info":{"name":"Nguy\u1ec5n Hu\u1ef3nh Ph\u01b0\u01a1ng To\u00e0n","url":"https:\/\/itclass.tdtu.edu.vn\/ktpm2021clc02\/author\/ktpm2021clc02\/"},"comments_num":"0 comments","_links":{"self":[{"href":"https:\/\/itclass.tdtu.edu.vn\/ktpm2021clc02\/wp-json\/wp\/v2\/pages\/62"}],"collection":[{"href":"https:\/\/itclass.tdtu.edu.vn\/ktpm2021clc02\/wp-json\/wp\/v2\/pages"}],"about":[{"href":"https:\/\/itclass.tdtu.edu.vn\/ktpm2021clc02\/wp-json\/wp\/v2\/types\/page"}],"author":[{"embeddable":true,"href":"https:\/\/itclass.tdtu.edu.vn\/ktpm2021clc02\/wp-json\/wp\/v2\/users\/6"}],"replies":[{"embeddable":true,"href":"https:\/\/itclass.tdtu.edu.vn\/ktpm2021clc02\/wp-json\/wp\/v2\/comments?post=62"}],"version-history":[{"count":10,"href":"https:\/\/itclass.tdtu.edu.vn\/ktpm2021clc02\/wp-json\/wp\/v2\/pages\/62\/revisions"}],"predecessor-version":[{"id":265,"href":"https:\/\/itclass.tdtu.edu.vn\/ktpm2021clc02\/wp-json\/wp\/v2\/pages\/62\/revisions\/265"}],"wp:attachment":[{"href":"https:\/\/itclass.tdtu.edu.vn\/ktpm2021clc02\/wp-json\/wp\/v2\/media?parent=62"}],"curies":[{"name":"wp","href":"https:\/\/api.w.org\/{rel}","templated":true}]}}