{"id":63,"date":"2023-04-19T12:37:29","date_gmt":"2023-04-19T12:37:29","guid":{"rendered":"https:\/\/itclass.tdtu.edu.vn\/ktpm2021clc02\/?page_id=63"},"modified":"2023-04-21T09:44:52","modified_gmt":"2023-04-21T09:44:52","slug":"diem-noi-bat","status":"publish","type":"page","link":"https:\/\/itclass.tdtu.edu.vn\/ktpm2021clc02\/diem-noi-bat\/","title":{"rendered":"\u0110i\u1ec3m n\u1ed5i b\u1eadt"},"content":{"rendered":"\t\t<div data-elementor-type=\"wp-page\" data-elementor-id=\"63\" class=\"elementor elementor-63\">\n\t\t\t\t\t\t\t\t\t<section class=\"elementor-section elementor-top-section elementor-element elementor-element-aed7007 elementor-section-boxed elementor-section-height-default elementor-section-height-default\" data-id=\"aed7007\" data-element_type=\"section\">\n\t\t\t\t\t\t<div class=\"elementor-container elementor-column-gap-default\">\n\t\t\t\t\t<div class=\"elementor-column elementor-col-100 elementor-top-column elementor-element elementor-element-c10859a\" data-id=\"c10859a\" data-element_type=\"column\">\n\t\t\t<div class=\"elementor-widget-wrap elementor-element-populated\">\n\t\t\t\t\t\t\t\t<div class=\"elementor-element elementor-element-91341ef elementor-widget elementor-widget-heading\" data-id=\"91341ef\" data-element_type=\"widget\" data-widget_type=\"heading.default\">\n\t\t\t\t<div class=\"elementor-widget-container\">\n\t\t\t<style>\/*! elementor - v3.11.5 - 14-03-2023 *\/\n.elementor-heading-title{padding:0;margin:0;line-height:1}.elementor-widget-heading .elementor-heading-title[class*=elementor-size-]>a{color:inherit;font-size:inherit;line-height:inherit}.elementor-widget-heading .elementor-heading-title.elementor-size-small{font-size:15px}.elementor-widget-heading .elementor-heading-title.elementor-size-medium{font-size:19px}.elementor-widget-heading .elementor-heading-title.elementor-size-large{font-size:29px}.elementor-widget-heading .elementor-heading-title.elementor-size-xl{font-size:39px}.elementor-widget-heading .elementor-heading-title.elementor-size-xxl{font-size:59px}<\/style><h2 class=\"elementor-heading-title elementor-size-default\">B\u1ea3ng v\u00e0ng h\u1ecdc t\u1eadp<\/h2>\t\t<\/div>\n\t\t\t\t<\/div>\n\t\t\t\t\t<\/div>\n\t\t<\/div>\n\t\t\t\t\t\t\t<\/div>\n\t\t<\/section>\n\t\t\t\t<section class=\"elementor-section elementor-top-section elementor-element elementor-element-d1e84e2 elementor-section-boxed elementor-section-height-default elementor-section-height-default\" data-id=\"d1e84e2\" data-element_type=\"section\">\n\t\t\t\t\t\t<div class=\"elementor-container elementor-column-gap-default\">\n\t\t\t\t\t<div class=\"elementor-column elementor-col-100 elementor-top-column elementor-element elementor-element-6f4c5c5\" data-id=\"6f4c5c5\" data-element_type=\"column\">\n\t\t\t<div class=\"elementor-widget-wrap elementor-element-populated\">\n\t\t\t\t\t\t\t\t<div class=\"elementor-element elementor-element-52a569e elementor-widget elementor-widget-heading\" data-id=\"52a569e\" data-element_type=\"widget\" data-widget_type=\"heading.default\">\n\t\t\t\t<div class=\"elementor-widget-container\">\n\t\t\t<h2 class=\"elementor-heading-title elementor-size-default\">\u0110i\u1ec3m tuy\u1ec3n sinh \u0111\u1ea7u v\u00e0o cao nh\u1ea5t<\/h2>\t\t<\/div>\n\t\t\t\t<\/div>\n\t\t\t\t\t<\/div>\n\t\t<\/div>\n\t\t\t\t\t\t\t<\/div>\n\t\t<\/section>\n\t\t\t\t<section class=\"elementor-section elementor-top-section elementor-element elementor-element-64c1783 elementor-section-boxed elementor-section-height-default elementor-section-height-default\" data-id=\"64c1783\" data-element_type=\"section\">\n\t\t\t\t\t\t<div class=\"elementor-container elementor-column-gap-default\">\n\t\t\t\t\t<div class=\"elementor-column elementor-col-100 elementor-top-column elementor-element elementor-element-c2adfcf\" data-id=\"c2adfcf\" data-element_type=\"column\">\n\t\t\t<div class=\"elementor-widget-wrap elementor-element-populated\">\n\t\t\t\t\t\t\t\t<div class=\"elementor-element elementor-element-99a2e88 elementor-widget__width-initial elementor-widget elementor-widget-wpzoom-elementor-addons-team-members\" data-id=\"99a2e88\" data-element_type=\"widget\" data-widget_type=\"wpzoom-elementor-addons-team-members.default\">\n\t\t\t\t<div class=\"elementor-widget-container\">\n\t\t\t\n\t\t\t\t\t<figure class=\"wpz-member-figure\">\n\t\t\t\t<img width=\"683\" height=\"1024\" src=\"https:\/\/itclass.tdtu.edu.vn\/ktpm2021clc02\/wp-content\/uploads\/sites\/6\/2023\/04\/521H0348-683x1024.jpg\" class=\"elementor-animation-disable-animation attachment-large size-large wp-image-191\" alt=\"\" decoding=\"async\" loading=\"lazy\" srcset=\"https:\/\/itclass.tdtu.edu.vn\/ktpm2021clc02\/wp-content\/uploads\/sites\/6\/2023\/04\/521H0348-683x1024.jpg 683w, https:\/\/itclass.tdtu.edu.vn\/ktpm2021clc02\/wp-content\/uploads\/sites\/6\/2023\/04\/521H0348-200x300.jpg 200w, https:\/\/itclass.tdtu.edu.vn\/ktpm2021clc02\/wp-content\/uploads\/sites\/6\/2023\/04\/521H0348-768x1151.jpg 768w, https:\/\/itclass.tdtu.edu.vn\/ktpm2021clc02\/wp-content\/uploads\/sites\/6\/2023\/04\/521H0348.jpg 854w\" sizes=\"100vw\" \/>\t\t\t<\/figure>\n\t\t\n\t\t<div class=\"wpz-member-body\">\n\t\t\t<h2 class=\"wpz-member-name\">Nguy\u1ec5n Th\u00e0nh \u0110\u1ea1t<\/h2>\n\t\t\t\t\t\t\t<div class=\"wpz-member-position\">\u0110i\u1ec3m tr\u00fang tuy\u1ec3n<\/div>\n\t\t\t\n\t\t\t\t\t\t\t<div class=\"wpz-member-bio\">\n\t\t\t\t\t<p>36.52\n<\/p>\n\t\t\t\t<\/div>\n\t\t\t\n\t\t\t\n\t\t\t\n\t\t\t\t\t<\/div>\n\t\t\t\t<\/div>\n\t\t\t\t<\/div>\n\t\t\t\t\t<\/div>\n\t\t<\/div>\n\t\t\t\t\t\t\t<\/div>\n\t\t<\/section>\n\t\t\t\t<section class=\"elementor-section elementor-top-section elementor-element elementor-element-9f37706 elementor-section-boxed elementor-section-height-default elementor-section-height-default\" data-id=\"9f37706\" data-element_type=\"section\">\n\t\t\t\t\t\t<div class=\"elementor-container elementor-column-gap-default\">\n\t\t\t\t\t<div class=\"elementor-column elementor-col-100 elementor-top-column elementor-element elementor-element-620bfc8\" data-id=\"620bfc8\" data-element_type=\"column\">\n\t\t\t<div class=\"elementor-widget-wrap elementor-element-populated\">\n\t\t\t\t\t\t\t\t<div class=\"elementor-element elementor-element-ee24b07 elementor-widget elementor-widget-heading\" data-id=\"ee24b07\" data-element_type=\"widget\" data-widget_type=\"heading.default\">\n\t\t\t\t<div class=\"elementor-widget-container\">\n\t\t\t<h2 class=\"elementor-heading-title elementor-size-default\">GPA cao nh\u1ea5t h\u1ecdc k\u00ec 1<\/h2>\t\t<\/div>\n\t\t\t\t<\/div>\n\t\t\t\t\t<\/div>\n\t\t<\/div>\n\t\t\t\t\t\t\t<\/div>\n\t\t<\/section>\n\t\t\t\t<section class=\"elementor-section elementor-top-section elementor-element elementor-element-b142a90 elementor-section-boxed elementor-section-height-default elementor-section-height-default\" data-id=\"b142a90\" data-element_type=\"section\">\n\t\t\t\t\t\t<div class=\"elementor-container elementor-column-gap-default\">\n\t\t\t\t\t<div class=\"elementor-column elementor-col-100 elementor-top-column elementor-element elementor-element-fa9a014\" data-id=\"fa9a014\" data-element_type=\"column\">\n\t\t\t<div class=\"elementor-widget-wrap elementor-element-populated\">\n\t\t\t\t\t\t\t\t<div class=\"elementor-element elementor-element-2a92b43 elementor-widget elementor-widget-wpzoom-elementor-addons-team-members\" data-id=\"2a92b43\" data-element_type=\"widget\" data-widget_type=\"wpzoom-elementor-addons-team-members.default\">\n\t\t\t\t<div class=\"elementor-widget-container\">\n\t\t\t\n\t\t\t\t\t<figure class=\"wpz-member-figure\">\n\t\t\t\t<img width=\"145\" height=\"193\" src=\"https:\/\/itclass.tdtu.edu.vn\/ktpm2021clc02\/wp-content\/uploads\/sites\/6\/2023\/04\/521H0487.jpg\" class=\"elementor-animation-disable-animation attachment-large size-large wp-image-213\" alt=\"\" decoding=\"async\" loading=\"lazy\" sizes=\"100vw\" \/>\t\t\t<\/figure>\n\t\t\n\t\t<div class=\"wpz-member-body\">\n\t\t\t<h2 class=\"wpz-member-name\">Ph\u1ea1m Thanh Tu\u1ea5n<\/h2>\n\t\t\t\t\t\t\t<div class=\"wpz-member-position\">GPA 9.07<\/div>\n\t\t\t\n\t\t\t\n\t\t\t\n\t\t\t\n\t\t\t\t\t<\/div>\n\t\t\t\t<\/div>\n\t\t\t\t<\/div>\n\t\t\t\t\t<\/div>\n\t\t<\/div>\n\t\t\t\t\t\t\t<\/div>\n\t\t<\/section>\n\t\t\t\t<section class=\"elementor-section elementor-top-section elementor-element elementor-element-f8b9101 elementor-section-boxed elementor-section-height-default elementor-section-height-default\" data-id=\"f8b9101\" data-element_type=\"section\">\n\t\t\t\t\t\t<div class=\"elementor-container elementor-column-gap-default\">\n\t\t\t\t\t<div class=\"elementor-column elementor-col-100 elementor-top-column elementor-element elementor-element-bdb720b\" data-id=\"bdb720b\" data-element_type=\"column\">\n\t\t\t<div class=\"elementor-widget-wrap elementor-element-populated\">\n\t\t\t\t\t\t\t\t<div class=\"elementor-element elementor-element-f8a8ce2 elementor-widget elementor-widget-heading\" data-id=\"f8a8ce2\" data-element_type=\"widget\" data-widget_type=\"heading.default\">\n\t\t\t\t<div class=\"elementor-widget-container\">\n\t\t\t<h2 class=\"elementor-heading-title elementor-size-default\"><span style=\"font-size: 1.875rem\">GPA cao nh\u1ea5t h\u1ecdc k\u00ec 2<\/span><\/h2>\t\t<\/div>\n\t\t\t\t<\/div>\n\t\t\t\t\t<\/div>\n\t\t<\/div>\n\t\t\t\t\t\t\t<\/div>\n\t\t<\/section>\n\t\t\t\t<section class=\"elementor-section elementor-top-section elementor-element elementor-element-7ec5385 elementor-section-boxed elementor-section-height-default elementor-section-height-default\" data-id=\"7ec5385\" data-element_type=\"section\">\n\t\t\t\t\t\t<div class=\"elementor-container elementor-column-gap-default\">\n\t\t\t\t\t<div class=\"elementor-column elementor-col-100 elementor-top-column elementor-element elementor-element-7b0410c\" data-id=\"7b0410c\" data-element_type=\"column\">\n\t\t\t<div class=\"elementor-widget-wrap elementor-element-populated\">\n\t\t\t\t\t\t\t\t<div class=\"elementor-element elementor-element-ea237c8 elementor-widget elementor-widget-wpzoom-elementor-addons-team-members\" data-id=\"ea237c8\" data-element_type=\"widget\" data-widget_type=\"wpzoom-elementor-addons-team-members.default\">\n\t\t\t\t<div class=\"elementor-widget-container\">\n\t\t\t\n\t\t\t\t\t<figure class=\"wpz-member-figure\">\n\t\t\t\t<img width=\"145\" height=\"193\" src=\"https:\/\/itclass.tdtu.edu.vn\/ktpm2021clc02\/wp-content\/uploads\/sites\/6\/2023\/04\/521H0486.jpg\" class=\"elementor-animation-disable-animation attachment-large size-large wp-image-212\" alt=\"\" decoding=\"async\" loading=\"lazy\" sizes=\"100vw\" \/>\t\t\t<\/figure>\n\t\t\n\t\t<div class=\"wpz-member-body\">\n\t\t\t<h2 class=\"wpz-member-name\">Nguy\u1ec5n Hu\u1ef3nh Ph\u01b0\u01a1ng To\u00e0n<\/h2>\n\t\t\t\t\t\t\t<div class=\"wpz-member-position\">GPA 8.86<\/div>\n\t\t\t\n\t\t\t\n\t\t\t\n\t\t\t\n\t\t\t\t\t<\/div>\n\t\t\t\t<\/div>\n\t\t\t\t<\/div>\n\t\t\t\t\t<\/div>\n\t\t<\/div>\n\t\t\t\t\t\t\t<\/div>\n\t\t<\/section>\n\t\t\t\t<section class=\"elementor-section elementor-top-section elementor-element elementor-element-b8be7ae elementor-section-boxed elementor-section-height-default elementor-section-height-default\" data-id=\"b8be7ae\" data-element_type=\"section\">\n\t\t\t\t\t\t<div class=\"elementor-container elementor-column-gap-default\">\n\t\t\t\t\t<div class=\"elementor-column elementor-col-100 elementor-top-column elementor-element elementor-element-2852a02\" data-id=\"2852a02\" data-element_type=\"column\">\n\t\t\t<div class=\"elementor-widget-wrap elementor-element-populated\">\n\t\t\t\t\t\t\t\t<div class=\"elementor-element elementor-element-6bed875 elementor-widget elementor-widget-heading\" data-id=\"6bed875\" data-element_type=\"widget\" data-widget_type=\"heading.default\">\n\t\t\t\t<div class=\"elementor-widget-container\">\n\t\t\t<h2 class=\"elementor-heading-title elementor-size-default\"><span style=\"font-size: 1.875rem\">GPA cao nh\u1ea5t h\u1ecdc k\u00ec 3<\/span><\/h2>\t\t<\/div>\n\t\t\t\t<\/div>\n\t\t\t\t\t<\/div>\n\t\t<\/div>\n\t\t\t\t\t\t\t<\/div>\n\t\t<\/section>\n\t\t\t\t<section class=\"elementor-section elementor-top-section elementor-element elementor-element-a78b0c4 elementor-section-boxed elementor-section-height-default elementor-section-height-default\" data-id=\"a78b0c4\" data-element_type=\"section\">\n\t\t\t\t\t\t<div class=\"elementor-container elementor-column-gap-default\">\n\t\t\t\t\t<div class=\"elementor-column elementor-col-100 elementor-top-column elementor-element elementor-element-e400805\" data-id=\"e400805\" data-element_type=\"column\">\n\t\t\t<div class=\"elementor-widget-wrap elementor-element-populated\">\n\t\t\t\t\t\t\t\t<div class=\"elementor-element elementor-element-d77616b elementor-widget elementor-widget-wpzoom-elementor-addons-team-members\" data-id=\"d77616b\" data-element_type=\"widget\" data-widget_type=\"wpzoom-elementor-addons-team-members.default\">\n\t\t\t\t<div class=\"elementor-widget-container\">\n\t\t\t\n\t\t\t\t\t<figure class=\"wpz-member-figure\">\n\t\t\t\t<img width=\"145\" height=\"193\" src=\"https:\/\/itclass.tdtu.edu.vn\/ktpm2021clc02\/wp-content\/uploads\/sites\/6\/2023\/04\/521H0487.jpg\" class=\"elementor-animation-disable-animation attachment-large size-large wp-image-213\" alt=\"\" decoding=\"async\" loading=\"lazy\" sizes=\"100vw\" \/>\t\t\t<\/figure>\n\t\t\n\t\t<div class=\"wpz-member-body\">\n\t\t\t<h2 class=\"wpz-member-name\">Ph\u1ea1m Thanh Tu\u1ea5n<\/h2>\n\t\t\t\t\t\t\t<div class=\"wpz-member-position\">GPA 9.7<\/div>\n\t\t\t\n\t\t\t\n\t\t\t\n\t\t\t\n\t\t\t\t\t<\/div>\n\t\t\t\t<\/div>\n\t\t\t\t<\/div>\n\t\t\t\t\t<\/div>\n\t\t<\/div>\n\t\t\t\t\t\t\t<\/div>\n\t\t<\/section>\n\t\t\t\t<section class=\"elementor-section elementor-top-section elementor-element elementor-element-2bf8853 elementor-section-boxed elementor-section-height-default elementor-section-height-default\" data-id=\"2bf8853\" data-element_type=\"section\">\n\t\t\t\t\t\t<div class=\"elementor-container elementor-column-gap-default\">\n\t\t\t\t\t<div class=\"elementor-column elementor-col-100 elementor-top-column elementor-element elementor-element-5147532\" data-id=\"5147532\" data-element_type=\"column\">\n\t\t\t<div class=\"elementor-widget-wrap elementor-element-populated\">\n\t\t\t\t\t\t\t\t<div class=\"elementor-element elementor-element-8112239 elementor-widget elementor-widget-heading\" data-id=\"8112239\" data-element_type=\"widget\" data-widget_type=\"heading.default\">\n\t\t\t\t<div class=\"elementor-widget-container\">\n\t\t\t<h2 class=\"elementor-heading-title elementor-size-default\">\u0110i\u1ec3m r\u00e8n luy\u1ec7n trung b\u00ecnh \u0111\u1ea1t 100 \u0111i\u1ec3m<\/h2>\t\t<\/div>\n\t\t\t\t<\/div>\n\t\t\t\t\t<\/div>\n\t\t<\/div>\n\t\t\t\t\t\t\t<\/div>\n\t\t<\/section>\n\t\t\t\t<section class=\"elementor-section elementor-top-section elementor-element elementor-element-82bfd6f elementor-section-boxed elementor-section-height-default elementor-section-height-default\" data-id=\"82bfd6f\" data-element_type=\"section\">\n\t\t\t\t\t\t<div class=\"elementor-container elementor-column-gap-default\">\n\t\t\t\t\t<div class=\"elementor-column elementor-col-50 elementor-top-column elementor-element elementor-element-31bdc8c\" data-id=\"31bdc8c\" data-element_type=\"column\">\n\t\t\t<div class=\"elementor-widget-wrap elementor-element-populated\">\n\t\t\t\t\t\t\t\t<div class=\"elementor-element elementor-element-eeed8d1 elementor-widget__width-initial elementor-widget elementor-widget-wpzoom-elementor-addons-team-members\" data-id=\"eeed8d1\" data-element_type=\"widget\" data-widget_type=\"wpzoom-elementor-addons-team-members.default\">\n\t\t\t\t<div class=\"elementor-widget-container\">\n\t\t\t\n\t\t\t\t\t<figure class=\"wpz-member-figure\">\n\t\t\t\t<img width=\"408\" height=\"612\" src=\"https:\/\/itclass.tdtu.edu.vn\/ktpm2021clc02\/wp-content\/uploads\/sites\/6\/2023\/04\/521H0173.png\" class=\"elementor-animation-disable-animation attachment-large size-large wp-image-190\" alt=\"\" decoding=\"async\" loading=\"lazy\" srcset=\"https:\/\/itclass.tdtu.edu.vn\/ktpm2021clc02\/wp-content\/uploads\/sites\/6\/2023\/04\/521H0173.png 408w, https:\/\/itclass.tdtu.edu.vn\/ktpm2021clc02\/wp-content\/uploads\/sites\/6\/2023\/04\/521H0173-200x300.png 200w\" sizes=\"100vw\" \/>\t\t\t<\/figure>\n\t\t\n\t\t<div class=\"wpz-member-body\">\n\t\t\t<h2 class=\"wpz-member-name\">L\u00ea Minh Tri\u1ebft<\/h2>\n\t\t\t\n\t\t\t\n\t\t\t\n\t\t\t\n\t\t\t\t\t<\/div>\n\t\t\t\t<\/div>\n\t\t\t\t<\/div>\n\t\t\t\t\t<\/div>\n\t\t<\/div>\n\t\t\t\t<div class=\"elementor-column elementor-col-50 elementor-top-column elementor-element elementor-element-ac2fc73\" data-id=\"ac2fc73\" data-element_type=\"column\">\n\t\t\t<div class=\"elementor-widget-wrap elementor-element-populated\">\n\t\t\t\t\t\t\t\t<div class=\"elementor-element elementor-element-ba8c137 elementor-widget elementor-widget-wpzoom-elementor-addons-team-members\" data-id=\"ba8c137\" data-element_type=\"widget\" data-widget_type=\"wpzoom-elementor-addons-team-members.default\">\n\t\t\t\t<div class=\"elementor-widget-container\">\n\t\t\t\n\t\t\t\t\t<figure class=\"wpz-member-figure\">\n\t\t\t\t<img width=\"175\" height=\"233\" src=\"https:\/\/itclass.tdtu.edu.vn\/ktpm2021clc02\/wp-content\/uploads\/sites\/6\/2023\/04\/521H0126.jpg\" class=\"elementor-animation-disable-animation attachment-large size-large wp-image-185\" alt=\"\" decoding=\"async\" loading=\"lazy\" sizes=\"100vw\" \/>\t\t\t<\/figure>\n\t\t\n\t\t<div class=\"wpz-member-body\">\n\t\t\t<h2 class=\"wpz-member-name\">Nguy\u1ec5n H\u1ea3i Ti\u1ebfn Ph\u00e1t<\/h2>\n\t\t\t\n\t\t\t\n\t\t\t\n\t\t\t\n\t\t\t\t\t<\/div>\n\t\t\t\t<\/div>\n\t\t\t\t<\/div>\n\t\t\t\t\t<\/div>\n\t\t<\/div>\n\t\t\t\t\t\t\t<\/div>\n\t\t<\/section>\n\t\t\t\t<section class=\"elementor-section elementor-top-section elementor-element elementor-element-3007905 elementor-section-boxed elementor-section-height-default elementor-section-height-default\" data-id=\"3007905\" data-element_type=\"section\">\n\t\t\t\t\t\t<div class=\"elementor-container elementor-column-gap-default\">\n\t\t\t\t\t<div class=\"elementor-column elementor-col-100 elementor-top-column elementor-element elementor-element-944f342\" data-id=\"944f342\" data-element_type=\"column\">\n\t\t\t<div class=\"elementor-widget-wrap elementor-element-populated\">\n\t\t\t\t\t\t\t\t<div class=\"elementor-element elementor-element-dfb2819 elementor-widget elementor-widget-heading\" data-id=\"dfb2819\" data-element_type=\"widget\" data-widget_type=\"heading.default\">\n\t\t\t\t<div class=\"elementor-widget-container\">\n\t\t\t<h2 class=\"elementor-heading-title elementor-size-default\">Th\u00f4ng k\u00ea t\u00ecnh h\u00ecnh h\u1ecdc t\u1eadp l\u1edbp<\/h2>\t\t<\/div>\n\t\t\t\t<\/div>\n\t\t\t\t\t<\/div>\n\t\t<\/div>\n\t\t\t\t\t\t\t<\/div>\n\t\t<\/section>\n\t\t\t\t<section class=\"elementor-section elementor-top-section elementor-element elementor-element-dc2c2ef elementor-section-boxed elementor-section-height-default elementor-section-height-default\" data-id=\"dc2c2ef\" data-element_type=\"section\">\n\t\t\t\t\t\t<div class=\"elementor-container elementor-column-gap-default\">\n\t\t\t\t\t<div class=\"elementor-column elementor-col-100 elementor-top-column elementor-element elementor-element-48fb209\" data-id=\"48fb209\" data-element_type=\"column\">\n\t\t\t<div class=\"elementor-widget-wrap elementor-element-populated\">\n\t\t\t\t\t\t\t\t<div class=\"elementor-element elementor-element-7a598e4 elementor-icon-list--layout-traditional elementor-list-item-link-full_width elementor-widget elementor-widget-icon-list\" data-id=\"7a598e4\" data-element_type=\"widget\" data-widget_type=\"icon-list.default\">\n\t\t\t\t<div class=\"elementor-widget-container\">\n\t\t\t<link rel=\"stylesheet\" href=\"https:\/\/itclass.tdtu.edu.vn\/ktpm2021clc02\/wp-content\/plugins\/elementor\/assets\/css\/widget-icon-list.min.css\">\t\t<ul class=\"elementor-icon-list-items\">\n\t\t\t\t\t\t\t<li class=\"elementor-icon-list-item\">\n\t\t\t\t\t\t\t\t\t\t\t<span class=\"elementor-icon-list-icon\">\n\t\t\t\t\t\t\t<i aria-hidden=\"true\" class=\"far fa-circle\"><\/i>\t\t\t\t\t\t<\/span>\n\t\t\t\t\t\t\t\t\t\t<span class=\"elementor-icon-list-text\">T\u1ef7 l\u1ec7 r\u00e8n luy\u1ec7n: 82%<\/span>\n\t\t\t\t\t\t\t\t\t<\/li>\n\t\t\t\t\t\t\t\t<li class=\"elementor-icon-list-item\">\n\t\t\t\t\t\t\t\t\t\t\t<span class=\"elementor-icon-list-icon\">\n\t\t\t\t\t\t\t<i aria-hidden=\"true\" class=\"far fa-circle\"><\/i>\t\t\t\t\t\t<\/span>\n\t\t\t\t\t\t\t\t\t\t<span class=\"elementor-icon-list-text\">T\u1ef7 l\u1ec7 vi ph\u1ea1m k\u1ef7 lu\u1eadt:<\/span>\n\t\t\t\t\t\t\t\t\t<\/li>\n\t\t\t\t\t\t\t\t<li class=\"elementor-icon-list-item\">\n\t\t\t\t\t\t\t\t\t\t\t<span class=\"elementor-icon-list-icon\">\n\t\t\t\t\t\t\t<i aria-hidden=\"true\" class=\"far fa-circle\"><\/i>\t\t\t\t\t\t<\/span>\n\t\t\t\t\t\t\t\t\t\t<span class=\"elementor-icon-list-text\">T\u1ef7 l\u1ec7 h\u1ecdc v\u1ee5:<\/span>\n\t\t\t\t\t\t\t\t\t<\/li>\n\t\t\t\t\t\t<\/ul>\n\t\t\t\t<\/div>\n\t\t\t\t<\/div>\n\t\t\t\t\t<\/div>\n\t\t<\/div>\n\t\t\t\t\t\t\t<\/div>\n\t\t<\/section>\n\t\t\t\t\t\t\t<\/div>\n\t\t","protected":false},"excerpt":{"rendered":"<p>B\u1ea3ng v\u00e0ng h\u1ecdc t\u1eadp \u0110i\u1ec3m tuy\u1ec3n sinh \u0111\u1ea7u v\u00e0o cao nh\u1ea5t Nguy\u1ec5n Th\u00e0nh \u0110\u1ea1t \u0110i\u1ec3m tr\u00fang tuy\u1ec3n 36.52 GPA cao nh\u1ea5t h\u1ecdc k\u00ec 1 Ph\u1ea1m Thanh Tu\u1ea5n GPA 9.07 GPA cao nh\u1ea5t h\u1ecdc k\u00ec 2 Nguy\u1ec5n Hu\u1ef3nh Ph\u01b0\u01a1ng To\u00e0n GPA 8.86 GPA cao nh\u1ea5t h\u1ecdc k\u00ec 3 Ph\u1ea1m Thanh Tu\u1ea5n GPA 9.7 \u0110i\u1ec3m r\u00e8n luy\u1ec7n &hellip; <\/p>\n<p class=\"link-more\"><a href=\"https:\/\/itclass.tdtu.edu.vn\/ktpm2021clc02\/diem-noi-bat\/\" class=\"more-link\">Read more<span class=\"screen-reader-text\"> &#8220;\u0110i\u1ec3m n\u1ed5i b\u1eadt&#8221;<\/span><\/a><\/p>\n","protected":false},"author":6,"featured_media":0,"parent":0,"menu_order":0,"comment_status":"closed","ping_status":"closed","template":"","meta":{"content-type":""},"featured_image_urls":{"full":"","thumbnail":"","medium":"","medium_large":"","large":"","1536x1536":"","2048x2048":"","inspiro-featured-image":"","inspiro-loop":"","inspiro-loop@2x":""},"post_excerpt_stackable":"<p>B\u1ea3ng v\u00e0ng h\u1ecdc t\u1eadp \u0110i\u1ec3m tuy\u1ec3n sinh \u0111\u1ea7u v\u00e0o cao nh\u1ea5t Nguy\u1ec5n Th\u00e0nh \u0110\u1ea1t \u0110i\u1ec3m tr\u00fang tuy\u1ec3n 36.52 GPA cao nh\u1ea5t h\u1ecdc k\u00ec 1 Ph\u1ea1m Thanh Tu\u1ea5n GPA 9.07 GPA cao nh\u1ea5t h\u1ecdc k\u00ec 2 Nguy\u1ec5n Hu\u1ef3nh Ph\u01b0\u01a1ng To\u00e0n GPA 8.86 GPA cao nh\u1ea5t h\u1ecdc k\u00ec 3 Ph\u1ea1m Thanh Tu\u1ea5n GPA 9.7 \u0110i\u1ec3m r\u00e8n luy\u1ec7n trung b\u00ecnh \u0111\u1ea1t 100 \u0111i\u1ec3m L\u00ea Minh Tri\u1ebft Nguy\u1ec5n H\u1ea3i Ti\u1ebfn Ph\u00e1t Th\u00f4ng k\u00ea t\u00ecnh h\u00ecnh h\u1ecdc t\u1eadp l\u1edbp T\u1ef7 l\u1ec7 r\u00e8n luy\u1ec7n: 82% T\u1ef7 l\u1ec7 vi ph\u1ea1m k\u1ef7 lu\u1eadt: T\u1ef7 l\u1ec7 h\u1ecdc v\u1ee5:<\/p>\n","category_list":"","author_info":{"name":"Nguy\u1ec5n Hu\u1ef3nh Ph\u01b0\u01a1ng To\u00e0n","url":"https:\/\/itclass.tdtu.edu.vn\/ktpm2021clc02\/author\/ktpm2021clc02\/"},"comments_num":"0 comments","_links":{"self":[{"href":"https:\/\/itclass.tdtu.edu.vn\/ktpm2021clc02\/wp-json\/wp\/v2\/pages\/63"}],"collection":[{"href":"https:\/\/itclass.tdtu.edu.vn\/ktpm2021clc02\/wp-json\/wp\/v2\/pages"}],"about":[{"href":"https:\/\/itclass.tdtu.edu.vn\/ktpm2021clc02\/wp-json\/wp\/v2\/types\/page"}],"author":[{"embeddable":true,"href":"https:\/\/itclass.tdtu.edu.vn\/ktpm2021clc02\/wp-json\/wp\/v2\/users\/6"}],"replies":[{"embeddable":true,"href":"https:\/\/itclass.tdtu.edu.vn\/ktpm2021clc02\/wp-json\/wp\/v2\/comments?post=63"}],"version-history":[{"count":7,"href":"https:\/\/itclass.tdtu.edu.vn\/ktpm2021clc02\/wp-json\/wp\/v2\/pages\/63\/revisions"}],"predecessor-version":[{"id":237,"href":"https:\/\/itclass.tdtu.edu.vn\/ktpm2021clc02\/wp-json\/wp\/v2\/pages\/63\/revisions\/237"}],"wp:attachment":[{"href":"https:\/\/itclass.tdtu.edu.vn\/ktpm2021clc02\/wp-json\/wp\/v2\/media?parent=63"}],"curies":[{"name":"wp","href":"https:\/\/api.w.org\/{rel}","templated":true}]}}