{"id":107,"date":"2023-04-23T16:58:15","date_gmt":"2023-04-23T16:58:15","guid":{"rendered":"https:\/\/itclass.tdtu.edu.vn\/ktpm2021tc01\/?page_id=107"},"modified":"2023-06-19T15:38:21","modified_gmt":"2023-06-19T15:38:21","slug":"2023-04-23-bai-tap","status":"publish","type":"page","link":"https:\/\/itclass.tdtu.edu.vn\/ktpm2021tc01\/2023-04-23-bai-tap\/","title":{"rendered":"G\u00f3c h\u1ecdc t\u1eadp"},"content":{"rendered":"\t\t<div data-elementor-type=\"wp-page\" data-elementor-id=\"107\" class=\"elementor elementor-107\">\n\t\t\t\t\t\t\t\t\t<section class=\"elementor-section elementor-top-section elementor-element elementor-element-31037dfa elementor-section-boxed elementor-section-height-default elementor-section-height-default\" data-id=\"31037dfa\" data-element_type=\"section\">\n\t\t\t\t\t\t<div class=\"elementor-container elementor-column-gap-default\">\n\t\t\t\t\t<div class=\"elementor-column elementor-col-100 elementor-top-column elementor-element elementor-element-6f945507\" data-id=\"6f945507\" data-element_type=\"column\">\n\t\t\t<div class=\"elementor-widget-wrap elementor-element-populated\">\n\t\t\t\t\t\t\t\t<div class=\"elementor-element elementor-element-3f06bec elementor-widget elementor-widget-heading\" data-id=\"3f06bec\" data-element_type=\"widget\" data-widget_type=\"heading.default\">\n\t\t\t\t<div class=\"elementor-widget-container\">\n\t\t\t<style>\/*! elementor - v3.11.5 - 14-03-2023 *\/\n.elementor-heading-title{padding:0;margin:0;line-height:1}.elementor-widget-heading .elementor-heading-title[class*=elementor-size-]>a{color:inherit;font-size:inherit;line-height:inherit}.elementor-widget-heading .elementor-heading-title.elementor-size-small{font-size:15px}.elementor-widget-heading .elementor-heading-title.elementor-size-medium{font-size:19px}.elementor-widget-heading .elementor-heading-title.elementor-size-large{font-size:29px}.elementor-widget-heading .elementor-heading-title.elementor-size-xl{font-size:39px}.elementor-widget-heading .elementor-heading-title.elementor-size-xxl{font-size:59px}<\/style><h4 class=\"elementor-heading-title elementor-size-default\">T\u00e0i li\u1ec7u h\u1ecdc t\u1eadp<\/h4>\t\t<\/div>\n\t\t\t\t<\/div>\n\t\t\t\t<section class=\"elementor-section elementor-inner-section elementor-element elementor-element-f1a090f elementor-section-boxed elementor-section-height-default elementor-section-height-default\" data-id=\"f1a090f\" data-element_type=\"section\">\n\t\t\t\t\t\t<div class=\"elementor-container elementor-column-gap-default\">\n\t\t\t\t\t<div class=\"elementor-column elementor-col-50 elementor-inner-column elementor-element elementor-element-550d8c5\" data-id=\"550d8c5\" data-element_type=\"column\">\n\t\t\t<div class=\"elementor-widget-wrap elementor-element-populated\">\n\t\t\t\t\t\t\t\t<div class=\"elementor-element elementor-element-d2e3f4b elementor-widget elementor-widget-wpzoom-elementor-addons-image-box\" data-id=\"d2e3f4b\" data-element_type=\"widget\" data-widget_type=\"wpzoom-elementor-addons-image-box.default\">\n\t\t\t\t<div class=\"elementor-widget-container\">\n\t\t\t\t\t<div class=\"wpzoom-elementor-addons-image-box\">\n\t\t\t<h3>\n\t\t\t\t<a href=\"https:\/\/www.studocu.com\/vn\/document\/dai-hoc-ton-duc-thang\/chu-nghia-xa-hoi-khoa-hoc\/cau-hoi-trac-nghiem-mon-chu-nghia-xa-hoi-1\/24696401\" class=\"wpzoom-elementor-addons-image-box-link is-linked has-image\" style=\"background-image:url('https:\/\/itclass.tdtu.edu.vn\/ktpm2021tc01\/wp-content\/uploads\/sites\/2\/2023\/04\/tai-xuong-1.jpg');\"><span><strong><\/strong><\/span><\/a>\t\t\t<\/h3>\n\t\t<\/div><!-- \/\/.wpzoom-elementor-addons-image-box -->\n\t\t\t\t<\/div>\n\t\t\t\t<\/div>\n\t\t\t\t\t<\/div>\n\t\t<\/div>\n\t\t\t\t<div class=\"elementor-column elementor-col-50 elementor-inner-column elementor-element elementor-element-8d076a6\" data-id=\"8d076a6\" data-element_type=\"column\">\n\t\t\t<div class=\"elementor-widget-wrap elementor-element-populated\">\n\t\t\t\t\t\t\t\t<div class=\"elementor-element elementor-element-ebe013f elementor-widget elementor-widget-text-editor\" data-id=\"ebe013f\" data-element_type=\"widget\" data-widget_type=\"text-editor.default\">\n\t\t\t\t<div class=\"elementor-widget-container\">\n\t\t\t<style>\/*! elementor - v3.11.5 - 14-03-2023 *\/\n.elementor-widget-text-editor.elementor-drop-cap-view-stacked .elementor-drop-cap{background-color:#818a91;color:#fff}.elementor-widget-text-editor.elementor-drop-cap-view-framed .elementor-drop-cap{color:#818a91;border:3px solid;background-color:transparent}.elementor-widget-text-editor:not(.elementor-drop-cap-view-default) .elementor-drop-cap{margin-top:8px}.elementor-widget-text-editor:not(.elementor-drop-cap-view-default) .elementor-drop-cap-letter{width:1em;height:1em}.elementor-widget-text-editor .elementor-drop-cap{float:left;text-align:center;line-height:1;font-size:50px}.elementor-widget-text-editor .elementor-drop-cap-letter{display:inline-block}<\/style>\t\t\t\t<ul>\n<li><a href=\"https:\/\/www.studocu.com\/vn\/document\/dai-hoc-ton-duc-thang\/chu-nghia-xa-hoi-khoa-hoc\/cau-hoi-trac-nghiem-mon-chu-nghia-xa-hoi-1\/24696401\" target=\"_blank\" rel=\"noreferrer noopener\">Ch\u1ee7 ngh\u0129a x\u00e3 h\u1ed9i khoa h\u1ecdc<\/a><\/li>\n<li><a href=\"https:\/\/www.studocu.com\/vn\/document\/dai-hoc-ton-duc-thang\/chu-nghia-xa-hoi-khoa-hoc\/cau-hoi-trac-nghiem-mon-chu-nghia-xa-hoi-1\/24696401\">Tr\u1eafc nghi\u1ec7m<\/a><\/li>\n<\/ul>\t\t\t\t\t\t<\/div>\n\t\t\t\t<\/div>\n\t\t\t\t\t<\/div>\n\t\t<\/div>\n\t\t\t\t\t\t\t<\/div>\n\t\t<\/section>\n\t\t\t\t<section class=\"elementor-section elementor-inner-section elementor-element elementor-element-d63fc8f elementor-section-boxed elementor-section-height-default elementor-section-height-default\" data-id=\"d63fc8f\" data-element_type=\"section\">\n\t\t\t\t\t\t<div class=\"elementor-container elementor-column-gap-default\">\n\t\t\t\t\t<div class=\"elementor-column elementor-col-50 elementor-inner-column elementor-element elementor-element-875d01e\" data-id=\"875d01e\" data-element_type=\"column\">\n\t\t\t<div class=\"elementor-widget-wrap elementor-element-populated\">\n\t\t\t\t\t\t\t\t<div class=\"elementor-element elementor-element-8674209 elementor-widget elementor-widget-wpzoom-elementor-addons-image-box\" data-id=\"8674209\" data-element_type=\"widget\" data-widget_type=\"wpzoom-elementor-addons-image-box.default\">\n\t\t\t\t<div class=\"elementor-widget-container\">\n\t\t\t\t\t<div class=\"wpzoom-elementor-addons-image-box\">\n\t\t\t<h3>\n\t\t\t\t<a href=\"https:\/\/drive.google.com\/drive\/folders\/1QX4pQK4CjgYfadR0kOvrIcNlFI5OKFUd\" class=\"wpzoom-elementor-addons-image-box-link is-linked has-image\" style=\"background-image:url('https:\/\/itclass.tdtu.edu.vn\/ktpm2021tc01\/wp-content\/uploads\/sites\/2\/2023\/04\/tai-lieu-dien-tu-1.png');\"><span><strong><\/strong><\/span><\/a>\t\t\t<\/h3>\n\t\t<\/div><!-- \/\/.wpzoom-elementor-addons-image-box -->\n\t\t\t\t<\/div>\n\t\t\t\t<\/div>\n\t\t\t\t\t<\/div>\n\t\t<\/div>\n\t\t\t\t<div class=\"elementor-column elementor-col-50 elementor-inner-column elementor-element elementor-element-ac4ccb2\" data-id=\"ac4ccb2\" data-element_type=\"column\">\n\t\t\t<div class=\"elementor-widget-wrap elementor-element-populated\">\n\t\t\t\t\t\t\t\t<div class=\"elementor-element elementor-element-18acd72 elementor-widget elementor-widget-text-editor\" data-id=\"18acd72\" data-element_type=\"widget\" data-widget_type=\"text-editor.default\">\n\t\t\t\t<div class=\"elementor-widget-container\">\n\t\t\t\t\t\t\t<ul>\n<li><a href=\"https:\/\/drive.google.com\/drive\/folders\/1QX4pQK4CjgYfadR0kOvrIcNlFI5OKFUd\" target=\"_blank\" rel=\"noreferrer noopener\">T\u00e0i li\u1ec7u m\u1eabu b\u00e1o c\u00e1o<\/a><\/li>\n<li><a href=\"https:\/\/drive.google.com\/drive\/folders\/1QX4pQK4CjgYfadR0kOvrIcNlFI5OKFUd\">File<\/a><\/li>\n<\/ul>\t\t\t\t\t\t<\/div>\n\t\t\t\t<\/div>\n\t\t\t\t\t<\/div>\n\t\t<\/div>\n\t\t\t\t\t\t\t<\/div>\n\t\t<\/section>\n\t\t\t\t<section class=\"elementor-section elementor-inner-section elementor-element elementor-element-a26f35e elementor-section-boxed elementor-section-height-default elementor-section-height-default\" data-id=\"a26f35e\" data-element_type=\"section\">\n\t\t\t\t\t\t<div class=\"elementor-container elementor-column-gap-default\">\n\t\t\t\t\t<div class=\"elementor-column elementor-col-50 elementor-inner-column elementor-element elementor-element-e01d7bb\" data-id=\"e01d7bb\" data-element_type=\"column\">\n\t\t\t<div class=\"elementor-widget-wrap elementor-element-populated\">\n\t\t\t\t\t\t\t\t<div class=\"elementor-element elementor-element-7b7931f elementor-widget elementor-widget-wpzoom-elementor-addons-image-box\" data-id=\"7b7931f\" data-element_type=\"widget\" data-widget_type=\"wpzoom-elementor-addons-image-box.default\">\n\t\t\t\t<div class=\"elementor-widget-container\">\n\t\t\t\t\t<div class=\"wpzoom-elementor-addons-image-box\">\n\t\t\t<h3>\n\t\t\t\t<a href=\"https:\/\/drive.google.com\/drive\/folders\/1VWudf1obbuAfk_GZ5d_Cev1_H593tvD-?fbclid=IwAR3g-UbG8pyJdWyzCZhoXnS3dbBors6FiXVhr9KtkDpwyv-cFep2hq0TqXw\" class=\"wpzoom-elementor-addons-image-box-link is-linked has-image\" style=\"background-image:url('https:\/\/itclass.tdtu.edu.vn\/ktpm2021tc01\/wp-content\/uploads\/sites\/2\/2023\/04\/quan-ly-tai-lieu-1-1.jpg');\"><span><strong><\/strong><\/span><\/a>\t\t\t<\/h3>\n\t\t<\/div><!-- \/\/.wpzoom-elementor-addons-image-box -->\n\t\t\t\t<\/div>\n\t\t\t\t<\/div>\n\t\t\t\t\t<\/div>\n\t\t<\/div>\n\t\t\t\t<div class=\"elementor-column elementor-col-50 elementor-inner-column elementor-element elementor-element-a060bb5\" data-id=\"a060bb5\" data-element_type=\"column\">\n\t\t\t<div class=\"elementor-widget-wrap elementor-element-populated\">\n\t\t\t\t\t\t\t\t<div class=\"elementor-element elementor-element-eec9c81 elementor-widget elementor-widget-text-editor\" data-id=\"eec9c81\" data-element_type=\"widget\" data-widget_type=\"text-editor.default\">\n\t\t\t\t<div class=\"elementor-widget-container\">\n\t\t\t\t\t\t\t<ul style=\"margin-bottom: 0px;margin-left: 30px\">\n<li><a href=\"https:\/\/drive.google.com\/drive\/folders\/1VWudf1obbuAfk_GZ5d_Cev1_H593tvD-?fbclid=IwAR3g-UbG8pyJdWyzCZhoXnS3dbBors6FiXVhr9KtkDpwyv-cFep2hq0TqXw\" target=\"_blank\" rel=\"noreferrer noopener\">C\u00e1c m\u00f4n k\u0129 n\u0103ng<\/a><\/li>\n<li><a href=\"https:\/\/drive.google.com\/drive\/folders\/1VWudf1obbuAfk_GZ5d_Cev1_H593tvD-?fbclid=IwAR3g-UbG8pyJdWyzCZhoXnS3dbBors6FiXVhr9KtkDpwyv-cFep2hq0TqXw\">M\u1eabu<\/a><\/li>\n<\/ul>\t\t\t\t\t\t<\/div>\n\t\t\t\t<\/div>\n\t\t\t\t\t<\/div>\n\t\t<\/div>\n\t\t\t\t\t\t\t<\/div>\n\t\t<\/section>\n\t\t\t\t<section class=\"elementor-section elementor-inner-section elementor-element elementor-element-60ed069 elementor-section-boxed elementor-section-height-default elementor-section-height-default\" data-id=\"60ed069\" data-element_type=\"section\">\n\t\t\t\t\t\t<div class=\"elementor-container elementor-column-gap-default\">\n\t\t\t\t\t<div class=\"elementor-column elementor-col-50 elementor-inner-column elementor-element elementor-element-cbdaae8\" data-id=\"cbdaae8\" data-element_type=\"column\">\n\t\t\t<div class=\"elementor-widget-wrap elementor-element-populated\">\n\t\t\t\t\t\t\t\t<div class=\"elementor-element elementor-element-fa93d1e elementor-widget elementor-widget-wpzoom-elementor-addons-image-box\" data-id=\"fa93d1e\" data-element_type=\"widget\" data-widget_type=\"wpzoom-elementor-addons-image-box.default\">\n\t\t\t\t<div class=\"elementor-widget-container\">\n\t\t\t\t\t<div class=\"wpzoom-elementor-addons-image-box\">\n\t\t\t<h3>\n\t\t\t\t<a href=\"https:\/\/drive.google.com\/drive\/u\/0\/folders\/1A2810wFCQNkBfgJg5izFAz0T2L9M7NVI\" class=\"wpzoom-elementor-addons-image-box-link is-linked has-image\" style=\"background-image:url('https:\/\/itclass.tdtu.edu.vn\/ktpm2021tc01\/wp-content\/uploads\/sites\/2\/2023\/04\/Thumb_33_Scan_Tai_Lieu_Tren_May_Tinh__800x531.png');\"><span><strong><\/strong><\/span><\/a>\t\t\t<\/h3>\n\t\t<\/div><!-- \/\/.wpzoom-elementor-addons-image-box -->\n\t\t\t\t<\/div>\n\t\t\t\t<\/div>\n\t\t\t\t\t<\/div>\n\t\t<\/div>\n\t\t\t\t<div class=\"elementor-column elementor-col-50 elementor-inner-column elementor-element elementor-element-8a1dd91\" data-id=\"8a1dd91\" data-element_type=\"column\">\n\t\t\t<div class=\"elementor-widget-wrap elementor-element-populated\">\n\t\t\t\t\t\t\t\t<div class=\"elementor-element elementor-element-00923f5 elementor-widget elementor-widget-text-editor\" data-id=\"00923f5\" data-element_type=\"widget\" data-widget_type=\"text-editor.default\">\n\t\t\t\t<div class=\"elementor-widget-container\">\n\t\t\t\t\t\t\t<ul style=\"margin-bottom: 0px;margin-left: 30px\">\n<li><a style=\"color: #076c65\" href=\"https:\/\/drive.google.com\/drive\/u\/0\/folders\/1A2810wFCQNkBfgJg5izFAz0T2L9M7NVI\" target=\"_blank\" rel=\"noreferrer noopener\">Java<\/a><\/li>\n<li><a href=\"https:\/\/drive.google.com\/drive\/u\/0\/folders\/1A2810wFCQNkBfgJg5izFAz0T2L9M7NVI\">Video<\/a><\/li>\n<li><a href=\"https:\/\/drive.google.com\/drive\/u\/0\/folders\/1A2810wFCQNkBfgJg5izFAz0T2L9M7NVI\">T\u00e0i li\u1ec7u<\/a><\/li>\n<\/ul>\t\t\t\t\t\t<\/div>\n\t\t\t\t<\/div>\n\t\t\t\t\t<\/div>\n\t\t<\/div>\n\t\t\t\t\t\t\t<\/div>\n\t\t<\/section>\n\t\t\t\t<div class=\"elementor-element elementor-element-2ba78e21 elementor-widget elementor-widget-text-editor\" data-id=\"2ba78e21\" data-element_type=\"widget\" data-widget_type=\"text-editor.default\">\n\t\t\t\t<div class=\"elementor-widget-container\">\n\t\t\t\t\t\t\t<p><!-- wp:paragraph --><\/p>\n<div><strong>\u0110i\u1ec3m r\u00e8n luy\u1ec7n<\/strong><\/div>\n<p><!-- \/wp:paragraph --><!-- wp:paragraph --><\/p>\n<p><a href=\"https:\/\/www.facebook.com\/permalink.php?story_fbid=pfbid0VF59qKdyv58zJJ9SrTddwUcfcnQh8WbVCjEj4nh6Ff7wDsyVU3yUaV6LoLyPZRDyl&amp;id=100068582482551\" target=\"_blank\" rel=\"noreferrer noopener\">Ho\u1ea1t \u0111\u1ed9ng tr\u1ef1c tuy\u1ebfn &#8220;T\u00ecm hi\u1ec3u v\u1ec1 b\u1ea1o l\u1ef1c m\u1ea1ng v\u00e0 s\u1eed d\u1ee5ng m\u1ea1ng x\u00e3 h\u1ed9i an to\u00e0n&#8221;<\/a><\/p>\n<p><!-- \/wp:paragraph --><!-- wp:paragraph --><\/p>\n<p><a href=\"https:\/\/www.facebook.com\/permalink.php?story_fbid=pfbid02feEobS95sY9W3P4QsxBBvVPHNHkfdZV1zPg8iFGgghTTwfX6AY45qbovUWdsbgZel&amp;id=100068582482551\" target=\"_blank\" rel=\"noreferrer noopener\">Chuy\u00ean \u0111\u1ec1: &#8220;H\u1eccC T\u1eacP V\u00c0 L\u00c0M THEO T\u01af T\u01af\u1edeNG, \u0110\u1ea0O \u0110\u1ee8C, PHONG C\u00c1CH H\u1ed2 CH\u00cd MINH V\u1ec0 \u00dd CH\u00cd T\u1ef0 L\u1ef0C, T\u1ef0 C\u01af\u1edcNG V\u00c0 KH\u00c1T V\u1eccNG PH\u00c1T TRI\u1ec2N \u0110\u1ea4T N\u01af\u1edaC PH\u1ed2N VINH, H\u1ea0NH PH\u00daC&#8221;<\/a><\/p>\n<p><!-- \/wp:paragraph --><!-- wp:paragraph --><\/p>\n<p><a href=\"https:\/\/www.facebook.com\/permalink.php?story_fbid=pfbid023bC92xEJNvpowFb1cBrGxyvyvcTRRqo69uuFsrMtQxo2uRZXpQEGcwwktt1N2ydLl&amp;id=100068582482551\" target=\"_blank\" rel=\"noreferrer noopener\">Ho\u1ea1t \u0111\u1ed9ng tr\u1ef1c tuy\u1ebfn: &#8220;T\u00ccM HI\u1ec2U PH\u01af\u01a0NG PH\u00c1P H\u1eccC NGO\u1ea0I NG\u1eee C\u1ee6A B\u00c1C H\u1ed2 V\u00c0 TINH TH\u1ea6N T\u1ef0 H\u1eccC\u201d<\/a><\/p>\n<p><!-- \/wp:paragraph --><!-- wp:paragraph --><\/p>\n<p><a href=\"https:\/\/www.facebook.com\/fbaconnections\/posts\/pfbid0LZHYxR3dM3CDn489e7zS5bRdwH6tngmoSraiF996UnPEXv8FLgd8bgYWs2tDxjtvl\" target=\"_blank\" rel=\"noreferrer noopener\">\ud835\udc05\ud835\udc01\ud835\udc00 \ud835\udc04\ud835\udc15\ud835\udc04\ud835\udc0d\ud835\udc13 | \u0110O\u00c0N THANH NI\u00caN C\u1ed8NG S\u1ea2N H\u1ed2 CH\u00cd MINH V\u00c0 92 N\u0102M NH\u00ccN L\u1ea0I<\/a><\/p>\n<p><!-- \/wp:paragraph --><!-- wp:paragraph --><\/p>\n<p><img decoding=\"async\" loading=\"lazy\" src=\"https:\/\/static.xx.fbcdn.net\/images\/emoji.php\/v9\/t9b\/1.5\/16\/1f469_200d_1f3eb.png\" alt=\"\ud83d\udc69\u200d\ud83c\udfeb\" width=\"16\" height=\"16\" \/> HO\u1ea0T<a href=\"https:\/\/www.facebook.com\/permalink.php?story_fbid=pfbid0a98NWThncDdfW21aaGhSgRrdHn35zhg6T39LdR3aJ186FuWt8Zzzm28Cipuxx9rCl&amp;id=100068582482551\" target=\"_blank\" rel=\"noreferrer noopener\"> \u0110\u1ed8NG TR\u1ef0C TUY\u1ebeN \u201cT\u00ccM HI\u1ec2U LU\u1eacT THANH NI\u00caN\u201d <img decoding=\"async\" loading=\"lazy\" src=\"https:\/\/static.xx.fbcdn.net\/images\/emoji.php\/v9\/t9b\/1.5\/16\/2618.png\" alt=\"\u2618\ufe0f\" width=\"16\" height=\"16\" \/><\/a><\/p>\n<p><!-- \/wp:paragraph --><!-- wp:paragraph --><\/p>\n<p><a href=\"https:\/\/www.facebook.com\/it.tdtu.edu.vn\/posts\/pfbid08iuDTtBCPNPu5CEFB11PgmGC8KrwQMThByTJZjySpzqm33Gj9HDcw9yVLMxqYdKMl\" target=\"_blank\" rel=\"noreferrer noopener\">[HO\u1ea0T \u0110\u1ed8NG] H\u01af\u1edeNG \u1ee8NG GI\u1edc TR\u00c1I \u0110\u1ea4T 2023<\/a><\/p>\n<p><!-- \/wp:paragraph --><!-- wp:paragraph --><\/p>\n<p><img decoding=\"async\" loading=\"lazy\" src=\"https:\/\/static.xx.fbcdn.net\/images\/emoji.php\/v9\/tc3\/1.5\/16\/1f530.png\" alt=\"\ud83d\udd30\" width=\"16\" height=\"16\" \/> <a href=\"https:\/\/www.facebook.com\/khoaduoctdtu\/posts\/pfbid0j66T2mqv4NoZrpqX6Fq2sM23AWanGMFtvXKwHLV9tB1efTiSZtVogCDyPvoxd5GXl\" target=\"_blank\" rel=\"noreferrer noopener\">&#8220;T\u00ccM HI\u1ec2U LU\u1eacT PH\u00d2NG CH\u1ed0NG MA TU\u00dd&#8221;<\/a><\/p>\n<p><!-- \/wp:paragraph --><!-- wp:paragraph --><\/p>\n<p><a href=\"https:\/\/www.facebook.com\/it.tdtu.edu.vn\/posts\/pfbid0LcLug6BKLrkp4CQvMUCjUoBN5NW2s7cy3nNGpFN5n5knZx7cX8iBndhqwpNBym9wl\" target=\"_blank\" rel=\"noreferrer noopener\">[HO\u1ea0T \u0110\u1ed8NG CH\u00c0O M\u1eeaNG K\u1ef6 NI\u1ec6M 92 N\u0102M NG\u00c0Y TH\u00c0NH L\u1eacP \u0110O\u00c0N TNCS H\u1ed2 CH\u00cd MINH (26\/3\/1931 &#8211; 26\/3\/2023)]<\/a><\/p>\n<p><!-- \/wp:paragraph --><!-- wp:paragraph --><\/p>\n<p><img decoding=\"async\" loading=\"lazy\" src=\"https:\/\/static.xx.fbcdn.net\/images\/emoji.php\/v9\/t7b\/1.5\/16\/2728.png\" alt=\"\u2728\" width=\"16\" height=\"16\" \/> <a href=\"https:\/\/www.facebook.com\/permalink.php?story_fbid=pfbid0279bmyEKSqQ7wFqLQwf9JL2kd9Eq4jBRLQeC7sjaya8YkwTuQvagP2nypNF5kot4Fl&amp;id=100068582482551\" target=\"_blank\" rel=\"noreferrer noopener\">HO\u1ea0T \u0110\u1ed8NG CHUY\u00caN \u0110\u1ec0 \u201cB\u1ea2O V\u1ec6 N\u1ec0N T\u1ea2NG, T\u01af T\u01af\u1edeNG C\u1ee6A \u0110\u1ea2NG &#8211; \u0110\u1ea4U TRANH PH\u1ea2N B\u00c1C C\u00c1C QUAN \u0110I\u1ec2M SAI TR\u00c1I, TH\u00d9 \u0110\u1ecaCH TRONG T\u00ccNH H\u00ccNH M\u1edaI\u201d L\u1ea6N 1<\/a><img decoding=\"async\" loading=\"lazy\" src=\"https:\/\/static.xx.fbcdn.net\/images\/emoji.php\/v9\/t7b\/1.5\/16\/2728.png\" alt=\"\u2728\" width=\"16\" height=\"16\" \/><\/p>\n<p><!-- \/wp:paragraph --><!-- wp:post-title \/--><\/p>\t\t\t\t\t\t<\/div>\n\t\t\t\t<\/div>\n\t\t\t\t\t<\/div>\n\t\t<\/div>\n\t\t\t\t\t\t\t<\/div>\n\t\t<\/section>\n\t\t\t\t\t\t\t<\/div>\n\t\t","protected":false},"excerpt":{"rendered":"<p>T\u00e0i li\u1ec7u h\u1ecdc t\u1eadp Ch\u1ee7 ngh\u0129a x\u00e3 h\u1ed9i khoa h\u1ecdc Tr\u1eafc nghi\u1ec7m T\u00e0i li\u1ec7u m\u1eabu b\u00e1o c\u00e1o File C\u00e1c m\u00f4n k\u0129 n\u0103ng M\u1eabu Java Video T\u00e0i li\u1ec7u \u0110i\u1ec3m r\u00e8n luy\u1ec7n Ho\u1ea1t \u0111\u1ed9ng tr\u1ef1c tuy\u1ebfn &#8220;T\u00ecm hi\u1ec3u v\u1ec1 b\u1ea1o l\u1ef1c m\u1ea1ng v\u00e0 s\u1eed d\u1ee5ng m\u1ea1ng x\u00e3 h\u1ed9i an to\u00e0n&#8221; Chuy\u00ean \u0111\u1ec1: &#8220;H\u1eccC T\u1eacP V\u00c0 L\u00c0M THEO &hellip; <\/p>\n<p class=\"link-more\"><a href=\"https:\/\/itclass.tdtu.edu.vn\/ktpm2021tc01\/2023-04-23-bai-tap\/\" class=\"more-link\">Read more<span class=\"screen-reader-text\"> &#8220;G\u00f3c h\u1ecdc t\u1eadp&#8221;<\/span><\/a><\/p>\n","protected":false},"author":2,"featured_media":0,"parent":0,"menu_order":0,"comment_status":"open","ping_status":"closed","template":"","meta":{"content-type":""},"featured_image_urls":{"full":"","thumbnail":"","medium":"","medium_large":"","large":"","1536x1536":"","2048x2048":"","inspiro-featured-image":"","inspiro-loop":"","inspiro-loop@2x":""},"post_excerpt_stackable":"<p>T\u00e0i li\u1ec7u h\u1ecdc t\u1eadp Ch\u1ee7 ngh\u0129a x\u00e3 h\u1ed9i khoa h\u1ecdc Tr\u1eafc nghi\u1ec7m T\u00e0i li\u1ec7u m\u1eabu b\u00e1o c\u00e1o File C\u00e1c m\u00f4n k\u0129 n\u0103ng M\u1eabu Java Video T\u00e0i li\u1ec7u \u0110i\u1ec3m r\u00e8n luy\u1ec7n Ho\u1ea1t \u0111\u1ed9ng tr\u1ef1c tuy\u1ebfn &#8220;T\u00ecm hi\u1ec3u v\u1ec1 b\u1ea1o l\u1ef1c m\u1ea1ng v\u00e0 s\u1eed d\u1ee5ng m\u1ea1ng x\u00e3 h\u1ed9i an to\u00e0n&#8221; Chuy\u00ean \u0111\u1ec1: &#8220;H\u1eccC T\u1eacP V\u00c0 L\u00c0M THEO T\u01af T\u01af\u1edeNG, \u0110\u1ea0O \u0110\u1ee8C, PHONG C\u00c1CH H\u1ed2 CH\u00cd MINH V\u1ec0 \u00dd CH\u00cd T\u1ef0 L\u1ef0C, T\u1ef0 C\u01af\u1edcNG V\u00c0 KH\u00c1T V\u1eccNG PH\u00c1T TRI\u1ec2N \u0110\u1ea4T N\u01af\u1edaC PH\u1ed2N VINH, H\u1ea0NH PH\u00daC&#8221; Ho\u1ea1t \u0111\u1ed9ng tr\u1ef1c tuy\u1ebfn: &#8220;T\u00ccM HI\u1ec2U PH\u01af\u01a0NG PH\u00c1P H\u1eccC NGO\u1ea0I NG\u1eee C\u1ee6A B\u00c1C H\u1ed2 V\u00c0 TINH TH\u1ea6N T\u1ef0&hellip;<\/p>\n","category_list":"","author_info":{"name":"Ph\u00f9ng Th\u1ecb Th\u1ee7y Ti\u00ean","url":"https:\/\/itclass.tdtu.edu.vn\/ktpm2021tc01\/author\/ktpm2021tc01\/"},"comments_num":"3 comments","_links":{"self":[{"href":"https:\/\/itclass.tdtu.edu.vn\/ktpm2021tc01\/wp-json\/wp\/v2\/pages\/107"}],"collection":[{"href":"https:\/\/itclass.tdtu.edu.vn\/ktpm2021tc01\/wp-json\/wp\/v2\/pages"}],"about":[{"href":"https:\/\/itclass.tdtu.edu.vn\/ktpm2021tc01\/wp-json\/wp\/v2\/types\/page"}],"author":[{"embeddable":true,"href":"https:\/\/itclass.tdtu.edu.vn\/ktpm2021tc01\/wp-json\/wp\/v2\/users\/2"}],"replies":[{"embeddable":true,"href":"https:\/\/itclass.tdtu.edu.vn\/ktpm2021tc01\/wp-json\/wp\/v2\/comments?post=107"}],"version-history":[{"count":20,"href":"https:\/\/itclass.tdtu.edu.vn\/ktpm2021tc01\/wp-json\/wp\/v2\/pages\/107\/revisions"}],"predecessor-version":[{"id":338,"href":"https:\/\/itclass.tdtu.edu.vn\/ktpm2021tc01\/wp-json\/wp\/v2\/pages\/107\/revisions\/338"}],"wp:attachment":[{"href":"https:\/\/itclass.tdtu.edu.vn\/ktpm2021tc01\/wp-json\/wp\/v2\/media?parent=107"}],"curies":[{"name":"wp","href":"https:\/\/api.w.org\/{rel}","templated":true}]}}