{"id":18,"date":"2023-04-23T12:22:24","date_gmt":"2023-04-23T12:22:24","guid":{"rendered":"https:\/\/itclass.tdtu.edu.vn\/ktpm2021tc01\/questions\/"},"modified":"2023-04-24T00:48:02","modified_gmt":"2023-04-24T00:48:02","slug":"questions","status":"publish","type":"page","link":"https:\/\/itclass.tdtu.edu.vn\/ktpm2021tc01\/questions\/","title":{"rendered":"Th\u00f4ng b\u00e1o"},"content":{"rendered":"\t\t<div data-elementor-type=\"wp-page\" data-elementor-id=\"18\" class=\"elementor elementor-18\">\n\t\t\t\t\t\t\t\t\t<section class=\"elementor-section elementor-top-section elementor-element elementor-element-37452001 elementor-section-boxed elementor-section-height-default elementor-section-height-default\" data-id=\"37452001\" data-element_type=\"section\">\n\t\t\t\t\t\t<div class=\"elementor-container elementor-column-gap-default\">\n\t\t\t\t\t<div class=\"elementor-column elementor-col-100 elementor-top-column elementor-element elementor-element-5ee5f3ff\" data-id=\"5ee5f3ff\" data-element_type=\"column\">\n\t\t\t<div class=\"elementor-widget-wrap elementor-element-populated\">\n\t\t\t\t\t\t\t\t<div class=\"elementor-element elementor-element-c52d1a5 elementor-tabs-view-horizontal elementor-widget elementor-widget-tabs\" data-id=\"c52d1a5\" data-element_type=\"widget\" data-widget_type=\"tabs.default\">\n\t\t\t\t<div class=\"elementor-widget-container\">\n\t\t\t<style>\/*! elementor - v3.11.5 - 14-03-2023 *\/\n.elementor-widget-tabs.elementor-tabs-view-vertical .elementor-tabs-wrapper{width:25%;flex-shrink:0}.elementor-widget-tabs.elementor-tabs-view-vertical .elementor-tab-desktop-title.elementor-active{border-right-style:none}.elementor-widget-tabs.elementor-tabs-view-vertical .elementor-tab-desktop-title.elementor-active:after,.elementor-widget-tabs.elementor-tabs-view-vertical .elementor-tab-desktop-title.elementor-active:before{height:999em;width:0;right:0;border-right-style:solid}.elementor-widget-tabs.elementor-tabs-view-vertical .elementor-tab-desktop-title.elementor-active:before{top:0;transform:translateY(-100%)}.elementor-widget-tabs.elementor-tabs-view-vertical .elementor-tab-desktop-title.elementor-active:after{top:100%}.elementor-widget-tabs.elementor-tabs-view-horizontal .elementor-tab-desktop-title{display:table-cell}.elementor-widget-tabs.elementor-tabs-view-horizontal .elementor-tab-desktop-title.elementor-active{border-bottom-style:none}.elementor-widget-tabs.elementor-tabs-view-horizontal .elementor-tab-desktop-title.elementor-active:after,.elementor-widget-tabs.elementor-tabs-view-horizontal .elementor-tab-desktop-title.elementor-active:before{bottom:0;height:0;width:999em;border-bottom-style:solid}.elementor-widget-tabs.elementor-tabs-view-horizontal .elementor-tab-desktop-title.elementor-active:before{right:100%}.elementor-widget-tabs.elementor-tabs-view-horizontal .elementor-tab-desktop-title.elementor-active:after{left:100%}.elementor-widget-tabs .elementor-tab-content,.elementor-widget-tabs .elementor-tab-title,.elementor-widget-tabs .elementor-tab-title:after,.elementor-widget-tabs .elementor-tab-title:before,.elementor-widget-tabs .elementor-tabs-content-wrapper{border:1px #d4d4d4}.elementor-widget-tabs .elementor-tabs{text-align:left}.elementor-widget-tabs .elementor-tabs-wrapper{overflow:hidden}.elementor-widget-tabs .elementor-tab-title{cursor:pointer;outline:var(--focus-outline,none)}.elementor-widget-tabs .elementor-tab-desktop-title{position:relative;padding:20px 25px;font-weight:700;line-height:1;border:solid transparent}.elementor-widget-tabs .elementor-tab-desktop-title.elementor-active{border-color:#d4d4d4}.elementor-widget-tabs .elementor-tab-desktop-title.elementor-active:after,.elementor-widget-tabs .elementor-tab-desktop-title.elementor-active:before{display:block;content:\"\";position:absolute}.elementor-widget-tabs .elementor-tab-desktop-title:focus-visible{border:1px solid #000}.elementor-widget-tabs .elementor-tab-mobile-title{padding:10px;cursor:pointer}.elementor-widget-tabs .elementor-tab-content{padding:20px;display:none}@media (max-width:767px){.elementor-tabs .elementor-tab-content,.elementor-tabs .elementor-tab-title{border-style:solid solid none}.elementor-tabs .elementor-tabs-wrapper{display:none}.elementor-tabs .elementor-tabs-content-wrapper{border-bottom-style:solid}.elementor-tabs .elementor-tab-content{padding:10px}}@media (min-width:768px){.elementor-widget-tabs.elementor-tabs-view-vertical .elementor-tabs{display:flex}.elementor-widget-tabs.elementor-tabs-view-vertical .elementor-tabs-wrapper{flex-direction:column}.elementor-widget-tabs.elementor-tabs-view-vertical .elementor-tabs-content-wrapper{flex-grow:1;border-style:solid solid solid none}.elementor-widget-tabs.elementor-tabs-view-horizontal .elementor-tab-content{border-style:none solid solid}.elementor-widget-tabs.elementor-tabs-alignment-center .elementor-tabs-wrapper,.elementor-widget-tabs.elementor-tabs-alignment-end .elementor-tabs-wrapper,.elementor-widget-tabs.elementor-tabs-alignment-stretch .elementor-tabs-wrapper{display:flex}.elementor-widget-tabs.elementor-tabs-alignment-center .elementor-tabs-wrapper{justify-content:center}.elementor-widget-tabs.elementor-tabs-alignment-end .elementor-tabs-wrapper{justify-content:flex-end}.elementor-widget-tabs.elementor-tabs-alignment-stretch.elementor-tabs-view-horizontal .elementor-tab-title{width:100%}.elementor-widget-tabs.elementor-tabs-alignment-stretch.elementor-tabs-view-vertical .elementor-tab-title{height:100%}.elementor-tabs .elementor-tab-mobile-title{display:none}}<\/style>\t\t<div class=\"elementor-tabs\">\n\t\t\t<div class=\"elementor-tabs-wrapper\" role=\"tablist\" >\n\t\t\t\t\t\t\t\t\t<div id=\"elementor-tab-title-2061\" class=\"elementor-tab-title elementor-tab-desktop-title\" aria-selected=\"true\" data-tab=\"1\" role=\"tab\" tabindex=\"0\" aria-controls=\"elementor-tab-content-2061\" aria-expanded=\"false\">Th\u00f4ng b\u00e1o m\u1edbi<\/div>\n\t\t\t\t\t\t\t\t\t<div id=\"elementor-tab-title-2062\" class=\"elementor-tab-title elementor-tab-desktop-title\" aria-selected=\"false\" data-tab=\"2\" role=\"tab\" tabindex=\"-1\" aria-controls=\"elementor-tab-content-2062\" aria-expanded=\"false\">Th\u00f4ng b\u00e1o quan tr\u1ecdng<\/div>\n\t\t\t\t\t\t\t<\/div>\n\t\t\t<div class=\"elementor-tabs-content-wrapper\" role=\"tablist\" aria-orientation=\"vertical\">\n\t\t\t\t\t\t\t\t\t<div class=\"elementor-tab-title elementor-tab-mobile-title\" aria-selected=\"true\" data-tab=\"1\" role=\"tab\" tabindex=\"0\" aria-controls=\"elementor-tab-content-2061\" aria-expanded=\"false\">Th\u00f4ng b\u00e1o m\u1edbi<\/div>\n\t\t\t\t\t<div id=\"elementor-tab-content-2061\" class=\"elementor-tab-content elementor-clearfix\" data-tab=\"1\" role=\"tabpanel\" aria-labelledby=\"elementor-tab-title-2061\" tabindex=\"0\" hidden=\"false\"><ul><li style=\"list-style-type: none\"><ul><li><a href=\"https:\/\/studentnews.tdtu.edu.vn\/ThongBao\/Detail\/140535\" target=\"_blank\" rel=\"noreferrer noopener\">Th\u00f4ng b\u00e1o ch\u01b0\u01a1ng tr\u00ecnh &#8220;Reading day 2023&#8221;<\/a><\/li><\/ul><\/li><\/ul><ul><li style=\"list-style-type: none\"><ul><li><a href=\"https:\/\/studentnews.tdtu.edu.vn\/ThongBao\/Detail\/140533\" target=\"_blank\" rel=\"noreferrer noopener\">Danh s\u00e1ch thi cu\u1ed1i k\u1ef3 HK2\/2022-2023 m\u00f4n ti\u1ebfng Anh (C\u00e1c nh\u00f3m khai gi\u1ea3ng tu\u1ea7n 25) &#8211; thi ng\u00e0y 21\/04\/2023<\/a><\/li><\/ul><\/li><\/ul><ul><li style=\"list-style-type: none\"><ul><li>\u00a0<a href=\"https:\/\/studentnews.tdtu.edu.vn\/ThongBao\/Detail\/140457\" target=\"_blank\" rel=\"noreferrer noopener\">TH\u00d4NG B\u00c1O V\u1ec0 VI\u1ec6C N\u1ed8P H\u1ed2 S\u01a0 THAM GIA GI\u1ea2I TH\u01af\u1edeNG KHOA H\u1eccC V\u00c0 C\u00d4NG NGH\u1ec6 D\u00c0NH CHO SINH VI\u00caN<\/a><\/li><\/ul><\/li><\/ul><ul><li style=\"list-style-type: none\"><ul><li><a href=\"https:\/\/studentnews.tdtu.edu.vn\/ThongBao\/Detail\/140505\" target=\"_blank\" rel=\"noreferrer noopener\">KI\u1ec2M TRA GHI NH\u1eacN C\u00c1C HO\u1ea0T \u0110\u1ed8NG KHOA CNTT T\u1ed4 CH\u1ee8C<\/a><\/li><\/ul><\/li><\/ul><ul><li style=\"list-style-type: none\"><ul><li><a href=\"https:\/\/studentnews.tdtu.edu.vn\/ThongBao\/Detail\/140436\" target=\"_blank\" rel=\"noreferrer noopener\">N\u1ed8P H\u1ed2 S\u01a0 X\u00c9T H\u1eccC B\u1ed4NG NG\u00c0Y H\u1ed8I VI\u1ec6C L\u00c0M L\u1ea6N 1 N\u0102M 2023<\/a><\/li><\/ul><\/li><\/ul><ul><li style=\"list-style-type: none\"><ul><li><a href=\"https:\/\/studentnews.tdtu.edu.vn\/ThongBao\/Detail\/140378\" target=\"_blank\" rel=\"noreferrer noopener\">TH\u1ef0C HI\u1ec6N B\u00c0I KI\u1ec2M TRA N\u1ed8I QUY &#8211; QUY CH\u1ebe H\u1eccC K\u1ef2 2 &#8211; N\u0102M H\u1eccC 2022-2023<\/a><\/li><\/ul><\/li><\/ul><ul><li style=\"list-style-type: none\"><ul><li><a href=\"https:\/\/studentnews.tdtu.edu.vn\/ThongBao\/Detail\/140374\" target=\"_blank\" rel=\"noreferrer noopener\">TH\u1ef0C HI\u1ec6N KH\u1ea2O S\u00c1T V\u1ec0 CH\u1ea4T L\u01af\u1ee2NG GI\u1ea2NG D\u1ea0Y C\u00c1C M\u00d4N HK2\/22-23<\/a><\/li><\/ul><\/li><\/ul><\/div>\n\t\t\t\t\t\t\t\t\t<div class=\"elementor-tab-title elementor-tab-mobile-title\" aria-selected=\"false\" data-tab=\"2\" role=\"tab\" tabindex=\"-1\" aria-controls=\"elementor-tab-content-2062\" aria-expanded=\"false\">Th\u00f4ng b\u00e1o quan tr\u1ecdng<\/div>\n\t\t\t\t\t<div id=\"elementor-tab-content-2062\" class=\"elementor-tab-content elementor-clearfix\" data-tab=\"2\" role=\"tabpanel\" aria-labelledby=\"elementor-tab-title-2062\" tabindex=\"0\" hidden=\"hidden\"><ul><li style=\"list-style-type: none\"><ul><li><a href=\"https:\/\/studentnews.tdtu.edu.vn\/ThongBao\/Detail\/140236\" target=\"_blank\" rel=\"noreferrer noopener\">\u0110\u1eb6T C\u00c2U H\u1eceI CHO BU\u1ed4I \u0110\u1ed0I THO\u1ea0I SINH VI\u00caN L\u1ea6N 1 &#8211; H\u1eccC K\u1ef2 2\/2022-2023<\/a><\/li><\/ul><\/li><\/ul><ul><li style=\"list-style-type: none\"><ul><li><a href=\"https:\/\/studentnews.tdtu.edu.vn\/ThongBao\/Detail\/139914\" target=\"_blank\" rel=\"noreferrer noopener\">PH\u1ea2N H\u1ed2I \u0110I\u1ec2M DANH S\u1ef0 KI\u1ec6N TRI\u1ec2N L\u00c3M C\u00d4NG NGH\u1ec6 NG\u00c0Y 27\/12\/2022<\/a><\/li><\/ul><\/li><\/ul><ul><li style=\"list-style-type: none\"><ul><li><a href=\"https:\/\/studentnews.tdtu.edu.vn\/ThongBao\/Detail\/139797\" target=\"_blank\" rel=\"noreferrer noopener\">TH\u00d4NG B\u00c1O H\u1eccC TR\u1ef0C TUY\u1ebeN TU\u1ea6N 22 V\u00c0 25<\/a><\/li><\/ul><\/li><\/ul><ul><li style=\"list-style-type: none\"><ul><li><a href=\"https:\/\/studentnews.tdtu.edu.vn\/ThongBao\/Detail\/139763\" target=\"_blank\" rel=\"noreferrer noopener\">NH\u1eaeC NH\u1ede V\u1ec0 VI\u1ec6C TU\u00c2N TH\u1ee6 N\u1ed8I QUY &#8211; QUY \u0110\u1ecaNH NH\u00c0 TR\u01af\u1edcNG<\/a><\/li><\/ul><\/li><\/ul><ul><li style=\"list-style-type: none\"><ul><li><a href=\"https:\/\/studentnews.tdtu.edu.vn\/ThongBao\/Detail\/139759\" target=\"_blank\" rel=\"noreferrer noopener\">V\u1ec0 VI\u1ec6C R\u00c0 SO\u00c1T V\u00c0 \u0110\u0102NG K\u00dd K\u00ca KHAI DANH S\u00c1CH SINH VI\u00caN \u0110\u00c3 T\u1eeaNG PH\u1ee4C V\u1ee4 TRONG QU\u00c2N \u0110\u1ed8I NH\u00c2N D\u00c2N VI\u1ec6T NAM<\/a><\/li><\/ul><\/li><\/ul><ul><li style=\"list-style-type: none\"><ul><li><a href=\"https:\/\/studentnews.tdtu.edu.vn\/ThongBao\/Detail\/139724\" target=\"_blank\" rel=\"noreferrer noopener\">B\u00c0I KI\u1ec2M TRA N\u1ed8I QUY &#8211; QUY CH\u1ebe TDTU, H\u1eccC K\u1ef2 1 N\u0102M H\u1eccC 2022 &#8211; 2023<\/a><\/li><\/ul><\/li><\/ul><p>\u00a0<\/p><\/div>\n\t\t\t\t\t\t\t<\/div>\n\t\t<\/div>\n\t\t\t\t<\/div>\n\t\t\t\t<\/div>\n\t\t\t\t<div class=\"elementor-element elementor-element-e551ba4 elementor-widget elementor-widget-text-editor\" data-id=\"e551ba4\" data-element_type=\"widget\" data-widget_type=\"text-editor.default\">\n\t\t\t\t<div class=\"elementor-widget-container\">\n\t\t\t<style>\/*! elementor - v3.11.5 - 14-03-2023 *\/\n.elementor-widget-text-editor.elementor-drop-cap-view-stacked .elementor-drop-cap{background-color:#818a91;color:#fff}.elementor-widget-text-editor.elementor-drop-cap-view-framed .elementor-drop-cap{color:#818a91;border:3px solid;background-color:transparent}.elementor-widget-text-editor:not(.elementor-drop-cap-view-default) .elementor-drop-cap{margin-top:8px}.elementor-widget-text-editor:not(.elementor-drop-cap-view-default) .elementor-drop-cap-letter{width:1em;height:1em}.elementor-widget-text-editor .elementor-drop-cap{float:left;text-align:center;line-height:1;font-size:50px}.elementor-widget-text-editor .elementor-drop-cap-letter{display:inline-block}<\/style>\t\t\t\t<p><span style=\"font-size: 14pt\"><strong>C\u00e1ch vi\u1ebft mail v\u00e0 th\u00f4ng tin li\u00ean h\u1ec7 :<\/strong><\/span><\/p>\t\t\t\t\t\t<\/div>\n\t\t\t\t<\/div>\n\t\t\t\t<div class=\"elementor-element elementor-element-2042965 elementor-widget elementor-widget-wpzoom-elementor-addons-carousel\" data-id=\"2042965\" data-element_type=\"widget\" data-settings=\"{&quot;animation_speed&quot;:300,&quot;autoplay&quot;:&quot;yes&quot;,&quot;autoplay_speed&quot;:3000,&quot;loop&quot;:&quot;yes&quot;,&quot;navigation&quot;:&quot;arrow&quot;,&quot;slides_to_show&quot;:4,&quot;slides_to_show_tablet&quot;:3,&quot;slides_to_show_mobile&quot;:2}\" data-widget_type=\"wpzoom-elementor-addons-carousel.default\">\n\t\t\t\t<div class=\"elementor-widget-container\">\n\t\t\t<div class=\"wpzjs-slick wpz-slick wpz-slick--carousel\">\n\n\t\t\t\n\t\t\t\t<div class=\"wpz-slick-slide\">\n\t\t\t\t\t<div class=\"wpz-slick-item\">\n\t\t\t\t\t\t\t\t\t\t\t\t\t<img decoding=\"async\" class=\"wpz-slick-img\" src=\"https:\/\/itclass.tdtu.edu.vn\/ktpm2021tc01\/wp-content\/uploads\/sites\/2\/2023\/04\/Anh-chup-man-hinh-120-768x432.png\" alt=\"\">\n\t\t\t\t\t\t\n\t\t\t\t\t\t\t\t\t\t\t<\/div>\n\t\t\t\t<\/div>\n\n\t\t\t\n\t\t\t\t<div class=\"wpz-slick-slide\">\n\t\t\t\t\t<div class=\"wpz-slick-item\">\n\t\t\t\t\t\t\t\t\t\t\t\t\t<img decoding=\"async\" class=\"wpz-slick-img\" src=\"https:\/\/itclass.tdtu.edu.vn\/ktpm2021tc01\/wp-content\/uploads\/sites\/2\/2023\/04\/Anh-chup-man-hinh-124-768x432.png\" alt=\"\">\n\t\t\t\t\t\t\n\t\t\t\t\t\t\t\t\t\t\t<\/div>\n\t\t\t\t<\/div>\n\n\t\t\t\n\t\t\t\t<div class=\"wpz-slick-slide\">\n\t\t\t\t\t<div class=\"wpz-slick-item\">\n\t\t\t\t\t\t\t\t\t\t\t\t\t<img decoding=\"async\" class=\"wpz-slick-img\" src=\"https:\/\/itclass.tdtu.edu.vn\/ktpm2021tc01\/wp-content\/uploads\/sites\/2\/2023\/04\/Anh-chup-man-hinh-132-768x432.png\" alt=\"\">\n\t\t\t\t\t\t\n\t\t\t\t\t\t\t\t\t\t\t<\/div>\n\t\t\t\t<\/div>\n\n\t\t\t\n\t\t\t\t<div class=\"wpz-slick-slide\">\n\t\t\t\t\t<div class=\"wpz-slick-item\">\n\t\t\t\t\t\t\t\t\t\t\t\t\t<img decoding=\"async\" class=\"wpz-slick-img\" src=\"https:\/\/itclass.tdtu.edu.vn\/ktpm2021tc01\/wp-content\/uploads\/sites\/2\/2023\/04\/Anh-chup-man-hinh-134-768x432.png\" alt=\"\">\n\t\t\t\t\t\t\n\t\t\t\t\t\t\t\t\t\t\t<\/div>\n\t\t\t\t<\/div>\n\n\t\t\t\n\t\t<\/div>\n\n\t\t\t\t\t<button type=\"button\" class=\"slick-prev\"><i aria-hidden=\"true\" class=\"fas fa-chevron-left\"><\/i><\/button>\n\t\t\n\t\t\t\t\t<button type=\"button\" class=\"slick-next\"><i aria-hidden=\"true\" class=\"fas fa-chevron-right\"><\/i><\/button>\n\t\t\n\t\t\t\t<\/div>\n\t\t\t\t<\/div>\n\t\t\t\t\t<\/div>\n\t\t<\/div>\n\t\t\t\t\t\t\t<\/div>\n\t\t<\/section>\n\t\t\t\t\t\t\t<\/div>\n\t\t","protected":false},"excerpt":{"rendered":"<p>Th\u00f4ng b\u00e1o m\u1edbi Th\u00f4ng b\u00e1o quan tr\u1ecdng Th\u00f4ng b\u00e1o m\u1edbi Th\u00f4ng b\u00e1o ch\u01b0\u01a1ng tr\u00ecnh &#8220;Reading day 2023&#8221; Danh s\u00e1ch thi cu\u1ed1i k\u1ef3 HK2\/2022-2023 m\u00f4n ti\u1ebfng Anh (C\u00e1c nh\u00f3m khai gi\u1ea3ng tu\u1ea7n 25) &#8211; thi ng\u00e0y 21\/04\/2023 \u00a0TH\u00d4NG B\u00c1O V\u1ec0 VI\u1ec6C N\u1ed8P H\u1ed2 S\u01a0 THAM GIA GI\u1ea2I TH\u01af\u1edeNG KHOA H\u1eccC V\u00c0 C\u00d4NG NGH\u1ec6 D\u00c0NH CHO SINH &hellip; <\/p>\n<p class=\"link-more\"><a href=\"https:\/\/itclass.tdtu.edu.vn\/ktpm2021tc01\/questions\/\" class=\"more-link\">Read more<span class=\"screen-reader-text\"> &#8220;Th\u00f4ng b\u00e1o&#8221;<\/span><\/a><\/p>\n","protected":false},"author":2,"featured_media":0,"parent":0,"menu_order":0,"comment_status":"closed","ping_status":"closed","template":"","meta":{"content-type":""},"featured_image_urls":{"full":"","thumbnail":"","medium":"","medium_large":"","large":"","1536x1536":"","2048x2048":"","inspiro-featured-image":"","inspiro-loop":"","inspiro-loop@2x":""},"post_excerpt_stackable":"<p>Th\u00f4ng b\u00e1o m\u1edbi Th\u00f4ng b\u00e1o quan tr\u1ecdng Th\u00f4ng b\u00e1o m\u1edbi Th\u00f4ng b\u00e1o ch\u01b0\u01a1ng tr\u00ecnh &#8220;Reading day 2023&#8221;Danh s\u00e1ch thi cu\u1ed1i k\u1ef3 HK2\/2022-2023 m\u00f4n ti\u1ebfng Anh (C\u00e1c nh\u00f3m khai gi\u1ea3ng tu\u1ea7n 25) &#8211; thi ng\u00e0y 21\/04\/2023\u00a0TH\u00d4NG B\u00c1O V\u1ec0 VI\u1ec6C N\u1ed8P H\u1ed2 S\u01a0 THAM GIA GI\u1ea2I TH\u01af\u1edeNG KHOA H\u1eccC V\u00c0 C\u00d4NG NGH\u1ec6 D\u00c0NH CHO SINH VI\u00caNKI\u1ec2M TRA GHI NH\u1eacN C\u00c1C HO\u1ea0T \u0110\u1ed8NG KHOA CNTT T\u1ed4 CH\u1ee8CN\u1ed8P H\u1ed2 S\u01a0 X\u00c9T H\u1eccC B\u1ed4NG NG\u00c0Y H\u1ed8I VI\u1ec6C L\u00c0M L\u1ea6N 1 N\u0102M 2023TH\u1ef0C HI\u1ec6N B\u00c0I KI\u1ec2M TRA N\u1ed8I QUY &#8211; QUY CH\u1ebe H\u1eccC K\u1ef2 2 &#8211; N\u0102M H\u1eccC 2022-2023TH\u1ef0C HI\u1ec6N KH\u1ea2O S\u00c1T V\u1ec0 CH\u1ea4T L\u01af\u1ee2NG GI\u1ea2NG&hellip;<\/p>\n","category_list":"","author_info":{"name":"Ph\u00f9ng Th\u1ecb Th\u1ee7y Ti\u00ean","url":"https:\/\/itclass.tdtu.edu.vn\/ktpm2021tc01\/author\/ktpm2021tc01\/"},"comments_num":"0 comments","_links":{"self":[{"href":"https:\/\/itclass.tdtu.edu.vn\/ktpm2021tc01\/wp-json\/wp\/v2\/pages\/18"}],"collection":[{"href":"https:\/\/itclass.tdtu.edu.vn\/ktpm2021tc01\/wp-json\/wp\/v2\/pages"}],"about":[{"href":"https:\/\/itclass.tdtu.edu.vn\/ktpm2021tc01\/wp-json\/wp\/v2\/types\/page"}],"author":[{"embeddable":true,"href":"https:\/\/itclass.tdtu.edu.vn\/ktpm2021tc01\/wp-json\/wp\/v2\/users\/2"}],"replies":[{"embeddable":true,"href":"https:\/\/itclass.tdtu.edu.vn\/ktpm2021tc01\/wp-json\/wp\/v2\/comments?post=18"}],"version-history":[{"count":13,"href":"https:\/\/itclass.tdtu.edu.vn\/ktpm2021tc01\/wp-json\/wp\/v2\/pages\/18\/revisions"}],"predecessor-version":[{"id":275,"href":"https:\/\/itclass.tdtu.edu.vn\/ktpm2021tc01\/wp-json\/wp\/v2\/pages\/18\/revisions\/275"}],"wp:attachment":[{"href":"https:\/\/itclass.tdtu.edu.vn\/ktpm2021tc01\/wp-json\/wp\/v2\/media?parent=18"}],"curies":[{"name":"wp","href":"https:\/\/api.w.org\/{rel}","templated":true}]}}